
{"id":9031,"date":"2025-06-09T12:55:34","date_gmt":"2025-06-09T11:55:34","guid":{"rendered":"https:\/\/congobasinscience.net\/projets-affilies-a-la-cbsi\/affiliation-a-la-cbsi\/"},"modified":"2026-02-13T18:00:33","modified_gmt":"2026-02-13T18:00:33","slug":"affiliation-a-la-cbsi","status":"publish","type":"page","link":"https:\/\/congobasinscience.net\/fr\/projets\/affiliation-a-la-cbsi\/","title":{"rendered":"Affiliation au CBSI"},"content":{"rendered":"\n<p class=\"has-medium-font-size\"><\/p>\n\n<h3 class=\"wp-block-heading\">Pourquoi s&rsquo;affilier au CBSI ?<\/h3>\n\n<p>Votre projet ou programme de recherche peut s\u2019affilier au CBSI. Les avantages de l\u2019affiliation sont les suivants : <\/p>\n\n<ul class=\"wp-block-list\">\n<li>Participer \u00e0 un effort de recherche majeur sur le long terme visant \u00e0 comprendre l&rsquo;\u00e9volution du bassin du Congo.<\/li>\n\n\n\n<li>Coordonner vos recherches avec la communaut\u00e9 scientifique de la r\u00e9gion, notamment par l&rsquo;interm\u00e9diaire des observatoires.<\/li>\n\n\n\n<li>Tirer parti de notre r\u00e9seau pour atteindre les meilleur(e)s \u00e9tudiant(e)s de la r\u00e9gion.<\/li>\n\n\n\n<li>Int\u00e9grer vos activit\u00e9s de renforcement des capacit\u00e9s dans un plan de renforcement des capacit\u00e9s plus large.<\/li>\n\n\n\n<li>Participer aux conf\u00e9rences annuelles du CBSI pour vous tenir au courant des derni\u00e8res avanc\u00e9es scientifiques et mettre les r\u00e9sultats de vos recherches au service de la politique publique.<\/li>\n\n\n\n<li>Sortir des silos disciplinaires en entrant en contact avec des scientifiques issus de divers horizons.<\/li>\n<\/ul>\n<div class=\"gb-container gb-container-9540d030\">\n<div class=\"gb-container gb-container-729aa749\">\n<div class=\"gb-container gb-container-90f36c49\"><a class=\"gb-container-link\" href=\"https:\/\/congobasinscience.net\/projects\/\"><\/a>\n\n<p class=\"gb-headline gb-headline-7cd353c8 gb-headline-text\">16<\/p>\n\n\n\n<p class=\"gb-headline gb-headline-75994f68 gb-headline-text\">Le nombre d&rsquo;instituts de recherche de premier plan soutenus par des <a href=\"https:\/\/congobasinscience.net\/fr\/projets\/\">projets affili\u00e9s au CBSI<\/a> dans le bassin du Congo <\/p>\n\n<\/div>\n\n<div class=\"gb-container gb-container-9042ed9c\"><a class=\"gb-container-link\" href=\"https:\/\/congobasinscience.net\/projects\/\"><\/a>\n\n<p class=\"gb-headline gb-headline-c4e85c47 gb-headline-text\">20<\/p>\n\n\n\n<p class=\"gb-headline gb-headline-a54823cb gb-headline-text\">Le nombre de groupes de recherche de premier plan soutenus par des <a href=\"https:\/\/congobasinscience.net\/fr\/projets\/\">projets affili\u00e9s au CBSI<\/a> dans le bassin du Congo <\/p>\n\n<\/div>\n\n<div class=\"gb-container gb-container-866f82c3\"><a class=\"gb-container-link\" href=\"https:\/\/congobasinscience.net\/projects\/\"><\/a>\n\n<p class=\"gb-headline gb-headline-1b5c662f gb-headline-text\">45<\/p>\n\n\n\n<p class=\"gb-headline gb-headline-3bc3d1c5 gb-headline-text\">Le nombre de chercheur.e.s en d\u00e9but de carri\u00e8re soutenu.e.s par des projets <a href=\"https:\/\/congobasinscience.net\/fr\/projets\/\">affili\u00e9s au CBSI<\/a> dans toute la r\u00e9gion <\/p>\n\n<\/div>\n<\/div>\n<\/div>\n<p><\/p>\n\n<h3 class=\"wp-block-heading\">Comment s&rsquo;affilier au CBSI<\/h3>\n\n<p>Les projets et programmes de recherche et de renforcement des capacit\u00e9s peuvent s&rsquo;affilier au CBSI s&rsquo;ils r\u00e9pondent aux crit\u00e8res suivants :<\/p>\n\n<ul class=\"wp-block-list\">\n<li>Le projet est en coh\u00e9rence avec le <a href=\"https:\/\/congobasinscience.net\/fr\/bassin-du-congo\/plan-de-science-et-de-renforcement-des-capacites\/\">Plan de Science et de Renforcement des Capacit\u00e9s du CBSI<\/a>.<\/li>\n\n\n\n<li>Le projet comprend au moins certains \u00e9l\u00e9ments de recherche et de renforcement des capacit\u00e9s.<\/li>\n\n\n\n<li>Le projet est financ\u00e9 actuellement.<\/li>\n\n\n\n<li>Pour les projets financ\u00e9s par des sources ext\u00e9rieures aux pays du bassin du Congo1, il existe au moins un partenaire \u00e9quivalent dans un pays du bassin du Congo.<\/li>\n\n\n\n<li>La ou les institutions porteuse(s) du projet de recherche et de renforcement des capacit\u00e9s ont un statut \u00e0 but non lucratif.<\/li>\n\n\n\n<li>Les r\u00e9sultats du projet seront mis \u00e0 disposition conform\u00e9ment aux grands principes de la science ouverte, notamment la publication des donn\u00e9es (par exemple, au moment de la publication ou deux ans apr\u00e8s la fin du projet) et des manuscrits (il peut s&rsquo;agir d&rsquo;auto-archivage sur les sites web institutionnels ou sur ArXiv, ainsi que d&rsquo;articles en libre acc\u00e8s) et la fourniture de liens vers les ensembles de donn\u00e9es et les manuscrits \u00e0 inclure sur le site web de la CBSI.<\/li>\n\n\n\n<li>Le projet et ses participants contribuent d\u2019une mani\u00e8re ou d\u2019une autre au CBSI, par exemple en participant aux frais de fonctionnement de base du CBSI. Les participants doivent contribuer d\u2019une mani\u00e8re ou d\u2019une autre \u00e0 la r\u00e9alisation du <a href=\"https:\/\/congobasinscience.net\/fr\/bassin-du-congo\/plan-de-science-et-de-renforcement-des-capacites\/\">Plan de Science et de Renforcement des Capacit\u00e9s du CBSI<\/a>, par exemple en examinant les candidatures aux bourses du CBSI, en participant \u00e0 la conf\u00e9rence annuelle du CBSI; en contribuant au fonctionnement des observatoires, en aidant \u00e0 la demande de financements suppl\u00e9mentaires ou en dispensant des formations aux \u00e9tudiants du CBSI. <\/li>\n\n\n\n<li>Les membres du projet se conforment au <a href=\"https:\/\/congobasinscience.net\/fr\/projets\/code-de-conduite-de-la-cbsi\/\">Code de Conduite du CBSI<\/a>, notamment en mati\u00e8re d\u2019\u00e9thique de la recherche et de s\u00e9curit\u00e9 physique et psychologique des participants. <\/li>\n<\/ul>\n\n<p>Pour discuter de l\u2019affiliation de votre projet ou programme de recherche, veuillez envoyer un e-mail \u00e0 <a href=\"mailto:info@congobasinscience.net\">info@congobasinscience.net<\/a>. Si vous \u00eates chercheur(e) individuel(le), veuillez vous inscrire \u00e0 notre <a href=\"https:\/\/universityofleeds7.createsend.com\/h\/y\/2719703566FF6455\/preview\/638897516476150985\">liste de diffusion<\/a> pour vous tenir au courant des d\u00e9veloppements du CBSI.<\/p>\n\n<p>Nous organisons actuellement les six Observatoires du CBSI dans le cadre du Plan de Science et de Renforcement des Capacit\u00e9s du CBSI. Les six Observatoires disposeront de points focaux permettant aux scientifiques individuels de s\u2019engager dans le CBSI en fonction de leur sp\u00e9cialit\u00e9, notamment en coordonnant la collecte de donn\u00e9es existantes et futures, en participant \u00e9ventuellement \u00e0 l\u2019\u00e9laboration future de propositions de financement, en effectuant de nouvelles analyses de donn\u00e9es et en mettant en relation les \u00e9tudiant(e)s travaillant dans des domaines connexes. De plus amples informations seront disponibles dans les prochains mois.  <\/p>\n<div class=\"gb-container gb-container-88adf408 gbp-section\">\n<div class=\"gb-container gb-container-cabd0d18\">\n<div class=\"gb-container gb-container-8c055e68 gb-accordion\" data-accordion-multiple-open>\n\n<h2 class=\"gb-headline gb-headline-ac10c25e gb-headline-text\">Foire aux Questions<\/h2>\n\n\n<div class=\"gb-container gb-container-afbc8b56 gb-accordion__item\" data-transition=\"slide\">\n\n<button class=\"gb-button gb-button-a77d38e2 gb-accordion__toggle\" id=\"gb-accordion-toggle-a77d38e2\"><span class=\"gb-button-text\">Notre institution or notre centre de recherche peut-il s&rsquo;affiler au CBSI ? <\/span><span class=\"gb-icon\"><svg xmlns=\"http:\/\/www.w3.org\/2000\/svg\" viewbox=\"0 0 448 512\" width=\"1em\" height=\"1em\" role=\"img\" class=\"gb-accordion__icon\"><path d=\"M207.029 381.476L12.686 187.132c-9.373-9.373-9.373-24.569 0-33.941l22.667-22.667c9.357-9.357 24.522-9.375 33.901-.04L224 284.505l154.745-154.021c9.379-9.335 24.544-9.317 33.901.04l22.667 22.667c9.373 9.373 9.373 24.569 0 33.941L240.971 381.476c-9.373 9.372-24.569 9.372-33.942 0z\" fill=\"currentColor\"><\/path><\/svg><svg xmlns=\"http:\/\/www.w3.org\/2000\/svg\" viewbox=\"0 0 448 512\" width=\"1em\" height=\"1em\" role=\"img\" class=\"gb-accordion__icon-open\"><path d=\"M240.971 130.524l194.343 194.343c9.373 9.373 9.373 24.569 0 33.941l-22.667 22.667c-9.357 9.357-24.522 9.375-33.901.04L224 227.495 69.255 381.516c-9.379 9.335-24.544 9.317-33.901-.04l-22.667-22.667c-9.373-9.373-9.373-24.569 0-33.941L207.03 130.525c9.372-9.373 24.568-9.373 33.941-.001z\" fill=\"currentColor\"><\/path><\/svg><\/span><\/button>\n\n\n<div id=\"gb-accordion-content-4cbf070d\" class=\"gb-accordion__content\"><div class=\"gb-container gb-container-4cbf070d\">\n\n<p class=\"gb-headline gb-headline-f1e2b741 gb-headline-text\">Vu que le CBSI n&rsquo;a pas de statut institutionnel, nous ne pouvons pas prendre en compte des demandes d&rsquo;affiliation au CBSI provenant d&rsquo;institutions ou de centres de recherche.<\/p>\n\n<\/div><\/div>\n<\/div>\n\n<div class=\"gb-container gb-container-470c7ebf gb-accordion__item\" data-transition=\"slide\">\n\n<button class=\"gb-button gb-button-026920f6 gb-accordion__toggle\" id=\"gb-accordion-toggle-026920f6\"><span class=\"gb-button-text\">Les projets qui ont termin\u00e9s peuvent-ils faire une demande d&rsquo;affiliation ?<\/span><span class=\"gb-icon\"><svg xmlns=\"http:\/\/www.w3.org\/2000\/svg\" viewbox=\"0 0 448 512\" width=\"1em\" height=\"1em\" role=\"img\" class=\"gb-accordion__icon\"><path d=\"M207.029 381.476L12.686 187.132c-9.373-9.373-9.373-24.569 0-33.941l22.667-22.667c9.357-9.357 24.522-9.375 33.901-.04L224 284.505l154.745-154.021c9.379-9.335 24.544-9.317 33.901.04l22.667 22.667c9.373 9.373 9.373 24.569 0 33.941L240.971 381.476c-9.373 9.372-24.569 9.372-33.942 0z\" fill=\"currentColor\"><\/path><\/svg><svg xmlns=\"http:\/\/www.w3.org\/2000\/svg\" viewbox=\"0 0 448 512\" width=\"1em\" height=\"1em\" role=\"img\" class=\"gb-accordion__icon-open\"><path d=\"M240.971 130.524l194.343 194.343c9.373 9.373 9.373 24.569 0 33.941l-22.667 22.667c-9.357 9.357-24.522 9.375-33.901.04L224 227.495 69.255 381.516c-9.379 9.335-24.544 9.317-33.901-.04l-22.667-22.667c-9.373-9.373-9.373-24.569 0-33.941L207.03 130.525c9.372-9.373 24.568-9.373 33.941-.001z\" fill=\"currentColor\"><\/path><\/svg><\/span><\/button>\n\n\n<div id=\"gb-accordion-content-6dbb029f\" class=\"gb-accordion__content\"><div class=\"gb-container gb-container-6dbb029f\">\n\n<p class=\"gb-headline gb-headline-e16bd009 gb-headline-text\">Normalement nous ne prenons en compte que les demandes d&rsquo;affiliation de projets qui sont financ\u00e9s actuellement. <\/p>\n\n<\/div><\/div>\n<\/div>\n<\/div>\n<\/div>\n\n<div class=\"gb-container gb-container-6b0628d1 gbp-section__inner\">\n<div class=\"gb-container gb-container-8c01fd72\">\n\n<h3 class=\"gb-headline gb-headline-9c78e626 gb-headline-text gbp-section__headline\">D&rsquo;autres questions ?<\/h3>\n\n\n\n<div class=\"gb-headline gb-headline-4da2e099 gb-headline-text gbp-section__text text-balance\">Si vous ne trouvez pas la r\u00e9ponse \u00e0 votre question sur cette page, contactez le secr\u00e9tariat du CBSI et nous ferons tout notre possible pour y r\u00e9pondre.<\/div>\n\n\n\n<a class=\"gb-button gb-button-16a4e112 gb-button-text gbp-button--primary\" href=\"mailto:info@congobasinscience.net\" target=\"_blank\" rel=\"noopener noreferrer\">Contact<\/a>\n\n<\/div>\n<\/div>\n<\/div>\n<p><sup>1<\/sup> Les pays du bassin du Congo comprennent les pays dot\u00e9s de for\u00eats tropicales humides en Afrique centrale : la R\u00e9publique d\u00e9mocratique du Congo, le Gabon, la R\u00e9publique du Congo, le Cameroun, la R\u00e9publique centrafricaine et la Guin\u00e9e \u00e9quatoriale.<\/p>\n","protected":false},"excerpt":{"rendered":"<p>Pourquoi s&rsquo;affilier au CBSI ? Votre projet ou programme de recherche peut s\u2019affilier au CBSI. Les avantages de l\u2019affiliation sont les suivants : 16 Le nombre d&rsquo;instituts de recherche de premier plan soutenus par des projets affili\u00e9s au CBSI dans le bassin du Congo 20 Le nombre de groupes de recherche de premier plan soutenus par des projets affili\u00e9s au CBSI dans le bassin du Congo 45 Le nombre de chercheur.e.s en d\u00e9but de carri\u00e8re soutenu.e.s par des projets affili\u00e9s &#8230; <a title=\"Affiliation au CBSI\" class=\"read-more\" href=\"https:\/\/congobasinscience.net\/fr\/projets\/affiliation-a-la-cbsi\/\" aria-label=\"Read more about Affiliation au CBSI\">Lire plus<\/a><\/p>\n","protected":false},"author":1105,"featured_media":0,"parent":9000,"menu_order":3,"comment_status":"closed","ping_status":"closed","template":"","meta":{"_acf_changed":false,"inline_featured_image":false,"footnotes":""},"class_list":["post-9031","page","type-page","status-publish"],"acf":[],"yoast_head":"<title>Affiliation au CBSI | Initiative Science pour le Bassin du Congo<\/title>\n<meta name=\"robots\" content=\"index, follow, max-snippet:-1, max-image-preview:large, max-video-preview:-1\" \/>\n<link rel=\"canonical\" href=\"https:\/\/congobasinscience.net\/fr\/projets\/affiliation-a-la-cbsi\/\" \/>\n<meta property=\"og:locale\" content=\"fr_FR\" \/>\n<meta property=\"og:type\" content=\"article\" \/>\n<meta property=\"og:title\" content=\"Affiliation au CBSI | Initiative Science pour le Bassin du Congo\" \/>\n<meta property=\"og:description\" content=\"Pourquoi s&rsquo;affilier au CBSI ? Votre projet ou programme de recherche peut s\u2019affilier au CBSI. Les avantages de l\u2019affiliation sont les suivants : 16 Le nombre d&rsquo;instituts de recherche de premier plan soutenus par des projets affili\u00e9s au CBSI dans le bassin du Congo 20 Le nombre de groupes de recherche de premier plan soutenus par des projets affili\u00e9s au CBSI dans le bassin du Congo 45 Le nombre de chercheur.e.s en d\u00e9but de carri\u00e8re soutenu.e.s par des projets affili\u00e9s ... Lire plus\" \/>\n<meta property=\"og:url\" content=\"https:\/\/congobasinscience.net\/fr\/projets\/affiliation-a-la-cbsi\/\" \/>\n<meta property=\"og:site_name\" content=\"Initiative Science pour le Bassin du Congo\" \/>\n<meta property=\"article:modified_time\" content=\"2026-02-13T18:00:33+00:00\" \/>\n<meta name=\"twitter:card\" content=\"summary_large_image\" \/>\n<meta name=\"twitter:label1\" content=\"Dur\u00e9e de lecture estim\u00e9e\" \/>\n\t<meta name=\"twitter:data1\" content=\"3 minutes\" \/>\n<script type=\"application\/ld+json\" class=\"yoast-schema-graph\">{\"@context\":\"https:\\\/\\\/schema.org\",\"@graph\":[{\"@type\":\"WebPage\",\"@id\":\"https:\\\/\\\/congobasinscience.net\\\/fr\\\/projets\\\/affiliation-a-la-cbsi\\\/\",\"url\":\"https:\\\/\\\/congobasinscience.net\\\/fr\\\/projets\\\/affiliation-a-la-cbsi\\\/\",\"name\":\"Affiliation au CBSI | Initiative Science pour le Bassin du Congo\",\"isPartOf\":{\"@id\":\"https:\\\/\\\/congobasinscience.net\\\/fr\\\/#website\"},\"datePublished\":\"2025-06-09T11:55:34+00:00\",\"dateModified\":\"2026-02-13T18:00:33+00:00\",\"breadcrumb\":{\"@id\":\"https:\\\/\\\/congobasinscience.net\\\/fr\\\/projets\\\/affiliation-a-la-cbsi\\\/#breadcrumb\"},\"inLanguage\":\"fr-FR\",\"potentialAction\":[{\"@type\":\"ReadAction\",\"target\":[\"https:\\\/\\\/congobasinscience.net\\\/fr\\\/projets\\\/affiliation-a-la-cbsi\\\/\"]}]},{\"@type\":\"BreadcrumbList\",\"@id\":\"https:\\\/\\\/congobasinscience.net\\\/fr\\\/projets\\\/affiliation-a-la-cbsi\\\/#breadcrumb\",\"itemListElement\":[{\"@type\":\"ListItem\",\"position\":1,\"name\":\"Home\",\"item\":\"https:\\\/\\\/congobasinscience.net\\\/fr\\\/\"},{\"@type\":\"ListItem\",\"position\":2,\"name\":\"Projets affili\u00e9s \u00e0 la CBSI\",\"item\":\"https:\\\/\\\/congobasinscience.net\\\/fr\\\/projets\\\/\"},{\"@type\":\"ListItem\",\"position\":3,\"name\":\"Affiliation au CBSI\"}]},{\"@type\":\"WebSite\",\"@id\":\"https:\\\/\\\/congobasinscience.net\\\/fr\\\/#website\",\"url\":\"https:\\\/\\\/congobasinscience.net\\\/fr\\\/\",\"name\":\"Initiative Science pour le Bassin du Congo\",\"description\":\"\",\"publisher\":{\"@id\":\"https:\\\/\\\/congobasinscience.net\\\/fr\\\/#organization\"},\"alternateName\":\"CBSI\",\"potentialAction\":[{\"@type\":\"SearchAction\",\"target\":{\"@type\":\"EntryPoint\",\"urlTemplate\":\"https:\\\/\\\/congobasinscience.net\\\/fr\\\/?s={search_term_string}\"},\"query-input\":{\"@type\":\"PropertyValueSpecification\",\"valueRequired\":true,\"valueName\":\"search_term_string\"}}],\"inLanguage\":\"fr-FR\"},{\"@type\":\"Organization\",\"@id\":\"https:\\\/\\\/congobasinscience.net\\\/fr\\\/#organization\",\"name\":\"Initiative Science pour le Bassin du Congo\",\"alternateName\":\"CBSI\",\"url\":\"https:\\\/\\\/congobasinscience.net\\\/fr\\\/\",\"logo\":{\"@type\":\"ImageObject\",\"inLanguage\":\"fr-FR\",\"@id\":\"https:\\\/\\\/congobasinscience.net\\\/fr\\\/#\\\/schema\\\/logo\\\/image\\\/\",\"url\":\"https:\\\/\\\/congobasinscience.net\\\/wp-content\\\/uploads\\\/sites\\\/147\\\/2023\\\/10\\\/cbsi_logo_FR_white.svg\",\"contentUrl\":\"https:\\\/\\\/congobasinscience.net\\\/wp-content\\\/uploads\\\/sites\\\/147\\\/2023\\\/10\\\/cbsi_logo_FR_white.svg\",\"width\":574,\"height\":163,\"caption\":\"Initiative Science pour le Bassin du Congo\"},\"image\":{\"@id\":\"https:\\\/\\\/congobasinscience.net\\\/fr\\\/#\\\/schema\\\/logo\\\/image\\\/\"}}]}<\/script>","yoast_head_json":{"title":"Affiliation au CBSI | Initiative Science pour le Bassin du Congo","robots":{"index":"index","follow":"follow","max-snippet":"max-snippet:-1","max-image-preview":"max-image-preview:large","max-video-preview":"max-video-preview:-1"},"canonical":"https:\/\/congobasinscience.net\/fr\/projets\/affiliation-a-la-cbsi\/","og_locale":"fr_FR","og_type":"article","og_title":"Affiliation au CBSI | Initiative Science pour le Bassin du Congo","og_description":"Pourquoi s&rsquo;affilier au CBSI ? Votre projet ou programme de recherche peut s\u2019affilier au CBSI. Les avantages de l\u2019affiliation sont les suivants : 16 Le nombre d&rsquo;instituts de recherche de premier plan soutenus par des projets affili\u00e9s au CBSI dans le bassin du Congo 20 Le nombre de groupes de recherche de premier plan soutenus par des projets affili\u00e9s au CBSI dans le bassin du Congo 45 Le nombre de chercheur.e.s en d\u00e9but de carri\u00e8re soutenu.e.s par des projets affili\u00e9s ... Lire plus","og_url":"https:\/\/congobasinscience.net\/fr\/projets\/affiliation-a-la-cbsi\/","og_site_name":"Initiative Science pour le Bassin du Congo","article_modified_time":"2026-02-13T18:00:33+00:00","twitter_card":"summary_large_image","twitter_misc":{"Dur\u00e9e de lecture estim\u00e9e":"3 minutes"},"schema":{"@context":"https:\/\/schema.org","@graph":[{"@type":"WebPage","@id":"https:\/\/congobasinscience.net\/fr\/projets\/affiliation-a-la-cbsi\/","url":"https:\/\/congobasinscience.net\/fr\/projets\/affiliation-a-la-cbsi\/","name":"Affiliation au CBSI | Initiative Science pour le Bassin du Congo","isPartOf":{"@id":"https:\/\/congobasinscience.net\/fr\/#website"},"datePublished":"2025-06-09T11:55:34+00:00","dateModified":"2026-02-13T18:00:33+00:00","breadcrumb":{"@id":"https:\/\/congobasinscience.net\/fr\/projets\/affiliation-a-la-cbsi\/#breadcrumb"},"inLanguage":"fr-FR","potentialAction":[{"@type":"ReadAction","target":["https:\/\/congobasinscience.net\/fr\/projets\/affiliation-a-la-cbsi\/"]}]},{"@type":"BreadcrumbList","@id":"https:\/\/congobasinscience.net\/fr\/projets\/affiliation-a-la-cbsi\/#breadcrumb","itemListElement":[{"@type":"ListItem","position":1,"name":"Home","item":"https:\/\/congobasinscience.net\/fr\/"},{"@type":"ListItem","position":2,"name":"Projets affili\u00e9s \u00e0 la CBSI","item":"https:\/\/congobasinscience.net\/fr\/projets\/"},{"@type":"ListItem","position":3,"name":"Affiliation au CBSI"}]},{"@type":"WebSite","@id":"https:\/\/congobasinscience.net\/fr\/#website","url":"https:\/\/congobasinscience.net\/fr\/","name":"Initiative Science pour le Bassin du Congo","description":"","publisher":{"@id":"https:\/\/congobasinscience.net\/fr\/#organization"},"alternateName":"CBSI","potentialAction":[{"@type":"SearchAction","target":{"@type":"EntryPoint","urlTemplate":"https:\/\/congobasinscience.net\/fr\/?s={search_term_string}"},"query-input":{"@type":"PropertyValueSpecification","valueRequired":true,"valueName":"search_term_string"}}],"inLanguage":"fr-FR"},{"@type":"Organization","@id":"https:\/\/congobasinscience.net\/fr\/#organization","name":"Initiative Science pour le Bassin du Congo","alternateName":"CBSI","url":"https:\/\/congobasinscience.net\/fr\/","logo":{"@type":"ImageObject","inLanguage":"fr-FR","@id":"https:\/\/congobasinscience.net\/fr\/#\/schema\/logo\/image\/","url":"https:\/\/congobasinscience.net\/wp-content\/uploads\/sites\/147\/2023\/10\/cbsi_logo_FR_white.svg","contentUrl":"https:\/\/congobasinscience.net\/wp-content\/uploads\/sites\/147\/2023\/10\/cbsi_logo_FR_white.svg","width":574,"height":163,"caption":"Initiative Science pour le Bassin du Congo"},"image":{"@id":"https:\/\/congobasinscience.net\/fr\/#\/schema\/logo\/image\/"}}]}},"_links":{"self":[{"href":"https:\/\/congobasinscience.net\/fr\/wp-json\/wp\/v2\/pages\/9031","targetHints":{"allow":["GET"]}}],"collection":[{"href":"https:\/\/congobasinscience.net\/fr\/wp-json\/wp\/v2\/pages"}],"about":[{"href":"https:\/\/congobasinscience.net\/fr\/wp-json\/wp\/v2\/types\/page"}],"author":[{"embeddable":true,"href":"https:\/\/congobasinscience.net\/fr\/wp-json\/wp\/v2\/users\/1105"}],"replies":[{"embeddable":true,"href":"https:\/\/congobasinscience.net\/fr\/wp-json\/wp\/v2\/comments?post=9031"}],"version-history":[{"count":0,"href":"https:\/\/congobasinscience.net\/fr\/wp-json\/wp\/v2\/pages\/9031\/revisions"}],"up":[{"embeddable":true,"href":"https:\/\/congobasinscience.net\/fr\/wp-json\/wp\/v2\/pages\/9000"}],"wp:attachment":[{"href":"https:\/\/congobasinscience.net\/fr\/wp-json\/wp\/v2\/media?parent=9031"}],"curies":[{"name":"wp","href":"https:\/\/api.w.org\/{rel}","templated":true}]}}