
{"id":5346,"date":"2023-10-03T20:27:20","date_gmt":"2023-10-03T19:27:20","guid":{"rendered":"https:\/\/congobasinscience.net\/publications\/"},"modified":"2025-11-18T10:36:37","modified_gmt":"2025-11-18T10:36:37","slug":"publications","status":"publish","type":"page","link":"https:\/\/congobasinscience.net\/fr\/ressources\/publications\/","title":{"rendered":"Publications"},"content":{"rendered":"\n<h2 class=\"gb-headline gb-headline-e77bc50a gb-headline-text balance-text\">Vous trouvez ici d&rsquo;articles scientifiques importants sur le bassin du Congo qui pr\u00e9sentent les analyses r\u00e9alis\u00e9es et les \u00e9l\u00e9ments sur lesquels s&rsquo;appuiera le CBSI. La nature ne se pr\u00eatant pas \u00e0 une classification rigide, le contenu de chaque groupe \u00e9voluera au fil du temps. As nature does not fit neatly into categories, what is included in each grouping will evolve.<\/h2>\n\n<p class=\"has-base-3-color has-text-color\"><\/p>\n\n<p class=\"has-yellow-background-color has-background\">Veuillez <a href=\"https:\/\/congobasinscience.net\/fr\/a-propos\/contactez-nous\/\">nous contacter<\/a> pour ajouter des articles ici.<\/p>\n\n<h2 class=\"gb-headline gb-headline-97537292 gb-headline-text\">2025<\/h2>\n\n<p>Minette Nago, Bob Ward, Dany Pokem, and Kanta Kumari Rigaud (2025) &lsquo;<a href=\"https:\/\/www.lse.ac.uk\/granthaminstitute\/publication\/a-fair-deal-for-the-sustainable-development-of-the-congo-basin-countries-and-the-protection-of-the-rainforest\/\">A fair deal for the sustainable development of the Congo Basin countries and the protection of the rainforest<\/a>&lsquo;, London: Grantham Research Institute on Climate Change and the Environment, London School of Economics and Political Science.<\/p>\n\n<p>Panel Scientifique pour le Bassin du Congo (PSBC): <a href=\"https:\/\/congobasinscience.net\/wp-content\/uploads\/sites\/147\/2025\/11\/2025-congo-basin-executive-summary-en.pdf\" target=\"_blank\" rel=\"noreferrer noopener\">Rapport d\u2019\u00e9valuation 2025 sur le Bassin du Congo. R\u00e9silience et durabilit\u00e9 du bassin du Congo : du pass\u00e9 au futur. <\/a><\/p>\n\n<p>Benjamin M. Kitambo, Sly Wongchuig, Raphael M. Tshimanga, Adrien Paris, Alejandro Blazquez, Daniel Moreira, Frederic Frappart, Ayan Santos Fleischmann, Jean-Marie O. Kileshye, Mohammad J. Tourian, Fabrice Papa (2025) \u2018<a href=\"https:\/\/doi.org\/10.1016\/j.ejrh.2025.102810\">Hydrogeological control of groundwater variations in the Congo River basin revealed by Grace Water Storage Change Decomposition<\/a>\u2019, <em>Journal of Hydrology: Regional Studies<\/em>, 62, p. 102810. <a href=\"https:\/\/doi.org\/10.1016\/j.ejrh.2025.102810\">https:\/\/doi.org\/10.1016\/j.ejrh.2025.102810<\/a>.<\/p>\n\n<p>Sly Wongchuig, Fabrice Papa, Ayan Santos Fleischmann, Juan Pablo Sierra, Julien Boucharel, Jhan Carlo Espinoza, Benjamin Kitambo, R\u00f4mulo Juc\u00e1 Oliveira, Adrien Paris, Rodrigo Paiva, Pauline Casas &amp; Raphael Tshimanga (2025) &lsquo;<a href=\"https:\/\/doi.org\/10.1038\/s41612-025-01225-3\">Recent significant drying in central Congo Basin linked to weakened Walker circulation and warmer Atlantic<\/a>&lsquo;, <em>Nature News<\/em>. https:\/\/doi.org\/10.1038\/s41612-025-01225-3.\n <\/p>\n\n<h2 class=\"gb-headline gb-headline-63ae2ac6 gb-headline-text\">2024<\/h2>\n\n<p>Paul G\u00e9rard Gbetkom, Jean-Fran\u00e7ois Cr\u00e9taux, Sylvain Biancamaria, Alejandro Blazquez, Adrien Paris, Michel Tchilibou, Laetitia Gal, Benjamin Kitambo, R\u00f4mulo Augusto Juc\u00e1 Oliveira, Marielle Gosset (2024) &lsquo;<a href=\"https:\/\/doi.org\/10.1016\/j.rsase.2024.101182\">Lake Tanganyika basin water storage variations from 2003\u20132021 for water balance and flood monitoring<\/a>&lsquo;, <em>Remote Sensing Applications: Society and Environment (RSASE)<\/em>. <a href=\"https:\/\/doi.org\/10.1016\/j.rsase.2024.101182\" target=\"_blank\" rel=\"noreferrer noopener\">https:\/\/doi.org\/10.1016\/j.rsase.2024.101182<\/a>.<\/p>\n\n<h2 class=\"gb-headline gb-headline-7bd184f0 gb-headline-text\">2023<\/h2>\n\n<p>Benjamin M. Kitambo, Fabrice Papa, Adrien Paris, Raphael M. Tshimanga, Frederic Frappart, Stephane Calmant, Omid Elmi, Ayan Santos Fleischmann, Melanie Becker, Mohammad J. Tourian, R\u00f4mulo A. Juc\u00e1 Oliveira, and Sly Wongchuig (2023) &lsquo;<a href=\"https:\/\/doi.org\/10.5194\/essd-15-2957-2023\">A long-term monthly surface water storage dataset for the Congo basin from 1992 to 2015<\/a>&lsquo;, <em>Earth System Science Data<\/em>, Volume 15, issue 7, ESSD, 15, 2957\u20132982, 2023. https:\/\/doi.org\/10.5194\/essd-15-2957-2023.\n <\/p>\n\n<p>Mohammad J. Tourian, Fabrice Papa, Omid Elmi, Nico Sneeuw, Benjamin Kitambo, Raphael M. Tshimanga, Adrien Paris &amp; St\u00e9phane Calmant (2023) &lsquo;<a href=\"https:\/\/doi.org\/10.1038\/s43247-023-00836-z\">Current availability and distribution of Congo Basin\u2019s freshwater resources<\/a>&lsquo;, <em>Communications Earth &amp; Environment<\/em>, volume 4, Article number: 174 (2023). https:\/\/doi.org\/10.1038\/s43247-023-00836-z.<\/p>\n\n<p>Selena Georgiou, Edward T. A. Mitchard, Bart Crezee, Greta C. Dargie, Dylan M. Young, Antonio J. Jovani-Sancho, Benjamin Kitambo, Fabrice Papa, Yannick E. Bocko, Pierre Bola, Dafydd E. Crabtree, Ovide B. Emba, Corneille E. N. Ewango, Nicholas T. Girkin, Suspense A. Ifo, Joseph T. Kanyama, Yeto Emmanuel Wenina Mampouya, Mackline Mbemba, Jean-Bosco N. Ndjango, Paul. I. Palmer, Sofie Sj\u00f6gersten and Simon L. Lewis (2023) &lsquo;<a href=\"https:\/\/doi.org\/10.3390\/rs15123099\">Mapping Water Levels across a Region of the Cuvette Centrale Peatland Complex<\/a>&lsquo; <em>Remote Sens.<\/em> 2023, 15(12), 3099; https:\/\/doi.org\/10.3390\/rs15123099 <\/p>\n\n<h2 class=\"gb-headline gb-headline-2c671d5c gb-headline-text\">2022<\/h2>\n\n<p>Benjamin Kitambo, Fabrice Papa, Adrien Paris, Raphael M. Tshimanga, Stephane Calmant, Ayan Santos Fleischmann, Frederic Frappart, Melanie Becker, Mohammad J. Tourian, Catherine Prigent, and Johary Andriambeloson (2022) &lsquo;<a href=\"https:\/\/doi.org\/10.5194\/hess-26-1857-2022\">A combined use of in situ and satellite-derived observations to characterize surface hydrology and its variability in the Congo River basin<\/a>&lsquo;, <em>Hydrology and Earth System Sciences<\/em>, Volume 26, issue 7. https:\/\/doi.org\/10.5194\/hess-26-1857-2022.<\/p>\n\n<h2 class=\"gb-headline gb-headline-9384264b gb-headline-text\">2021<\/h2>\n\n<p>Lee J. T. White, Eve Bazaiba Masudi, Jules Doret Ndongo, Rosalie Matondo, Arlette Soudan-Nonault, Alfred Ngomanda, Ifo Suspense Averti, Corneille E. N. Ewango, Bonaventure Sonk\u00e9 &amp; Simon L. Lewis (2021) &lsquo;<a href=\"https:\/\/www.nature.com\/articles\/d41586-021-02818-7\">Congo Basin rainforest \u2014 invest US$150 million in science<\/a>&lsquo;, <em>Nature<\/em>, 598, 411-414. doi: https:\/\/doi.org\/10.1038\/d41586-021-02818-7.<\/p>\n","protected":false},"excerpt":{"rendered":"<p>Vous trouvez ici d&rsquo;articles scientifiques importants sur le bassin du Congo qui pr\u00e9sentent les analyses r\u00e9alis\u00e9es et les \u00e9l\u00e9ments sur lesquels s&rsquo;appuiera le CBSI. La nature ne se pr\u00eatant pas \u00e0 une classification rigide, le contenu de chaque groupe \u00e9voluera au fil du temps. As nature does not fit neatly into categories, what is included in each grouping will evolve. Veuillez nous contacter pour ajouter des articles ici. 2025 Minette Nago, Bob Ward, Dany Pokem, and Kanta Kumari Rigaud (2025) &#8230; <a title=\"Publications\" class=\"read-more\" href=\"https:\/\/congobasinscience.net\/fr\/ressources\/publications\/\" aria-label=\"Read more about Publications\">Lire plus<\/a><\/p>\n","protected":false},"author":1064,"featured_media":0,"parent":5347,"menu_order":1,"comment_status":"closed","ping_status":"closed","template":"","meta":{"_acf_changed":false,"inline_featured_image":false,"footnotes":""},"class_list":["post-5346","page","type-page","status-publish"],"acf":[],"yoast_head":"<title>Publications | Initiative Science pour le Bassin du Congo<\/title>\n<meta name=\"description\" content=\"Explorez les publications scientifiques relatives au bassin du Congo et restez inform\u00e9 des derni\u00e8res recherches.\" \/>\n<meta name=\"robots\" content=\"index, follow, max-snippet:-1, max-image-preview:large, max-video-preview:-1\" \/>\n<link rel=\"canonical\" href=\"https:\/\/congobasinscience.net\/fr\/ressources\/publications\/\" \/>\n<meta property=\"og:locale\" content=\"fr_FR\" \/>\n<meta property=\"og:type\" content=\"article\" \/>\n<meta property=\"og:title\" content=\"Publications | Initiative Science pour le Bassin du Congo\" \/>\n<meta property=\"og:description\" content=\"Explorez les publications scientifiques relatives au bassin du Congo et restez inform\u00e9 des derni\u00e8res recherches.\" \/>\n<meta property=\"og:url\" content=\"https:\/\/congobasinscience.net\/fr\/ressources\/publications\/\" \/>\n<meta property=\"og:site_name\" content=\"Initiative Science pour le Bassin du Congo\" \/>\n<meta property=\"article:modified_time\" content=\"2025-11-18T10:36:37+00:00\" \/>\n<meta name=\"twitter:card\" content=\"summary_large_image\" \/>\n<meta name=\"twitter:label1\" content=\"Dur\u00e9e de lecture estim\u00e9e\" \/>\n\t<meta name=\"twitter:data1\" content=\"3 minutes\" \/>\n<script type=\"application\/ld+json\" class=\"yoast-schema-graph\">{\"@context\":\"https:\\\/\\\/schema.org\",\"@graph\":[{\"@type\":\"WebPage\",\"@id\":\"https:\\\/\\\/congobasinscience.net\\\/fr\\\/ressources\\\/publications\\\/\",\"url\":\"https:\\\/\\\/congobasinscience.net\\\/fr\\\/ressources\\\/publications\\\/\",\"name\":\"Publications | Initiative Science pour le Bassin du Congo\",\"isPartOf\":{\"@id\":\"https:\\\/\\\/congobasinscience.net\\\/fr\\\/#website\"},\"datePublished\":\"2023-10-03T19:27:20+00:00\",\"dateModified\":\"2025-11-18T10:36:37+00:00\",\"description\":\"Explorez les publications scientifiques relatives au bassin du Congo et restez inform\u00e9 des derni\u00e8res recherches.\",\"breadcrumb\":{\"@id\":\"https:\\\/\\\/congobasinscience.net\\\/fr\\\/ressources\\\/publications\\\/#breadcrumb\"},\"inLanguage\":\"fr-FR\",\"potentialAction\":[{\"@type\":\"ReadAction\",\"target\":[\"https:\\\/\\\/congobasinscience.net\\\/fr\\\/ressources\\\/publications\\\/\"]}]},{\"@type\":\"BreadcrumbList\",\"@id\":\"https:\\\/\\\/congobasinscience.net\\\/fr\\\/ressources\\\/publications\\\/#breadcrumb\",\"itemListElement\":[{\"@type\":\"ListItem\",\"position\":1,\"name\":\"Home\",\"item\":\"https:\\\/\\\/congobasinscience.net\\\/fr\\\/\"},{\"@type\":\"ListItem\",\"position\":2,\"name\":\"Ressources\",\"item\":\"https:\\\/\\\/congobasinscience.net\\\/fr\\\/resources\\\/\"},{\"@type\":\"ListItem\",\"position\":3,\"name\":\"Publications\"}]},{\"@type\":\"WebSite\",\"@id\":\"https:\\\/\\\/congobasinscience.net\\\/fr\\\/#website\",\"url\":\"https:\\\/\\\/congobasinscience.net\\\/fr\\\/\",\"name\":\"Initiative Science pour le Bassin du Congo\",\"description\":\"\",\"publisher\":{\"@id\":\"https:\\\/\\\/congobasinscience.net\\\/fr\\\/#organization\"},\"alternateName\":\"CBSI\",\"potentialAction\":[{\"@type\":\"SearchAction\",\"target\":{\"@type\":\"EntryPoint\",\"urlTemplate\":\"https:\\\/\\\/congobasinscience.net\\\/fr\\\/?s={search_term_string}\"},\"query-input\":{\"@type\":\"PropertyValueSpecification\",\"valueRequired\":true,\"valueName\":\"search_term_string\"}}],\"inLanguage\":\"fr-FR\"},{\"@type\":\"Organization\",\"@id\":\"https:\\\/\\\/congobasinscience.net\\\/fr\\\/#organization\",\"name\":\"Initiative Science pour le Bassin du Congo\",\"alternateName\":\"CBSI\",\"url\":\"https:\\\/\\\/congobasinscience.net\\\/fr\\\/\",\"logo\":{\"@type\":\"ImageObject\",\"inLanguage\":\"fr-FR\",\"@id\":\"https:\\\/\\\/congobasinscience.net\\\/fr\\\/#\\\/schema\\\/logo\\\/image\\\/\",\"url\":\"https:\\\/\\\/congobasinscience.net\\\/wp-content\\\/uploads\\\/sites\\\/147\\\/2023\\\/10\\\/cbsi_logo_FR_white.svg\",\"contentUrl\":\"https:\\\/\\\/congobasinscience.net\\\/wp-content\\\/uploads\\\/sites\\\/147\\\/2023\\\/10\\\/cbsi_logo_FR_white.svg\",\"width\":574,\"height\":163,\"caption\":\"Initiative Science pour le Bassin du Congo\"},\"image\":{\"@id\":\"https:\\\/\\\/congobasinscience.net\\\/fr\\\/#\\\/schema\\\/logo\\\/image\\\/\"}}]}<\/script>","yoast_head_json":{"title":"Publications | Initiative Science pour le Bassin du Congo","description":"Explorez les publications scientifiques relatives au bassin du Congo et restez inform\u00e9 des derni\u00e8res recherches.","robots":{"index":"index","follow":"follow","max-snippet":"max-snippet:-1","max-image-preview":"max-image-preview:large","max-video-preview":"max-video-preview:-1"},"canonical":"https:\/\/congobasinscience.net\/fr\/ressources\/publications\/","og_locale":"fr_FR","og_type":"article","og_title":"Publications | Initiative Science pour le Bassin du Congo","og_description":"Explorez les publications scientifiques relatives au bassin du Congo et restez inform\u00e9 des derni\u00e8res recherches.","og_url":"https:\/\/congobasinscience.net\/fr\/ressources\/publications\/","og_site_name":"Initiative Science pour le Bassin du Congo","article_modified_time":"2025-11-18T10:36:37+00:00","twitter_card":"summary_large_image","twitter_misc":{"Dur\u00e9e de lecture estim\u00e9e":"3 minutes"},"schema":{"@context":"https:\/\/schema.org","@graph":[{"@type":"WebPage","@id":"https:\/\/congobasinscience.net\/fr\/ressources\/publications\/","url":"https:\/\/congobasinscience.net\/fr\/ressources\/publications\/","name":"Publications | Initiative Science pour le Bassin du Congo","isPartOf":{"@id":"https:\/\/congobasinscience.net\/fr\/#website"},"datePublished":"2023-10-03T19:27:20+00:00","dateModified":"2025-11-18T10:36:37+00:00","description":"Explorez les publications scientifiques relatives au bassin du Congo et restez inform\u00e9 des derni\u00e8res recherches.","breadcrumb":{"@id":"https:\/\/congobasinscience.net\/fr\/ressources\/publications\/#breadcrumb"},"inLanguage":"fr-FR","potentialAction":[{"@type":"ReadAction","target":["https:\/\/congobasinscience.net\/fr\/ressources\/publications\/"]}]},{"@type":"BreadcrumbList","@id":"https:\/\/congobasinscience.net\/fr\/ressources\/publications\/#breadcrumb","itemListElement":[{"@type":"ListItem","position":1,"name":"Home","item":"https:\/\/congobasinscience.net\/fr\/"},{"@type":"ListItem","position":2,"name":"Ressources","item":"https:\/\/congobasinscience.net\/fr\/resources\/"},{"@type":"ListItem","position":3,"name":"Publications"}]},{"@type":"WebSite","@id":"https:\/\/congobasinscience.net\/fr\/#website","url":"https:\/\/congobasinscience.net\/fr\/","name":"Initiative Science pour le Bassin du Congo","description":"","publisher":{"@id":"https:\/\/congobasinscience.net\/fr\/#organization"},"alternateName":"CBSI","potentialAction":[{"@type":"SearchAction","target":{"@type":"EntryPoint","urlTemplate":"https:\/\/congobasinscience.net\/fr\/?s={search_term_string}"},"query-input":{"@type":"PropertyValueSpecification","valueRequired":true,"valueName":"search_term_string"}}],"inLanguage":"fr-FR"},{"@type":"Organization","@id":"https:\/\/congobasinscience.net\/fr\/#organization","name":"Initiative Science pour le Bassin du Congo","alternateName":"CBSI","url":"https:\/\/congobasinscience.net\/fr\/","logo":{"@type":"ImageObject","inLanguage":"fr-FR","@id":"https:\/\/congobasinscience.net\/fr\/#\/schema\/logo\/image\/","url":"https:\/\/congobasinscience.net\/wp-content\/uploads\/sites\/147\/2023\/10\/cbsi_logo_FR_white.svg","contentUrl":"https:\/\/congobasinscience.net\/wp-content\/uploads\/sites\/147\/2023\/10\/cbsi_logo_FR_white.svg","width":574,"height":163,"caption":"Initiative Science pour le Bassin du Congo"},"image":{"@id":"https:\/\/congobasinscience.net\/fr\/#\/schema\/logo\/image\/"}}]}},"_links":{"self":[{"href":"https:\/\/congobasinscience.net\/fr\/wp-json\/wp\/v2\/pages\/5346","targetHints":{"allow":["GET"]}}],"collection":[{"href":"https:\/\/congobasinscience.net\/fr\/wp-json\/wp\/v2\/pages"}],"about":[{"href":"https:\/\/congobasinscience.net\/fr\/wp-json\/wp\/v2\/types\/page"}],"author":[{"embeddable":true,"href":"https:\/\/congobasinscience.net\/fr\/wp-json\/wp\/v2\/users\/1064"}],"replies":[{"embeddable":true,"href":"https:\/\/congobasinscience.net\/fr\/wp-json\/wp\/v2\/comments?post=5346"}],"version-history":[{"count":0,"href":"https:\/\/congobasinscience.net\/fr\/wp-json\/wp\/v2\/pages\/5346\/revisions"}],"up":[{"embeddable":true,"href":"https:\/\/congobasinscience.net\/fr\/wp-json\/wp\/v2\/pages\/5347"}],"wp:attachment":[{"href":"https:\/\/congobasinscience.net\/fr\/wp-json\/wp\/v2\/media?parent=5346"}],"curies":[{"name":"wp","href":"https:\/\/api.w.org\/{rel}","templated":true}]}}