
{"id":5345,"date":"2023-10-03T20:27:37","date_gmt":"2023-10-03T19:27:37","guid":{"rendered":"https:\/\/congobasinscience.net\/publications-de-presse\/"},"modified":"2026-01-20T10:09:43","modified_gmt":"2026-01-20T10:09:43","slug":"publications-de-presse","status":"publish","type":"page","link":"https:\/\/congobasinscience.net\/fr\/ressources\/publications-de-presse\/","title":{"rendered":"Presse"},"content":{"rendered":"\n<h2 class=\"gb-headline gb-headline-e77bc50a gb-headline-text balance-text\">Publications de presse sur l&rsquo;Initiative Science pour le Bassin du Congo.<\/h2>\n\n<p><\/p>\n<div class=\"gb-container gb-container-bc013330\">\n\n<h2 class=\"wp-block-heading has-text-align-left\">Premi\u00e8re conf\u00e9rence annuelle du CBSI 2026<\/h2>\n\n\n\n<ul class=\"wp-block-list\">\n<li><strong>Digital Congo TV:<\/strong><br\/><a href=\"https:\/\/www.youtube.com\/watch?v=w7cnPW9Ssug\">INFOS VERTES. 1e CONF\u00c9RENCE ANNUELLE DE CBSI \/ CONGO BRAZZA DU 16 JANV 2026 <\/a><\/li>\n\n\n\n<li><strong>VERS VERT TV:<\/strong><br\/><a href=\"https:\/\/www.youtube.com\/watch?v=AmlJ2LH9cx4\">FORMATION DES BOURSIERS DU CBSI<\/a><\/li>\n\n\n\n<li><strong>UNIVERS TV:<\/strong><br\/><a href=\"https:\/\/www.youtube.com\/watch?v=lBeNx1U3GQI\">OBJECTIF VERT | LE BASSIN DU CONGO AU COEUR D&rsquo;UNE CONFERENCE<\/a><\/li>\n\n\n\n<li><strong>T\u00e9l\u00e9 50:<\/strong><br\/><a href=\"https:\/\/www.youtube.com\/watch?v=ZTjokmcTlIU\">CONGO BASIN: BEYOND THE \u00ab\u00a0SCIENCE INITIATIVE\u00a0\u00bb<\/a><\/li>\n\n\n\n<li><strong>Verstvert infos:<\/strong><br\/><a href=\"https:\/\/www.youtube.com\/watch?v=jkssUVStOmM\">CONF\u00c9RENCE DU CBSI A BRAZZAVILLE<\/a><\/li>\n\n\n\n<li><strong>Verstvert infos:<\/strong><br\/><a href=\"https:\/\/www.youtube.com\/watch?v=CucMm6jZpDo\">CONF\u00c9RENCE CBSI A BRAZZAVILLE<\/a><\/li>\n\n\n\n<li><strong>Verstvert infos:<\/strong><br\/><a href=\"https:\/\/versvert-infos.com\/2026\/01\/08\/conference-de-cbsi-les-scientifiques-se-sont-atteles-sur-les-observatoires-de-linitiative\/\">Conf\u00e9rence de CBSI : les scientifiques se sont attel\u00e9s sur les observatoires de l\u2019Initiative<\/a><\/li>\n\n\n\n<li><strong>Verstvert infos:<\/strong><br\/><a href=\"https:\/\/versvert-infos.com\/2026\/01\/06\/conference-regionale-du-cbsi-la-delegation-congolaise-sejourne-deja-a-brazzaville-pour-discuter-sur-lavenir-du-bassin-du-congo\/\">Conf\u00e9rence r\u00e9gionale du CBSI : la d\u00e9l\u00e9gation congolaise s\u00e9journe d\u00e9j\u00e0 \u00e0 Brazzaville pour discuter sur l\u2019avenir du bassin du Congo<\/a><\/li>\n\n\n\n<li><strong>ACP &#8211; Agence Congolaise de Presse:<\/strong><br\/><a href=\"https:\/\/acp.cd\/science-sante-environnement\/brazzaville-lancement-de-la-conference-de-linitiative-science-pour-le-bassin-du-congo\/\">Brazzaville : lancement de la conf\u00e9rence de l\u2019initiative science pour le bassin du Congo<\/a><\/li>\n\n\n\n<li><strong>KILALO PRESS:<\/strong><br\/><a href=\"https:\/\/kilalopress.net\/actualites\/brazzaville-conference-scientifique-sur-le-bassin-du-congo\/\">Brazzaville : Conf\u00e9rence scientifique sur le bassin du Congo<\/a><\/li>\n<\/ul>\n\n\n\n<h2 class=\"wp-block-heading\">2025<\/h2>\n\n\n\n<ul class=\"wp-block-list\">\n<li><strong>The Guardian<\/strong><br\/><a href=\"https:\/\/www.theguardian.com\/environment\/2025\/nov\/18\/congo-basin-rainforest-africa-research-funding-aoe?utm_source\">The rainforest the world forgot: the Congo basin is the second largest on Earth, so why is it being neglected?<\/a><\/li>\n\n\n\n<li><strong>Versvert infos:<\/strong><br\/><a href=\"https:\/\/versvert-infos.com\/2025\/11\/14\/cop30-de-belem-linitiative-science-pour-le-bassin-du-congo-cbsi-en-exergue\/\">CoP30 de Bel\u00e9m : l\u2019initiative science pour le bassin du Congo (CBSI) en exergue<\/a><\/li>\n\n\n\n<li><strong>Enviro News (in French)<\/strong>:<br\/><a href=\"https:\/\/www.environews-rdc.org\/en\/articles\/2025\/11\/16\/belem-la-cbsi-devoile-sa-strategie-pour-relever-le-defi-de-la-recherche-scientifique-dans-le-bassin-du-congo\">La CBSI d\u00e9voile sa strat\u00e9gie pour relever le d\u00e9fi de la recherche scientifique dans le bassin du Congo<\/a><\/li>\n\n\n\n<li><strong>National Geographic :<\/strong><br\/><a href=\"https:\/\/www.nationalgeographic.fr\/environnement\/ecologie-afrique-congo-autre-poumon-vert-de-la-planete-preservation-ecosystemes\">Au Congo, l\u2019autre poumon vert de la plan\u00e8te<\/a><\/li>\n\n\n\n<li><strong>Le Monde (in French) <\/strong>: <br\/><a href=\"https:\/\/www.lemonde.fr\/afrique\/article\/2025\/02\/24\/les-tourbieres-africaines-gigantesques-puits-de-carbone-encore-largement-meconnus_6562032_3212.html\">Les tourbi\u00e8res en Afrique, gigantesques puits de carbone encore largement m\u00e9connus<\/a><\/li>\n<\/ul>\n\n\n\n<h2 class=\"wp-block-heading\">2024<\/h2>\n\n\n\n<ul class=\"wp-block-list\">\n<li><strong>Actualite.cd :<\/strong><br\/><a href=\"https:\/\/actualite.cd\/2024\/11\/12\/cop29-le-royaume-uni-alloue-117-millions-de-dollars-pour-soutenir-la-recherche\">COP29: Le Royaume-Uni alloue 11,7 millions de dollars pour soutenir la recherche scientifique dans le bassin du Congo<\/a> <\/li>\n\n\n\n<li><strong>gov.uk (en anglais) :<\/strong><br\/><a href=\"https:\/\/www.gov.uk\/government\/news\/uk-confirms-help-for-developing-countries-to-tackle-climate-change-and-build-greener-future\">UK confirms help for developing countries to tackle climate change and build a greener future<\/a><\/li>\n\n\n\n<li><strong>Le Monde :<\/strong><br\/><a href=\"https:\/\/www.lemonde.fr\/planete\/article\/2024\/11\/25\/les-scientifiques-appeles-au-chevet-des-forets-du-bassin-du-congo_6413952_3244.html#:~:text=Baptis%C3%A9%20The%20Large%2DScale%20Biosphere,nouvelle%20g%C3%A9n%C3%A9ration%20de%20scientifiques%20locaux.\">Les scientifiques appel\u00e9s au chevet des for\u00eats du bassin du Congo<\/a><\/li>\n\n\n\n<li><strong>Science (en anglais) :<\/strong><br\/><a href=\"https:\/\/www.science.org\/content\/article\/long-term-survival-congo-biodiversity-threatened-lack-local-scientists\">Congo calling &#8211; a dearth of local scientists is holding back research on the world&rsquo;s second largest rainforest<\/a><\/li>\n\n\n\n<li><strong>University of Leeds (en anglais) :<\/strong><br\/><a href=\"https:\/\/www.leeds.ac.uk\/main-index\/news\/article\/5692\/protecting-the-vulnerable-congo-basin\">Protecting the vulnerable Congo Basin<\/a><\/li>\n<\/ul>\n\n\n\n<hr class=\"wp-block-separator has-alpha-channel-opacity\" \/>\n\n\n\n<h2 class=\"wp-block-heading\">Lancement du CBSI en marge du sommet des trois bassins<\/h2>\n\n\n\n<ul class=\"wp-block-list\">\n<li><strong>Africa Times (en anglais) :<\/strong> <br\/><a href=\"https:\/\/africatimes.com\/2023\/10\/26\/brazzaville-summit-hosts-kickoff-of-congo-basin-science-initiative\/\">Brazzaville summit hosts kickoff of Congo Basin Science Initiative <\/a> <\/li>\n\n\n\n<li><strong>Carbon Brief (en anglais) :<\/strong><br\/><a href=\"https:\/\/www.carbonbrief.org\/qa-what-the-underwhelming-three-basins-summit-means-for-tropical-forests\/\">What the &lsquo;underwhelming&rsquo; Three Basins Summit means for tropical forests<\/a> <\/li>\n\n\n\n<li><strong>ClimateWire (en anglais) :<\/strong><br\/><a href=\"https:\/\/subscriber.politicopro.com\/article\/eenews\/2023\/10\/27\/science-initiative-aims-to-investigate-carbon-rich-congo-basin-00123844\">Scientists ramp up study of carbon storage in Congo Basin<\/a> <\/li>\n\n\n\n<li><strong>The East African (en anglais) :<\/strong><br\/><a href=\"https:\/\/www.theeastafrican.co.ke\/tea\/science-health\/scientists-seek-200m-for-congo-basin-research-4422640\">Scientists seek $200m for Congo Basin research, training of locals<\/a><\/li>\n\n\n\n<li><strong>Eurasiareview (en anglais)<\/strong>:<br\/><a href=\"https:\/\/www.eurasiareview.com\/29102023-scientists-call-for-a-major-investigation-into-congo-basin\/\">Scientists call for a major investigation into Congo Basin<\/a><\/li>\n\n\n\n<li><strong>University of Leeds (en anglais) :<\/strong><br\/><a href=\"https:\/\/environment.leeds.ac.uk\/faculty\/news\/article\/5720\/scientists-call-for-a-major-investigation-into-congo-basin\">Scientists call for a major investigation into Congo Basin<\/a> <\/li>\n<\/ul>\n\n\n\n<hr class=\"wp-block-separator has-alpha-channel-opacity\" \/>\n\n\n\n<h2 class=\"wp-block-heading\">R\u00e9union scientifique de Libreville sur le bassin du Congo<\/h2>\n\n\n\n<ul class=\"wp-block-list\">\n<li><strong>Agence France Presse (en anglais) : <\/strong><br\/><a href=\"https:\/\/www.france24.com\/en\/live-news\/20230301-gabon-summit-promotes-worth-of-tropical-rainforests\">Gabon summit promotes worth of tropical rainforests<\/a><\/li>\n\n\n\n<li><strong>Agence France Presse (in Spanish): <\/strong><br\/><a href=\"https:\/\/www.france24.com\/es\/minuto-a-minuto\/20230301-se-inicia-la-cumbre-sobre-protecci%C3%B3n-de-los-bosques-tropicales-en-gab%C3%B3n\">Se inicia la cumbre de Gab\u00f3n sobre protecci\u00f3n de bosques tropicales<\/a> <\/li>\n\n\n\n<li><strong>AllAfrica (en anglais) : <\/strong><br\/><a href=\"https:\/\/allafrica.com\/stories\/202303010595.html\">Africa: Experts Call For Congo Basin Climate Science Initiative Ahead of One Forest Summit #AfricaClimateHope<\/a> <\/li>\n\n\n\n<li><strong>Carbon Pulse (en anglais) :<\/strong> <br\/><a href=\"https:\/\/carbon-pulse.com\/193220\/\">Researchers tout plans for Congo Basin to rival Amazon in scientific research<\/a><\/li>\n\n\n\n<li><strong>EFE Verde (en espagnol) :<\/strong> <br\/><a href=\"https:\/\/efeverde.com\/bosques-tropicales-cuenca-congo\/\">Buscan un plan de conservaci\u00f3n para los bosques tropicales de la cuenca del Congo<\/a><\/li>\n\n\n\n<li><strong>Gabon 24 (en anglais) :<\/strong><br\/><a href=\"https:\/\/www.youtube.com\/watch?app=desktop&amp;v=KsugdTuqM2E\">Gabon 24 interview &#8211; science meeting &#8211; Prof Simon Lewis<\/a><\/li>\n\n\n\n<li><strong>Gabon 24 (en fran\u00e7ais) :<\/strong><br\/><a href=\"https:\/\/www.youtube.com\/watch?v=4nBjhvDrQmM\">L&rsquo;interview de Gabon 24 &#8211; r\u00e9union scientifique &#8211; Pr Raphael Tshimanga<\/a><br\/><a href=\"https:\/\/www.youtube.com\/watch?v=pBmAb1TKsA0\">L&rsquo;interview de Gabon 24 &#8211; r\u00e9union scientifique &#8211; Dr Jean-Jacques Braun<\/a><br\/><a href=\"https:\/\/www.youtube.com\/watch?v=hfzjTtLxjJw\">L&rsquo;interview Gabon 24 &#8211; r\u00e9union scientifique &#8211; Dr Nicolas Barbier<\/a> <\/li>\n\n\n\n<li><strong>Quantum Commodity Intelligence (en anglais) :<\/strong> <br\/><a href=\"https:\/\/www.qcintel.com\/carbon\/article\/congo-basin-forests-need-more-investments-urge-scientists-12005.html\">Congo Basin forests need more investments, urge scientists<\/a> <\/li>\n\n\n\n<li><strong>Radio France International (en anglais) : <\/strong><br\/><a href=\"https:\/\/www.rfi.fr\/en\/africa\/20230301-bongo-and-macron-host-gabon-one-forest-summit-to-promote-and-protect-tropical-forests\">Bongo, Macron host Gabon summit to protect and promote tropical forests<\/a> <\/li>\n\n\n\n<li><strong>Radio France International (en portugais) : <\/strong><br\/><a href=\"https:\/\/www.rfi.fr\/br\/mundo\/20230301-em-c%C3%BApula-no-gab%C3%A3o-pa%C3%ADses-africanos-pressionam-por-dinheiro-para-conservar-o-outro-pulm%C3%A3o-do-mundo\">Em c\u00fapula no Gab\u00e3o, pa\u00edses africanos pressionam por dinheiro para conservar o \u00ab\u00a0outro pulm\u00e3o do mundo\u00a0\u00bb<\/a> <\/li>\n\n\n\n<li><strong>RiffReporter (en allemand) : <\/strong><br\/><a href=\"https:\/\/www.riffreporter.de\/de\/artikel\/regenwald-kongo-biodiversitaet-schutz-klima-wissenschaft-forschung-bayak\">Wissenschaftler starten internationale Kraftanstrengung zur Erforschung des Kongo-Regenwalds<\/a> <\/li>\n<\/ul>\n\n<\/div>","protected":false},"excerpt":{"rendered":"<p>Publications de presse sur l&rsquo;Initiative Science pour le Bassin du Congo. Premi\u00e8re conf\u00e9rence annuelle du CBSI 2026 2025 2024 Lancement du CBSI en marge du sommet des trois bassins R\u00e9union scientifique de Libreville sur le bassin du Congo<\/p>\n","protected":false},"author":1064,"featured_media":4852,"parent":5347,"menu_order":3,"comment_status":"closed","ping_status":"closed","template":"","meta":{"_acf_changed":false,"inline_featured_image":false,"footnotes":""},"class_list":["post-5345","page","type-page","status-publish","has-post-thumbnail"],"acf":[],"yoast_head":"<title>Presse | Initiative Science pour le Bassin du Congo<\/title>\n<meta name=\"description\" content=\"Restez inform\u00e9 de la presse sur la recherche foresti\u00e8re en zone tropicale, les initiatives en mati\u00e8re de science du climat, la conservation des for\u00eats et les sommets internationaux dans le bassin du Congo.\" \/>\n<meta name=\"robots\" content=\"index, follow, max-snippet:-1, max-image-preview:large, max-video-preview:-1\" \/>\n<link rel=\"canonical\" href=\"https:\/\/congobasinscience.net\/fr\/ressources\/publications-de-presse\/\" \/>\n<meta property=\"og:locale\" content=\"fr_FR\" \/>\n<meta property=\"og:type\" content=\"article\" \/>\n<meta property=\"og:title\" content=\"Presse | Initiative Science pour le Bassin du Congo\" \/>\n<meta property=\"og:description\" content=\"Restez inform\u00e9 de la presse sur la recherche foresti\u00e8re en zone tropicale, les initiatives en mati\u00e8re de science du climat, la conservation des for\u00eats et les sommets internationaux dans le bassin du Congo.\" \/>\n<meta property=\"og:url\" content=\"https:\/\/congobasinscience.net\/fr\/ressources\/publications-de-presse\/\" \/>\n<meta property=\"og:site_name\" content=\"Initiative Science pour le Bassin du Congo\" \/>\n<meta property=\"article:modified_time\" content=\"2026-01-20T10:09:43+00:00\" \/>\n<meta property=\"og:image\" content=\"https:\/\/congobasinscience.net\/wp-content\/uploads\/sites\/147\/2023\/10\/CBSI-4.jpg\" \/>\n\t<meta property=\"og:image:width\" content=\"1920\" \/>\n\t<meta property=\"og:image:height\" content=\"1281\" \/>\n\t<meta property=\"og:image:type\" content=\"image\/jpeg\" \/>\n<meta name=\"twitter:card\" content=\"summary_large_image\" \/>\n<meta name=\"twitter:label1\" content=\"Dur\u00e9e de lecture estim\u00e9e\" \/>\n\t<meta name=\"twitter:data1\" content=\"3 minutes\" \/>\n<script type=\"application\/ld+json\" class=\"yoast-schema-graph\">{\"@context\":\"https:\\\/\\\/schema.org\",\"@graph\":[{\"@type\":\"WebPage\",\"@id\":\"https:\\\/\\\/congobasinscience.net\\\/fr\\\/ressources\\\/publications-de-presse\\\/\",\"url\":\"https:\\\/\\\/congobasinscience.net\\\/fr\\\/ressources\\\/publications-de-presse\\\/\",\"name\":\"Presse | Initiative Science pour le Bassin du Congo\",\"isPartOf\":{\"@id\":\"https:\\\/\\\/congobasinscience.net\\\/fr\\\/#website\"},\"primaryImageOfPage\":{\"@id\":\"https:\\\/\\\/congobasinscience.net\\\/fr\\\/ressources\\\/publications-de-presse\\\/#primaryimage\"},\"image\":{\"@id\":\"https:\\\/\\\/congobasinscience.net\\\/fr\\\/ressources\\\/publications-de-presse\\\/#primaryimage\"},\"thumbnailUrl\":\"https:\\\/\\\/congobasinscience.net\\\/wp-content\\\/uploads\\\/sites\\\/147\\\/2023\\\/10\\\/CBSI-4.jpg\",\"datePublished\":\"2023-10-03T19:27:37+00:00\",\"dateModified\":\"2026-01-20T10:09:43+00:00\",\"description\":\"Restez inform\u00e9 de la presse sur la recherche foresti\u00e8re en zone tropicale, les initiatives en mati\u00e8re de science du climat, la conservation des for\u00eats et les sommets internationaux dans le bassin du Congo.\",\"breadcrumb\":{\"@id\":\"https:\\\/\\\/congobasinscience.net\\\/fr\\\/ressources\\\/publications-de-presse\\\/#breadcrumb\"},\"inLanguage\":\"fr-FR\",\"potentialAction\":[{\"@type\":\"ReadAction\",\"target\":[\"https:\\\/\\\/congobasinscience.net\\\/fr\\\/ressources\\\/publications-de-presse\\\/\"]}]},{\"@type\":\"ImageObject\",\"inLanguage\":\"fr-FR\",\"@id\":\"https:\\\/\\\/congobasinscience.net\\\/fr\\\/ressources\\\/publications-de-presse\\\/#primaryimage\",\"url\":\"https:\\\/\\\/congobasinscience.net\\\/wp-content\\\/uploads\\\/sites\\\/147\\\/2023\\\/10\\\/CBSI-4.jpg\",\"contentUrl\":\"https:\\\/\\\/congobasinscience.net\\\/wp-content\\\/uploads\\\/sites\\\/147\\\/2023\\\/10\\\/CBSI-4.jpg\",\"width\":1920,\"height\":1281,\"caption\":\"Cr\u00e9dit image : Kevin McElvaney\\\/Greenpeace\"},{\"@type\":\"BreadcrumbList\",\"@id\":\"https:\\\/\\\/congobasinscience.net\\\/fr\\\/ressources\\\/publications-de-presse\\\/#breadcrumb\",\"itemListElement\":[{\"@type\":\"ListItem\",\"position\":1,\"name\":\"Home\",\"item\":\"https:\\\/\\\/congobasinscience.net\\\/fr\\\/\"},{\"@type\":\"ListItem\",\"position\":2,\"name\":\"Ressources\",\"item\":\"https:\\\/\\\/congobasinscience.net\\\/fr\\\/resources\\\/\"},{\"@type\":\"ListItem\",\"position\":3,\"name\":\"Presse\"}]},{\"@type\":\"WebSite\",\"@id\":\"https:\\\/\\\/congobasinscience.net\\\/fr\\\/#website\",\"url\":\"https:\\\/\\\/congobasinscience.net\\\/fr\\\/\",\"name\":\"Initiative Science pour le Bassin du Congo\",\"description\":\"\",\"publisher\":{\"@id\":\"https:\\\/\\\/congobasinscience.net\\\/fr\\\/#organization\"},\"alternateName\":\"CBSI\",\"potentialAction\":[{\"@type\":\"SearchAction\",\"target\":{\"@type\":\"EntryPoint\",\"urlTemplate\":\"https:\\\/\\\/congobasinscience.net\\\/fr\\\/?s={search_term_string}\"},\"query-input\":{\"@type\":\"PropertyValueSpecification\",\"valueRequired\":true,\"valueName\":\"search_term_string\"}}],\"inLanguage\":\"fr-FR\"},{\"@type\":\"Organization\",\"@id\":\"https:\\\/\\\/congobasinscience.net\\\/fr\\\/#organization\",\"name\":\"Initiative Science pour le Bassin du Congo\",\"alternateName\":\"CBSI\",\"url\":\"https:\\\/\\\/congobasinscience.net\\\/fr\\\/\",\"logo\":{\"@type\":\"ImageObject\",\"inLanguage\":\"fr-FR\",\"@id\":\"https:\\\/\\\/congobasinscience.net\\\/fr\\\/#\\\/schema\\\/logo\\\/image\\\/\",\"url\":\"https:\\\/\\\/congobasinscience.net\\\/wp-content\\\/uploads\\\/sites\\\/147\\\/2023\\\/10\\\/cbsi_logo_FR_white.svg\",\"contentUrl\":\"https:\\\/\\\/congobasinscience.net\\\/wp-content\\\/uploads\\\/sites\\\/147\\\/2023\\\/10\\\/cbsi_logo_FR_white.svg\",\"width\":574,\"height\":163,\"caption\":\"Initiative Science pour le Bassin du Congo\"},\"image\":{\"@id\":\"https:\\\/\\\/congobasinscience.net\\\/fr\\\/#\\\/schema\\\/logo\\\/image\\\/\"}}]}<\/script>","yoast_head_json":{"title":"Presse | Initiative Science pour le Bassin du Congo","description":"Restez inform\u00e9 de la presse sur la recherche foresti\u00e8re en zone tropicale, les initiatives en mati\u00e8re de science du climat, la conservation des for\u00eats et les sommets internationaux dans le bassin du Congo.","robots":{"index":"index","follow":"follow","max-snippet":"max-snippet:-1","max-image-preview":"max-image-preview:large","max-video-preview":"max-video-preview:-1"},"canonical":"https:\/\/congobasinscience.net\/fr\/ressources\/publications-de-presse\/","og_locale":"fr_FR","og_type":"article","og_title":"Presse | Initiative Science pour le Bassin du Congo","og_description":"Restez inform\u00e9 de la presse sur la recherche foresti\u00e8re en zone tropicale, les initiatives en mati\u00e8re de science du climat, la conservation des for\u00eats et les sommets internationaux dans le bassin du Congo.","og_url":"https:\/\/congobasinscience.net\/fr\/ressources\/publications-de-presse\/","og_site_name":"Initiative Science pour le Bassin du Congo","article_modified_time":"2026-01-20T10:09:43+00:00","og_image":[{"width":1920,"height":1281,"url":"https:\/\/congobasinscience.net\/wp-content\/uploads\/sites\/147\/2023\/10\/CBSI-4.jpg","type":"image\/jpeg"}],"twitter_card":"summary_large_image","twitter_misc":{"Dur\u00e9e de lecture estim\u00e9e":"3 minutes"},"schema":{"@context":"https:\/\/schema.org","@graph":[{"@type":"WebPage","@id":"https:\/\/congobasinscience.net\/fr\/ressources\/publications-de-presse\/","url":"https:\/\/congobasinscience.net\/fr\/ressources\/publications-de-presse\/","name":"Presse | Initiative Science pour le Bassin du Congo","isPartOf":{"@id":"https:\/\/congobasinscience.net\/fr\/#website"},"primaryImageOfPage":{"@id":"https:\/\/congobasinscience.net\/fr\/ressources\/publications-de-presse\/#primaryimage"},"image":{"@id":"https:\/\/congobasinscience.net\/fr\/ressources\/publications-de-presse\/#primaryimage"},"thumbnailUrl":"https:\/\/congobasinscience.net\/wp-content\/uploads\/sites\/147\/2023\/10\/CBSI-4.jpg","datePublished":"2023-10-03T19:27:37+00:00","dateModified":"2026-01-20T10:09:43+00:00","description":"Restez inform\u00e9 de la presse sur la recherche foresti\u00e8re en zone tropicale, les initiatives en mati\u00e8re de science du climat, la conservation des for\u00eats et les sommets internationaux dans le bassin du Congo.","breadcrumb":{"@id":"https:\/\/congobasinscience.net\/fr\/ressources\/publications-de-presse\/#breadcrumb"},"inLanguage":"fr-FR","potentialAction":[{"@type":"ReadAction","target":["https:\/\/congobasinscience.net\/fr\/ressources\/publications-de-presse\/"]}]},{"@type":"ImageObject","inLanguage":"fr-FR","@id":"https:\/\/congobasinscience.net\/fr\/ressources\/publications-de-presse\/#primaryimage","url":"https:\/\/congobasinscience.net\/wp-content\/uploads\/sites\/147\/2023\/10\/CBSI-4.jpg","contentUrl":"https:\/\/congobasinscience.net\/wp-content\/uploads\/sites\/147\/2023\/10\/CBSI-4.jpg","width":1920,"height":1281,"caption":"Cr\u00e9dit image : Kevin McElvaney\/Greenpeace"},{"@type":"BreadcrumbList","@id":"https:\/\/congobasinscience.net\/fr\/ressources\/publications-de-presse\/#breadcrumb","itemListElement":[{"@type":"ListItem","position":1,"name":"Home","item":"https:\/\/congobasinscience.net\/fr\/"},{"@type":"ListItem","position":2,"name":"Ressources","item":"https:\/\/congobasinscience.net\/fr\/resources\/"},{"@type":"ListItem","position":3,"name":"Presse"}]},{"@type":"WebSite","@id":"https:\/\/congobasinscience.net\/fr\/#website","url":"https:\/\/congobasinscience.net\/fr\/","name":"Initiative Science pour le Bassin du Congo","description":"","publisher":{"@id":"https:\/\/congobasinscience.net\/fr\/#organization"},"alternateName":"CBSI","potentialAction":[{"@type":"SearchAction","target":{"@type":"EntryPoint","urlTemplate":"https:\/\/congobasinscience.net\/fr\/?s={search_term_string}"},"query-input":{"@type":"PropertyValueSpecification","valueRequired":true,"valueName":"search_term_string"}}],"inLanguage":"fr-FR"},{"@type":"Organization","@id":"https:\/\/congobasinscience.net\/fr\/#organization","name":"Initiative Science pour le Bassin du Congo","alternateName":"CBSI","url":"https:\/\/congobasinscience.net\/fr\/","logo":{"@type":"ImageObject","inLanguage":"fr-FR","@id":"https:\/\/congobasinscience.net\/fr\/#\/schema\/logo\/image\/","url":"https:\/\/congobasinscience.net\/wp-content\/uploads\/sites\/147\/2023\/10\/cbsi_logo_FR_white.svg","contentUrl":"https:\/\/congobasinscience.net\/wp-content\/uploads\/sites\/147\/2023\/10\/cbsi_logo_FR_white.svg","width":574,"height":163,"caption":"Initiative Science pour le Bassin du Congo"},"image":{"@id":"https:\/\/congobasinscience.net\/fr\/#\/schema\/logo\/image\/"}}]}},"_links":{"self":[{"href":"https:\/\/congobasinscience.net\/fr\/wp-json\/wp\/v2\/pages\/5345","targetHints":{"allow":["GET"]}}],"collection":[{"href":"https:\/\/congobasinscience.net\/fr\/wp-json\/wp\/v2\/pages"}],"about":[{"href":"https:\/\/congobasinscience.net\/fr\/wp-json\/wp\/v2\/types\/page"}],"author":[{"embeddable":true,"href":"https:\/\/congobasinscience.net\/fr\/wp-json\/wp\/v2\/users\/1064"}],"replies":[{"embeddable":true,"href":"https:\/\/congobasinscience.net\/fr\/wp-json\/wp\/v2\/comments?post=5345"}],"version-history":[{"count":0,"href":"https:\/\/congobasinscience.net\/fr\/wp-json\/wp\/v2\/pages\/5345\/revisions"}],"up":[{"embeddable":true,"href":"https:\/\/congobasinscience.net\/fr\/wp-json\/wp\/v2\/pages\/5347"}],"wp:featuredmedia":[{"embeddable":true,"href":"https:\/\/congobasinscience.net\/fr\/wp-json\/wp\/v2\/media\/4852"}],"wp:attachment":[{"href":"https:\/\/congobasinscience.net\/fr\/wp-json\/wp\/v2\/media?parent=5345"}],"curies":[{"name":"wp","href":"https:\/\/api.w.org\/{rel}","templated":true}]}}