
{"id":5344,"date":"2023-10-11T15:48:16","date_gmt":"2023-10-11T14:48:16","guid":{"rendered":"https:\/\/congobasinscience.net\/bassin-du-congo\/pour-les-bailleurs-de-fonds\/"},"modified":"2023-12-08T13:06:17","modified_gmt":"2023-12-08T13:06:17","slug":"pour-les-bailleurs-de-fonds","status":"publish","type":"page","link":"https:\/\/congobasinscience.net\/fr\/a-propos\/pour-les-bailleurs-de-fonds\/","title":{"rendered":"Pour les bailleurs de fonds"},"content":{"rendered":"<div class=\"gb-container gb-container-bcce0aa0\">\n<div class=\"gb-container gb-container-b360e1b1\">\n\n<p class=\"gb-headline gb-headline-6775670e gb-headline-text serif\"><em>Nos connaissances sur les for\u00eats majestueuses de l&rsquo;Afrique centrale sont gravement d\u00e9faillantes. Le manque d&rsquo;investissement est l&rsquo;obstacle \u00e0 la sauvegarde de ces pr\u00e9cieux \u00e9cosyst\u00e8mes. Surmonter cet obstacle et l&rsquo;avenir du deuxi\u00e8me &lsquo;grand poumon vert&rsquo; de la plan\u00e8te sera plus radieux.<\/em> <span style=\"font-size: 16px;font-weight: normal\"><a href=\"https:\/\/www.nature.com\/articles\/d41586-021-02818-7\">Source<\/a>.<\/span><\/p>\n\n<\/div>\n\n<div class=\"gb-container gb-container-0257645a\">\n\n<p class=\"gb-headline gb-headline-08d579b9 gb-headline-text\">Eve Bazaiba Masudi<\/p>\n\n\n\n<p class=\"gb-headline gb-headline-07e4aff0 gb-headline-text\"><em>Ministre de l&rsquo;environnement et d\u00e9veloppement durable, R\u00e9publique d\u00e9mocratique du Congo.<\/em><\/p>\n\n\n\n<p class=\"gb-headline gb-headline-b79bda46 gb-headline-text\">Jules Doret Ndongo<\/p>\n\n\n\n<p class=\"gb-headline gb-headline-10dcf9ef gb-headline-text\"><em>Ministre des for\u00eats et de la faune, R\u00e9publique du Cameroun.<\/em><\/p>\n\n\n\n<p class=\"gb-headline gb-headline-6d86ae6c gb-headline-text\">Rosalie Matondo<\/p>\n\n\n\n<p class=\"gb-headline gb-headline-b65e2b16 gb-headline-text\"><em>Ministre de l&rsquo;\u00e9conomie foresti\u00e8re et du d\u00e9veloppement durable, R\u00e9publique du Congo.<\/em><\/p>\n\n\n\n<p class=\"gb-headline gb-headline-5c9b9daa gb-headline-text\">Arlette Soudan-Nonault<\/p>\n\n\n\n<p class=\"gb-headline gb-headline-4b7c5981 gb-headline-text\"><em>Ministre de l&rsquo;environnement, du d\u00e9veloppement durable et du bassin du Congo, R\u00e9publique du Congo.<\/em><\/p>\n\n\n\n<p class=\"gb-headline gb-headline-b04815b8 gb-headline-text\">Lee J. T. White<\/p>\n\n\n\n<p class=\"gb-headline gb-headline-61fc0f4d gb-headline-text\"><em>Ministre des Eaux et For\u00eats, de la Mer, de l\u2019Environnement, R\u00e9publique Gabonaise.<\/em><\/p>\n\n<\/div>\n<\/div>\n<h2 class=\"gb-headline gb-headline-e77bc50a gb-headline-text balance-text\">Transformer notre compr\u00e9hension de la deuxi\u00e8me plus grande for\u00eat tropicale du monde et de son r\u00e9seau fluvial n\u00e9cessite des investissements. Il s&rsquo;agit d&rsquo;un investissement dans la gestion \u00e0 long terme et le d\u00e9veloppement durable du bassin du Congo.<\/h2>\n<div class=\"gb-container gb-container-731dfc76\">\n\n<p>Le <a href=\"https:\/\/congobasinscience.net\/fr\/bassin-du-congo\/plan-de-science-et-de-renforcement-des-capacites\/\"><strong>Plan de science et de renforcement des capacit\u00e9s<\/strong><\/a> du CBSI d\u00e9taille le soutien que la communaut\u00e9 scientifique de la r\u00e9gion du bassin du Congo a identifi\u00e9 pour transformer la science et les capacit\u00e9s dans la r\u00e9gion. Il va de notre financement de base, qui permet aux scientifiques de se rendre \u00e0 des r\u00e9unions, \u00e0 de petites bourses pour aider les \u00e9tudiants \u00e0 collecter des donn\u00e9es dans le cadre de leurs \u00e9tudes, en passant par de grands programmes int\u00e9gr\u00e9s tels que le financement des six observatoires. <\/p>\n\n\n\n<p>Le CBSI rassemble des scientifiques de la r\u00e9gion, les acteurs concern\u00e9s et d&rsquo;autres partenaires pour favoriser et coordonner les opportunit\u00e9s d&rsquo;investir dans la science du bassin du Congo. Le <strong>CBSI est une entit\u00e9 de coordination<\/strong>, qui met en r\u00e9seau, coordonne et facilite. Il ne d\u00e9tient pas de financements majeurs. Les investissements vont directement l\u00e0 o\u00f9 ils peuvent avoir le plus d&rsquo;impact, avec un co\u00fbt bureaucratique minimal, et r\u00e9pondent aux exigences de toutes les parties pour investir dans la formation, la collecte de nouvelles donn\u00e9es et les analyses.<\/p>\n\n\n\n<p>Les <strong>copr\u00e9sidents<\/strong> du CBSI, les professeurs Raphael Tshimanga et Simon Lewis, ainsi que certains membres du <a href=\"https:\/\/congobasinscience.net\/fr\/a-propos\/comite-de-pilotage\/\">comit\u00e9 de pilotage scientifique,<\/a> ont particip\u00e9 au Sommet des trois bassins \u00e0 Brazzaville, du 26 au 28 octobre 2023, o\u00f9 nous avons <a href=\"https:\/\/congobasinscience.net\/fr\/lancement-de-linitiative-science-pour-le-bassin-du-congo\/\">lanc\u00e9<\/a> l&rsquo;Initiative Science pour le Bassin du Congo.<\/p>\n\n\n\n<p>Les copr\u00e9sidents du CBSI, les <em>professeurs Raphael Tshimanga<\/em> et <em>Simon Lewis<\/em>, seront \u00e9galement pr\u00e9sents \u00e0 la COP28 \u00e0 Duba\u00ef, o\u00f9 le CBSI participera \u00e0 une s\u00e9rie d&rsquo;<a href=\"https:\/\/congobasinscience.net\/fr\/rejoignez-nous-a-la-cop28\/\">\u00e9v\u00e9nements parall\u00e8les<\/a>. <\/p>\n\n\n<div class=\"gb-container gb-container-2303be7a\">\n\n<p class=\"gb-headline gb-headline-cc8aa045 gb-headline-text\">Si vous souhaitez discuter de l&rsquo;investissement dans un avenir positif pour le bassin du Congo, veuillez prendre contact pour convenir d&rsquo;un rendez-vous. Contactez le secr\u00e9tariat du CBSI : <a href=\"mailto:info@CongoBasinScience.net\">info@congobasinscience.net<\/a><\/p>\n\n<\/div>\n<\/div><div class=\"gb-container gb-container-9540d030\">\n<div class=\"gb-container gb-container-729aa749\">\n<div class=\"gb-container gb-container-90f36c49\">\n\n<p class=\"gb-headline gb-headline-7cd353c8 gb-headline-text\">11%<\/p>\n\n\n\n<p class=\"gb-headline gb-headline-75994f68 gb-headline-text\">Proportion des financements forestiers internationaux re\u00e7us par le bassin du Congo sur la p\u00e9riode 2008-2017, par rapport \u00e0 l&rsquo;Asie du Sud-Est (55%) et \u00e0 l&rsquo;Amazonie (34%). <a href=\"https:\/\/www.cifor.org\/knowledge\/publication\/7392\/\">Source<\/a>.<\/p>\n\n<\/div>\n\n<div class=\"gb-container gb-container-9042ed9c\">\n\n<p class=\"gb-headline gb-headline-c4e85c47 gb-headline-text\">$200m<\/p>\n\n\n\n<p class=\"gb-headline gb-headline-a54823cb gb-headline-text\">Le financement n\u00e9cessaire, au cours de la prochaine d\u00e9cennie, pour mieux comprendre le bassin du Congo, le deuxi\u00e8me massif forestier tropical du monde.<\/p>\n\n<\/div>\n\n<div class=\"gb-container gb-container-866f82c3\">\n\n<p class=\"gb-headline gb-headline-1b5c662f gb-headline-text\">$2,400,000m<\/p>\n\n\n\n<p class=\"gb-headline gb-headline-3bc3d1c5 gb-headline-text\">Le financement total de la recherche et du d\u00e9veloppement au niveau mondial en 2020. 200 millions de dollars repr\u00e9sentent moins d&rsquo;un milli\u00e8me de ce chiffre. <a href=\"https:\/\/sgp.fas.org\/crs\/misc\/R44283.pdf\">Source<\/a>.<\/p>\n\n<\/div>\n<\/div>\n<\/div>","protected":false},"excerpt":{"rendered":"<p>Nos connaissances sur les for\u00eats majestueuses de l&rsquo;Afrique centrale sont gravement d\u00e9faillantes. Le manque d&rsquo;investissement est l&rsquo;obstacle \u00e0 la sauvegarde de ces pr\u00e9cieux \u00e9cosyst\u00e8mes. Surmonter cet obstacle et l&rsquo;avenir du deuxi\u00e8me &lsquo;grand poumon vert&rsquo; de la plan\u00e8te sera plus radieux. Source. Eve Bazaiba Masudi Ministre de l&rsquo;environnement et d\u00e9veloppement durable, R\u00e9publique d\u00e9mocratique du Congo. Jules Doret Ndongo Ministre des for\u00eats et de la faune, R\u00e9publique du Cameroun. Rosalie Matondo Ministre de l&rsquo;\u00e9conomie foresti\u00e8re et du d\u00e9veloppement durable, R\u00e9publique du Congo. &#8230; <a title=\"Pour les bailleurs de fonds\" class=\"read-more\" href=\"https:\/\/congobasinscience.net\/fr\/a-propos\/pour-les-bailleurs-de-fonds\/\" aria-label=\"Read more about Pour les bailleurs de fonds\">Lire plus<\/a><\/p>\n","protected":false},"author":1064,"featured_media":5275,"parent":5336,"menu_order":0,"comment_status":"closed","ping_status":"closed","template":"","meta":{"_acf_changed":false,"inline_featured_image":false,"footnotes":""},"class_list":["post-5344","page","type-page","status-publish","has-post-thumbnail"],"acf":[],"yoast_head":"<title>Pour les bailleurs de fonds | Initiative Science pour le Bassin du Congo<\/title>\n<meta name=\"robots\" content=\"index, follow, max-snippet:-1, max-image-preview:large, max-video-preview:-1\" \/>\n<link rel=\"canonical\" href=\"https:\/\/congobasinscience.net\/fr\/a-propos\/pour-les-bailleurs-de-fonds\/\" \/>\n<meta property=\"og:locale\" content=\"fr_FR\" \/>\n<meta property=\"og:type\" content=\"article\" \/>\n<meta property=\"og:title\" content=\"Pour les bailleurs de fonds | Initiative Science pour le Bassin du Congo\" \/>\n<meta property=\"og:description\" content=\"Nos connaissances sur les for\u00eats majestueuses de l&rsquo;Afrique centrale sont gravement d\u00e9faillantes. Le manque d&rsquo;investissement est l&rsquo;obstacle \u00e0 la sauvegarde de ces pr\u00e9cieux \u00e9cosyst\u00e8mes. Surmonter cet obstacle et l&rsquo;avenir du deuxi\u00e8me &lsquo;grand poumon vert&rsquo; de la plan\u00e8te sera plus radieux. Source. Eve Bazaiba Masudi Ministre de l&rsquo;environnement et d\u00e9veloppement durable, R\u00e9publique d\u00e9mocratique du Congo. Jules Doret Ndongo Ministre des for\u00eats et de la faune, R\u00e9publique du Cameroun. Rosalie Matondo Ministre de l&rsquo;\u00e9conomie foresti\u00e8re et du d\u00e9veloppement durable, R\u00e9publique du Congo. ... Lire plus\" \/>\n<meta property=\"og:url\" content=\"https:\/\/congobasinscience.net\/fr\/a-propos\/pour-les-bailleurs-de-fonds\/\" \/>\n<meta property=\"og:site_name\" content=\"Initiative Science pour le Bassin du Congo\" \/>\n<meta property=\"article:modified_time\" content=\"2023-12-08T13:06:17+00:00\" \/>\n<meta property=\"og:image\" content=\"https:\/\/congobasinscience.net\/wp-content\/uploads\/sites\/147\/2023\/10\/for-funders.jpg\" \/>\n\t<meta property=\"og:image:width\" content=\"2560\" \/>\n\t<meta property=\"og:image:height\" content=\"1920\" \/>\n\t<meta property=\"og:image:type\" content=\"image\/jpeg\" \/>\n<meta name=\"twitter:card\" content=\"summary_large_image\" \/>\n<meta name=\"twitter:label1\" content=\"Dur\u00e9e de lecture estim\u00e9e\" \/>\n\t<meta name=\"twitter:data1\" content=\"3 minutes\" \/>\n<script type=\"application\/ld+json\" class=\"yoast-schema-graph\">{\"@context\":\"https:\\\/\\\/schema.org\",\"@graph\":[{\"@type\":\"WebPage\",\"@id\":\"https:\\\/\\\/congobasinscience.net\\\/fr\\\/a-propos\\\/pour-les-bailleurs-de-fonds\\\/\",\"url\":\"https:\\\/\\\/congobasinscience.net\\\/fr\\\/a-propos\\\/pour-les-bailleurs-de-fonds\\\/\",\"name\":\"Pour les bailleurs de fonds | Initiative Science pour le Bassin du Congo\",\"isPartOf\":{\"@id\":\"https:\\\/\\\/congobasinscience.net\\\/fr\\\/#website\"},\"primaryImageOfPage\":{\"@id\":\"https:\\\/\\\/congobasinscience.net\\\/fr\\\/a-propos\\\/pour-les-bailleurs-de-fonds\\\/#primaryimage\"},\"image\":{\"@id\":\"https:\\\/\\\/congobasinscience.net\\\/fr\\\/a-propos\\\/pour-les-bailleurs-de-fonds\\\/#primaryimage\"},\"thumbnailUrl\":\"https:\\\/\\\/congobasinscience.net\\\/wp-content\\\/uploads\\\/sites\\\/147\\\/2023\\\/10\\\/for-funders.jpg\",\"datePublished\":\"2023-10-11T14:48:16+00:00\",\"dateModified\":\"2023-12-08T13:06:17+00:00\",\"breadcrumb\":{\"@id\":\"https:\\\/\\\/congobasinscience.net\\\/fr\\\/a-propos\\\/pour-les-bailleurs-de-fonds\\\/#breadcrumb\"},\"inLanguage\":\"fr-FR\",\"potentialAction\":[{\"@type\":\"ReadAction\",\"target\":[\"https:\\\/\\\/congobasinscience.net\\\/fr\\\/a-propos\\\/pour-les-bailleurs-de-fonds\\\/\"]}]},{\"@type\":\"ImageObject\",\"inLanguage\":\"fr-FR\",\"@id\":\"https:\\\/\\\/congobasinscience.net\\\/fr\\\/a-propos\\\/pour-les-bailleurs-de-fonds\\\/#primaryimage\",\"url\":\"https:\\\/\\\/congobasinscience.net\\\/wp-content\\\/uploads\\\/sites\\\/147\\\/2023\\\/10\\\/for-funders.jpg\",\"contentUrl\":\"https:\\\/\\\/congobasinscience.net\\\/wp-content\\\/uploads\\\/sites\\\/147\\\/2023\\\/10\\\/for-funders.jpg\",\"width\":2560,\"height\":1920,\"caption\":\"Cr\u00e9dit image : Fran\u00e7ois Sandrin\"},{\"@type\":\"BreadcrumbList\",\"@id\":\"https:\\\/\\\/congobasinscience.net\\\/fr\\\/a-propos\\\/pour-les-bailleurs-de-fonds\\\/#breadcrumb\",\"itemListElement\":[{\"@type\":\"ListItem\",\"position\":1,\"name\":\"Home\",\"item\":\"https:\\\/\\\/congobasinscience.net\\\/fr\\\/\"},{\"@type\":\"ListItem\",\"position\":2,\"name\":\"Bassin du Congo\",\"item\":\"https:\\\/\\\/congobasinscience.net\\\/fr\\\/congo-basin\\\/\"},{\"@type\":\"ListItem\",\"position\":3,\"name\":\"Pour les bailleurs de fonds\"}]},{\"@type\":\"WebSite\",\"@id\":\"https:\\\/\\\/congobasinscience.net\\\/fr\\\/#website\",\"url\":\"https:\\\/\\\/congobasinscience.net\\\/fr\\\/\",\"name\":\"Initiative Science pour le Bassin du Congo\",\"description\":\"\",\"publisher\":{\"@id\":\"https:\\\/\\\/congobasinscience.net\\\/fr\\\/#organization\"},\"alternateName\":\"CBSI\",\"potentialAction\":[{\"@type\":\"SearchAction\",\"target\":{\"@type\":\"EntryPoint\",\"urlTemplate\":\"https:\\\/\\\/congobasinscience.net\\\/fr\\\/?s={search_term_string}\"},\"query-input\":{\"@type\":\"PropertyValueSpecification\",\"valueRequired\":true,\"valueName\":\"search_term_string\"}}],\"inLanguage\":\"fr-FR\"},{\"@type\":\"Organization\",\"@id\":\"https:\\\/\\\/congobasinscience.net\\\/fr\\\/#organization\",\"name\":\"Initiative Science pour le Bassin du Congo\",\"alternateName\":\"CBSI\",\"url\":\"https:\\\/\\\/congobasinscience.net\\\/fr\\\/\",\"logo\":{\"@type\":\"ImageObject\",\"inLanguage\":\"fr-FR\",\"@id\":\"https:\\\/\\\/congobasinscience.net\\\/fr\\\/#\\\/schema\\\/logo\\\/image\\\/\",\"url\":\"https:\\\/\\\/congobasinscience.net\\\/wp-content\\\/uploads\\\/sites\\\/147\\\/2023\\\/10\\\/cbsi_logo_FR_white.svg\",\"contentUrl\":\"https:\\\/\\\/congobasinscience.net\\\/wp-content\\\/uploads\\\/sites\\\/147\\\/2023\\\/10\\\/cbsi_logo_FR_white.svg\",\"width\":574,\"height\":163,\"caption\":\"Initiative Science pour le Bassin du Congo\"},\"image\":{\"@id\":\"https:\\\/\\\/congobasinscience.net\\\/fr\\\/#\\\/schema\\\/logo\\\/image\\\/\"}}]}<\/script>","yoast_head_json":{"title":"Pour les bailleurs de fonds | Initiative Science pour le Bassin du Congo","robots":{"index":"index","follow":"follow","max-snippet":"max-snippet:-1","max-image-preview":"max-image-preview:large","max-video-preview":"max-video-preview:-1"},"canonical":"https:\/\/congobasinscience.net\/fr\/a-propos\/pour-les-bailleurs-de-fonds\/","og_locale":"fr_FR","og_type":"article","og_title":"Pour les bailleurs de fonds | Initiative Science pour le Bassin du Congo","og_description":"Nos connaissances sur les for\u00eats majestueuses de l&rsquo;Afrique centrale sont gravement d\u00e9faillantes. Le manque d&rsquo;investissement est l&rsquo;obstacle \u00e0 la sauvegarde de ces pr\u00e9cieux \u00e9cosyst\u00e8mes. Surmonter cet obstacle et l&rsquo;avenir du deuxi\u00e8me &lsquo;grand poumon vert&rsquo; de la plan\u00e8te sera plus radieux. Source. Eve Bazaiba Masudi Ministre de l&rsquo;environnement et d\u00e9veloppement durable, R\u00e9publique d\u00e9mocratique du Congo. Jules Doret Ndongo Ministre des for\u00eats et de la faune, R\u00e9publique du Cameroun. Rosalie Matondo Ministre de l&rsquo;\u00e9conomie foresti\u00e8re et du d\u00e9veloppement durable, R\u00e9publique du Congo. ... Lire plus","og_url":"https:\/\/congobasinscience.net\/fr\/a-propos\/pour-les-bailleurs-de-fonds\/","og_site_name":"Initiative Science pour le Bassin du Congo","article_modified_time":"2023-12-08T13:06:17+00:00","og_image":[{"width":2560,"height":1920,"url":"https:\/\/congobasinscience.net\/wp-content\/uploads\/sites\/147\/2023\/10\/for-funders.jpg","type":"image\/jpeg"}],"twitter_card":"summary_large_image","twitter_misc":{"Dur\u00e9e de lecture estim\u00e9e":"3 minutes"},"schema":{"@context":"https:\/\/schema.org","@graph":[{"@type":"WebPage","@id":"https:\/\/congobasinscience.net\/fr\/a-propos\/pour-les-bailleurs-de-fonds\/","url":"https:\/\/congobasinscience.net\/fr\/a-propos\/pour-les-bailleurs-de-fonds\/","name":"Pour les bailleurs de fonds | Initiative Science pour le Bassin du Congo","isPartOf":{"@id":"https:\/\/congobasinscience.net\/fr\/#website"},"primaryImageOfPage":{"@id":"https:\/\/congobasinscience.net\/fr\/a-propos\/pour-les-bailleurs-de-fonds\/#primaryimage"},"image":{"@id":"https:\/\/congobasinscience.net\/fr\/a-propos\/pour-les-bailleurs-de-fonds\/#primaryimage"},"thumbnailUrl":"https:\/\/congobasinscience.net\/wp-content\/uploads\/sites\/147\/2023\/10\/for-funders.jpg","datePublished":"2023-10-11T14:48:16+00:00","dateModified":"2023-12-08T13:06:17+00:00","breadcrumb":{"@id":"https:\/\/congobasinscience.net\/fr\/a-propos\/pour-les-bailleurs-de-fonds\/#breadcrumb"},"inLanguage":"fr-FR","potentialAction":[{"@type":"ReadAction","target":["https:\/\/congobasinscience.net\/fr\/a-propos\/pour-les-bailleurs-de-fonds\/"]}]},{"@type":"ImageObject","inLanguage":"fr-FR","@id":"https:\/\/congobasinscience.net\/fr\/a-propos\/pour-les-bailleurs-de-fonds\/#primaryimage","url":"https:\/\/congobasinscience.net\/wp-content\/uploads\/sites\/147\/2023\/10\/for-funders.jpg","contentUrl":"https:\/\/congobasinscience.net\/wp-content\/uploads\/sites\/147\/2023\/10\/for-funders.jpg","width":2560,"height":1920,"caption":"Cr\u00e9dit image : Fran\u00e7ois Sandrin"},{"@type":"BreadcrumbList","@id":"https:\/\/congobasinscience.net\/fr\/a-propos\/pour-les-bailleurs-de-fonds\/#breadcrumb","itemListElement":[{"@type":"ListItem","position":1,"name":"Home","item":"https:\/\/congobasinscience.net\/fr\/"},{"@type":"ListItem","position":2,"name":"Bassin du Congo","item":"https:\/\/congobasinscience.net\/fr\/congo-basin\/"},{"@type":"ListItem","position":3,"name":"Pour les bailleurs de fonds"}]},{"@type":"WebSite","@id":"https:\/\/congobasinscience.net\/fr\/#website","url":"https:\/\/congobasinscience.net\/fr\/","name":"Initiative Science pour le Bassin du Congo","description":"","publisher":{"@id":"https:\/\/congobasinscience.net\/fr\/#organization"},"alternateName":"CBSI","potentialAction":[{"@type":"SearchAction","target":{"@type":"EntryPoint","urlTemplate":"https:\/\/congobasinscience.net\/fr\/?s={search_term_string}"},"query-input":{"@type":"PropertyValueSpecification","valueRequired":true,"valueName":"search_term_string"}}],"inLanguage":"fr-FR"},{"@type":"Organization","@id":"https:\/\/congobasinscience.net\/fr\/#organization","name":"Initiative Science pour le Bassin du Congo","alternateName":"CBSI","url":"https:\/\/congobasinscience.net\/fr\/","logo":{"@type":"ImageObject","inLanguage":"fr-FR","@id":"https:\/\/congobasinscience.net\/fr\/#\/schema\/logo\/image\/","url":"https:\/\/congobasinscience.net\/wp-content\/uploads\/sites\/147\/2023\/10\/cbsi_logo_FR_white.svg","contentUrl":"https:\/\/congobasinscience.net\/wp-content\/uploads\/sites\/147\/2023\/10\/cbsi_logo_FR_white.svg","width":574,"height":163,"caption":"Initiative Science pour le Bassin du Congo"},"image":{"@id":"https:\/\/congobasinscience.net\/fr\/#\/schema\/logo\/image\/"}}]}},"_links":{"self":[{"href":"https:\/\/congobasinscience.net\/fr\/wp-json\/wp\/v2\/pages\/5344","targetHints":{"allow":["GET"]}}],"collection":[{"href":"https:\/\/congobasinscience.net\/fr\/wp-json\/wp\/v2\/pages"}],"about":[{"href":"https:\/\/congobasinscience.net\/fr\/wp-json\/wp\/v2\/types\/page"}],"author":[{"embeddable":true,"href":"https:\/\/congobasinscience.net\/fr\/wp-json\/wp\/v2\/users\/1064"}],"replies":[{"embeddable":true,"href":"https:\/\/congobasinscience.net\/fr\/wp-json\/wp\/v2\/comments?post=5344"}],"version-history":[{"count":0,"href":"https:\/\/congobasinscience.net\/fr\/wp-json\/wp\/v2\/pages\/5344\/revisions"}],"up":[{"embeddable":true,"href":"https:\/\/congobasinscience.net\/fr\/wp-json\/wp\/v2\/pages\/5336"}],"wp:featuredmedia":[{"embeddable":true,"href":"https:\/\/congobasinscience.net\/fr\/wp-json\/wp\/v2\/media\/5275"}],"wp:attachment":[{"href":"https:\/\/congobasinscience.net\/fr\/wp-json\/wp\/v2\/media?parent=5344"}],"curies":[{"name":"wp","href":"https:\/\/api.w.org\/{rel}","templated":true}]}}