
{"id":5343,"date":"2023-10-03T20:26:58","date_gmt":"2023-10-03T19:26:58","guid":{"rendered":"https:\/\/congobasinscience.net\/financement-pour-les-scientifiques\/"},"modified":"2025-04-29T16:41:57","modified_gmt":"2025-04-29T15:41:57","slug":"financement-pour-les-scientifiques","status":"publish","type":"page","link":"https:\/\/congobasinscience.net\/fr\/ressources\/financement-pour-les-scientifiques\/","title":{"rendered":"Financement pour les scientifiques"},"content":{"rendered":"\n<h2 class=\"gb-headline gb-headline-e77bc50a gb-headline-text balance-text\">Informations sur les financements et les prix disponibles si vous \u00e9tudiez ou vous effectuez des recherches dans un pays du bassin du Congo.<\/h2>\n<div class=\"gb-container gb-container-0a8589d5\">\n\n<h2 class=\"wp-block-heading has-medium-font-size\"><a href=\"https:\/\/conservationactionresearch.net\/aspire-grant-program\">Aspire Grant Program<\/a><\/h2>\n\n\n\n<p>Le programme Aspire Grant offre des bourses de recherche comp\u00e9titives allant jusqu&rsquo;\u00e0 5 000 USD aux \u00e9tudiants africains et aux professionnels en d\u00e9but de carri\u00e8re travaillant dans les domaines de la biodiversit\u00e9, de la conservation et de la durabilit\u00e9 environnementale dans la r\u00e9gion du bassin du Congo. Date limite de candidature : 11 juin 2025.<\/p>\n\n\n\n<h2 class=\"wp-block-heading has-medium-font-size\"><a href=\"https:\/\/www.oneforestvision.org\/offres-et-appels\/appel-a-candidatures-bourses-de-recherche-gabon-france\">Bourses de Recherche Gabon-France<\/a><\/h2>\n\n\n\n<p>L&rsquo;Initiative One Forest Vision ouvre son appel \u00e0 candidatures pour des bourses de doctorat et\/ou de post-doctorat dans le cadre de projets de recherche men\u00e9s en partenariat entre le Gabon et la France. Le financement pour tous les projets comporte une bourse mensuelle et un financement d&rsquo;accompagnement. La date limite de candidature est le 31 mai 2025.  <\/p>\n\n\n\n<h2 class=\"wp-block-heading has-medium-font-size\"><a href=\"https:\/\/www.oneforestvision.org\/offres-et-appels\/appels-a-projets-de-recherche-en-partenariat-entre-le-congo-et-la-france\">Projets de Recherche en Partenariat entre le Congo et la France<\/a><\/h2>\n\n\n\n<p>L&rsquo;Initiative One Forest Vision (OFVi) lance son appel \u00e0 projets de recherche. Les \u00e9quipes porteuses de projet doivent appartenir \u00e0 une institution d&rsquo;enseignment sup\u00e9rieur ou une institution de recherche de la R\u00e9publique du Congo, associant obligatoirement au moins une \u00e9quipe fran\u00e7aise. L\u2019activit\u00e9 de recherche doit \u00eatre conduite par un (ou une) jeune chercheur congolais(e) doctorant(e) ou post-doctorant(e) encadr\u00e9 par des chercheurs confirm\u00e9s. Date limite de d\u00e9p\u00f4t de candidatures : 23 mai 2025.  <\/p>\n\n\n\n<h2 class=\"wp-block-heading has-medium-font-size\"><a href=\"https:\/\/www.cabes.online\/spibes\/call-for-application\/\">Programme de Master du CABES &#8211; SPIBES<\/a><\/h2>\n\n\n\n<p>Le programme de master sur les \u00ab\u00a0Interfaces science-politique-pratique sur la biodiversit\u00e9, les services \u00e9cosyst\u00e9miques et le changement climatique &#8211; SPIBES\u00a0\u00bb vise \u00e0 renforcer les capacit\u00e9s des experts africains et, ce faisant, \u00e0 renforcer leur contribution \u00e0 l&rsquo;IPBES. La bourse couvre le paiement des frais de scolarit\u00e9, le budget de recherche sur le terrain, une allocation pour les frais de subsistance et un billet d&rsquo;avion aller-retour. La prochaine date limite de d\u00e9p\u00f4t des candidatures est fix\u00e9e au 31 mars 2024.  <\/p>\n\n\n\n<h2 class=\"wp-block-heading has-medium-font-size\"><a href=\"https:\/\/www.britishecologicalsociety.org\/funding\/launching-our-new-grants-programme\/connecting-ecologists-with-other-disciplines-grants\/\">Connecting Ecologists with other disciplines grants<\/a><\/h2>\n\n\n\n<p>Promouvoir les comp\u00e9tences interdisciplinaires en finan\u00e7ant jusqu&rsquo;\u00e0 20 000 livres sterling des stages dans diff\u00e9rentes disciplines et diff\u00e9rents secteurs. Le premier cycle de financement sera ouvert au d\u00e9but du mois de janvier 2024.<\/p>\n\n\n\n<h2 class=\"wp-block-heading has-medium-font-size\"><a href=\"https:\/\/www.britishecologicalsociety.org\/funding\/launching-our-new-grants-programme\/ecologists-in-the-global-south\/\">Ecologists in the Global South<\/a><\/h2>\n\n\n\n<p>Les \u00e9cologistes des pays du Sud peuvent demander un financement dans le cadre de n&rsquo;importe quel programme de subvention propos\u00e9 par la soci\u00e9t\u00e9 \u00e9cologique britannique (British Ecological Society), en fonction de ce qui leur convient le mieux et de leurs projets.<\/p>\n\n\n\n<p>Programme des Masters R\u00e9gionaux Diplomants de l&rsquo;ERAIFT<\/p>\n\n\n\n<h2 class=\"wp-block-heading has-medium-font-size\"><a href=\"https:\/\/www.eraift-rdc.org\/en\/allcategories-en-gb\/80-blog\/news\/584-appel-international-a-candidature-organisation-d-un-diplome-des-masters-regionaux-professionnels-diplomants-en-gestion-des-aires-protegees-gestion-des-reserves-de-biosphere-gap-grb-et-en-technique-d-amenagement-forestier-taf-sixieme-cohorte\">Programme des Masters R\u00e9gionaux Diplomants de l&rsquo;ERAIFT &#8211; appel international \u00e0 candidature<\/a> <\/h2>\n\n\n\n<p>Cet appel \u00e0 manifestation d\u2019int\u00e9r\u00eat vise \u00e0 s\u00e9lectionner maximum 40 candidats pour les programmes de formations de masters professionnels dipl\u00f4mants dans deux m\u00e9tiers diff\u00e9rents : 1. Gestion des Aires Prot\u00e9g\u00e9es et Gestion des R\u00e9serves de Biosph\u00e8re (GAP\/GRB) 2. Technique d\u2019Am\u00e9nagement Forestier (TAF). \u00c9ch\u00e9ance pour la transmission du dossier : 15 septembre 2024 \u00e0 minuit heure de Kinshasa.   <\/p>\n\n\n\n<h2 class=\"wp-block-heading has-medium-font-size\"><a href=\"https:\/\/www.eraift-rdc.org\/en\/allcategories-en-gb\/80-blog\/news\/585-offre-des-deux-bourses-d-etudes-aux-candidats-centrafricains-pour-le-programme-des-masters-regionaux-diplomants-de-l-eraift-en-partenariat-avec-usfs-ip\">Programme des Masters R\u00e9gionaux Diplomants de l&rsquo;ERAIFT en partenariat avec USFS-IP &#8211; deux bourses d&rsquo;\u00e9tudes aux candidats centrafricains<\/a><\/h2>\n\n\n\n<p>Cet appel \u00e0 manifestation d\u2019int\u00e9r\u00eat vise \u00e0 s\u00e9lectionner 2 candidats de la R\u00e9publique Centrafricain pour les programmes de formations de masters professionnels dipl\u00f4mants dans deux m\u00e9tiers diff\u00e9rents : 1. Technique d\u2019Am\u00e9nagement forestier (TAF) 2. Gestion des Aires Prot\u00e9g\u00e9es et Gestion des R\u00e9serves de Biosph\u00e8re (GAP\/GRB). The call aims to select two candidates from the Central African Republic for Professional Masters programmes in 1) Management of Protected Areas and Biosphere Reserves 2) Forest management techniques. \u00c9ch\u00e9ance pour le d\u00e9p\u00f4t du dossier : 15 Septembre 2024 \u00e0 minuit heure de Kinshasa.   <\/p>\n\n\n\n<h2 class=\"wp-block-heading has-medium-font-size\"><a href=\"https:\/\/royalsociety.org\/grants-schemes-awards\/awards\/rising-star-africa-prize\/\">Rising Star Africa Prize<\/a><\/h2>\n\n\n\n<p>Le prix Rising Star Africa de la Royal Society vise \u00e0 r\u00e9compenser les chercheurs africains en d\u00e9but de carri\u00e8re qui apportent une contribution innovante aux sciences physiques, math\u00e9matiques et de l&rsquo;ing\u00e9nieur. La prochaine s\u00e9rie de nominations pour le prix sera ouverte en novembre 2023.<\/p>\n\n\n\n<h2 class=\"wp-block-heading has-medium-font-size\"><a href=\"https:\/\/royalsociety.org\/grants-schemes-awards\/awards\/africa-prize\/\">The Royal Society Africa Prize<\/a><\/h2>\n\n\n\n<p>Le prix Royal Society Africa vise \u00e0 r\u00e9compenser les chercheurs bas\u00e9s en Afrique qui apportent une contribution novatrice aux sciences. La prochaine s\u00e9rie de nominations pour le prix sera ouverte en novembre 2023.<\/p>\n\n\n\n<h2 class=\"wp-block-heading has-medium-font-size\"><a href=\"https:\/\/peatlands.org\/about-us\/honoursgrants\/\">Allan Robertson Grants<\/a><\/h2>\n\n\n\n<p>Les bourses sont attribu\u00e9es \u00e0 : (a) de jeunes chercheurs effectuant des travaux de recherche ou des travaux pratiques sur les tourbi\u00e8res ou (b) de jeunes professionnels en d\u00e9but de carri\u00e8re se focalisant sur la gestion des tourbi\u00e8res ou l&rsquo;industrie de la tourbe. Le formulaire de candidature pour 2024 sera ouvert en d\u00e9cembre 2023.<\/p>\n\n\n\n<h2 class=\"wp-block-heading has-medium-font-size\"><a href=\"https:\/\/tropimundo.eu\/\">Programme Erasmus Mundus de Master en Biodiversit\u00e9 et \u00c9cosyst\u00e8mes Tropicaux<\/a><\/h2>\n\n\n\n<p>Les candidats TROPIMUNDO peuvent soumettre une candidature pour une bourse de la Communaut\u00e9 europ\u00e9enne attribu\u00e9e par voie de concours aux meilleurs \u00e9tudiants du monde entier. La date limite pour le premier appel \u00e0 candidatures est novembre 2023.<\/p>\n\n\n\n<h2 class=\"wp-block-heading has-medium-font-size\"><a href=\"https:\/\/www.egu24.eu\/guidelines\/supports_and_waivers.html\">Conf\u00e9rence EGU24<\/a><\/h2>\n\n\n\n<p>Deux syst\u00e8mes d&rsquo;aide \u00e0 la participation ont \u00e9t\u00e9 mis en place par le Conseil de l&rsquo;EGU pour faciliter la participation la plus large possible \u00e0 l&rsquo;EGU24 : l&rsquo;aide au voyage Roland Schlich pour les participants sur place et un syst\u00e8me d&rsquo;exon\u00e9ration des frais d&rsquo;inscription pour les participants virtuels. La date limite de soumission des r\u00e9sum\u00e9s est le 1 d\u00e9cembre 2023, 13h00 CET si vous sollicitez un soutien financier de l&rsquo;EGU.<\/p>\n\n\n\n<h2 class=\"wp-block-heading has-medium-font-size\"><a href=\"https:\/\/www.nationalgeographic.org\/society\/grants-and-investments\/\">National Geographic Society<\/a><\/h2>\n\n\n\n<p>La National Geographic Society finance des personnes qui effectuent des projets dans les domaines de la science, de la conservation, de la narration, de l&rsquo;\u00e9ducation et de la technologie qui s&rsquo;alignent sur un ou plusieurs de leurs domaines d&rsquo;int\u00e9r\u00eat (oc\u00e9an, terre, vie sauvage, histoires et cultures humaines, ing\u00e9niosit\u00e9 humaine). Les bourses \u00ab Level 1 \u00bb proposent des financements allant jusqu&rsquo;\u00e0 $20,000. Les bourses typiques \u00ab Level 2 \u00bb proposent des financements entre $50,000 et $60,000. La prochaine date limite de soumission est en avril 2024.<\/p>\n\n\n\n<h2 class=\"wp-block-heading has-medium-font-size\"><a href=\"https:\/\/apply.ruffordsmallgrants.org\/\">Rufford Foundation<\/a><\/h2>\n\n\n\n<p>La Rufford Foundation finance des projets de conservation de la nature dans les pays en d\u00e9veloppement. Les bourses commencent \u00e0 6 000 livres sterling et augmentent jusqu&rsquo;\u00e0 15 000 livres sterling pour les projets qui franchissent chaque \u00e9tape avec succ\u00e8s.<\/p>\n\n\n\n<h2 class=\"wp-block-heading has-medium-font-size\"><a href=\"https:\/\/zaa.org\/conservation_grants\">ZAA Conservation Grants<\/a><\/h2>\n\n\n\n<p>Le ZAA Conservation Fund accorde des subventions allant jusqu&rsquo;\u00e0 5 000 dollars am\u00e9ricains pour contribuer \u00e0 la conservation des esp\u00e8ces menac\u00e9es et de leurs habitats dans le monde entier. Les propositions seront accept\u00e9es du 1er janvier 2023 au 15 avril 2024.<\/p>\n\n\n\n<h2 class=\"wp-block-heading has-medium-font-size\"><a href=\"https:\/\/www.explorers.org\/grants\/\">The Explorers Club<\/a><\/h2>\n\n\n\n<p>Le Explores Club soutient le travail scientifique sur le terrain d&rsquo;explorateurs novateurs dans le monde entier.<\/p>\n\n<\/div>","protected":false},"excerpt":{"rendered":"<p>Informations sur les financements et les prix disponibles si vous \u00e9tudiez ou vous effectuez des recherches dans un pays du bassin du Congo. Aspire Grant Program Le programme Aspire Grant offre des bourses de recherche comp\u00e9titives allant jusqu&rsquo;\u00e0 5 000 USD aux \u00e9tudiants africains et aux professionnels en d\u00e9but de carri\u00e8re travaillant dans les domaines de la biodiversit\u00e9, de la conservation et de la durabilit\u00e9 environnementale dans la r\u00e9gion du bassin du Congo. Date limite de candidature : 11 juin &#8230; <a title=\"Financement pour les scientifiques\" class=\"read-more\" href=\"https:\/\/congobasinscience.net\/fr\/ressources\/financement-pour-les-scientifiques\/\" aria-label=\"Read more about Financement pour les scientifiques\">Lire plus<\/a><\/p>\n","protected":false},"author":1064,"featured_media":5001,"parent":5347,"menu_order":0,"comment_status":"closed","ping_status":"closed","template":"","meta":{"_acf_changed":false,"inline_featured_image":false,"footnotes":""},"class_list":["post-5343","page","type-page","status-publish","has-post-thumbnail"],"acf":[],"yoast_head":"<title>Financement pour les scientifiques | Initiative Science pour le Bassin du Congo<\/title>\n<meta name=\"description\" content=\"Possibilit\u00e9s de financement pour les scientifiques du bassin du Congo. Subventions pour des stages interdisciplinaires, des \u00e9cologistes, des chercheurs, des sp\u00e9cialistes des tourbi\u00e8res et des \u00e9tudiants africains.\" \/>\n<meta name=\"robots\" content=\"index, follow, max-snippet:-1, max-image-preview:large, max-video-preview:-1\" \/>\n<link rel=\"canonical\" href=\"https:\/\/congobasinscience.net\/fr\/ressources\/financement-pour-les-scientifiques\/\" \/>\n<meta property=\"og:locale\" content=\"fr_FR\" \/>\n<meta property=\"og:type\" content=\"article\" \/>\n<meta property=\"og:title\" content=\"Financement pour les scientifiques | Initiative Science pour le Bassin du Congo\" \/>\n<meta property=\"og:description\" content=\"Possibilit\u00e9s de financement pour les scientifiques du bassin du Congo. Subventions pour des stages interdisciplinaires, des \u00e9cologistes, des chercheurs, des sp\u00e9cialistes des tourbi\u00e8res et des \u00e9tudiants africains.\" \/>\n<meta property=\"og:url\" content=\"https:\/\/congobasinscience.net\/fr\/ressources\/financement-pour-les-scientifiques\/\" \/>\n<meta property=\"og:site_name\" content=\"Initiative Science pour le Bassin du Congo\" \/>\n<meta property=\"article:modified_time\" content=\"2025-04-29T15:41:57+00:00\" \/>\n<meta property=\"og:image\" content=\"https:\/\/congobasinscience.net\/wp-content\/uploads\/sites\/147\/2023\/10\/funding_for_scientists.jpg\" \/>\n\t<meta property=\"og:image:width\" content=\"1920\" \/>\n\t<meta property=\"og:image:height\" content=\"1440\" \/>\n\t<meta property=\"og:image:type\" content=\"image\/jpeg\" \/>\n<meta name=\"twitter:card\" content=\"summary_large_image\" \/>\n<meta name=\"twitter:label1\" content=\"Dur\u00e9e de lecture estim\u00e9e\" \/>\n\t<meta name=\"twitter:data1\" content=\"5 minutes\" \/>\n<script type=\"application\/ld+json\" class=\"yoast-schema-graph\">{\"@context\":\"https:\\\/\\\/schema.org\",\"@graph\":[{\"@type\":\"WebPage\",\"@id\":\"https:\\\/\\\/congobasinscience.net\\\/fr\\\/ressources\\\/financement-pour-les-scientifiques\\\/\",\"url\":\"https:\\\/\\\/congobasinscience.net\\\/fr\\\/ressources\\\/financement-pour-les-scientifiques\\\/\",\"name\":\"Financement pour les scientifiques | Initiative Science pour le Bassin du Congo\",\"isPartOf\":{\"@id\":\"https:\\\/\\\/congobasinscience.net\\\/fr\\\/#website\"},\"primaryImageOfPage\":{\"@id\":\"https:\\\/\\\/congobasinscience.net\\\/fr\\\/ressources\\\/financement-pour-les-scientifiques\\\/#primaryimage\"},\"image\":{\"@id\":\"https:\\\/\\\/congobasinscience.net\\\/fr\\\/ressources\\\/financement-pour-les-scientifiques\\\/#primaryimage\"},\"thumbnailUrl\":\"https:\\\/\\\/congobasinscience.net\\\/wp-content\\\/uploads\\\/sites\\\/147\\\/2023\\\/10\\\/funding_for_scientists.jpg\",\"datePublished\":\"2023-10-03T19:26:58+00:00\",\"dateModified\":\"2025-04-29T15:41:57+00:00\",\"description\":\"Possibilit\u00e9s de financement pour les scientifiques du bassin du Congo. Subventions pour des stages interdisciplinaires, des \u00e9cologistes, des chercheurs, des sp\u00e9cialistes des tourbi\u00e8res et des \u00e9tudiants africains.\",\"breadcrumb\":{\"@id\":\"https:\\\/\\\/congobasinscience.net\\\/fr\\\/ressources\\\/financement-pour-les-scientifiques\\\/#breadcrumb\"},\"inLanguage\":\"fr-FR\",\"potentialAction\":[{\"@type\":\"ReadAction\",\"target\":[\"https:\\\/\\\/congobasinscience.net\\\/fr\\\/ressources\\\/financement-pour-les-scientifiques\\\/\"]}]},{\"@type\":\"ImageObject\",\"inLanguage\":\"fr-FR\",\"@id\":\"https:\\\/\\\/congobasinscience.net\\\/fr\\\/ressources\\\/financement-pour-les-scientifiques\\\/#primaryimage\",\"url\":\"https:\\\/\\\/congobasinscience.net\\\/wp-content\\\/uploads\\\/sites\\\/147\\\/2023\\\/10\\\/funding_for_scientists.jpg\",\"contentUrl\":\"https:\\\/\\\/congobasinscience.net\\\/wp-content\\\/uploads\\\/sites\\\/147\\\/2023\\\/10\\\/funding_for_scientists.jpg\",\"width\":1920,\"height\":1440,\"caption\":\"Cr\u00e9dit image : Fran\u00e7ois Sandrin\"},{\"@type\":\"BreadcrumbList\",\"@id\":\"https:\\\/\\\/congobasinscience.net\\\/fr\\\/ressources\\\/financement-pour-les-scientifiques\\\/#breadcrumb\",\"itemListElement\":[{\"@type\":\"ListItem\",\"position\":1,\"name\":\"Home\",\"item\":\"https:\\\/\\\/congobasinscience.net\\\/fr\\\/\"},{\"@type\":\"ListItem\",\"position\":2,\"name\":\"Ressources\",\"item\":\"https:\\\/\\\/congobasinscience.net\\\/fr\\\/resources\\\/\"},{\"@type\":\"ListItem\",\"position\":3,\"name\":\"Financement pour les scientifiques\"}]},{\"@type\":\"WebSite\",\"@id\":\"https:\\\/\\\/congobasinscience.net\\\/fr\\\/#website\",\"url\":\"https:\\\/\\\/congobasinscience.net\\\/fr\\\/\",\"name\":\"Initiative Science pour le Bassin du Congo\",\"description\":\"\",\"publisher\":{\"@id\":\"https:\\\/\\\/congobasinscience.net\\\/fr\\\/#organization\"},\"alternateName\":\"CBSI\",\"potentialAction\":[{\"@type\":\"SearchAction\",\"target\":{\"@type\":\"EntryPoint\",\"urlTemplate\":\"https:\\\/\\\/congobasinscience.net\\\/fr\\\/?s={search_term_string}\"},\"query-input\":{\"@type\":\"PropertyValueSpecification\",\"valueRequired\":true,\"valueName\":\"search_term_string\"}}],\"inLanguage\":\"fr-FR\"},{\"@type\":\"Organization\",\"@id\":\"https:\\\/\\\/congobasinscience.net\\\/fr\\\/#organization\",\"name\":\"Initiative Science pour le Bassin du Congo\",\"alternateName\":\"CBSI\",\"url\":\"https:\\\/\\\/congobasinscience.net\\\/fr\\\/\",\"logo\":{\"@type\":\"ImageObject\",\"inLanguage\":\"fr-FR\",\"@id\":\"https:\\\/\\\/congobasinscience.net\\\/fr\\\/#\\\/schema\\\/logo\\\/image\\\/\",\"url\":\"https:\\\/\\\/congobasinscience.net\\\/wp-content\\\/uploads\\\/sites\\\/147\\\/2023\\\/10\\\/cbsi_logo_FR_white.svg\",\"contentUrl\":\"https:\\\/\\\/congobasinscience.net\\\/wp-content\\\/uploads\\\/sites\\\/147\\\/2023\\\/10\\\/cbsi_logo_FR_white.svg\",\"width\":574,\"height\":163,\"caption\":\"Initiative Science pour le Bassin du Congo\"},\"image\":{\"@id\":\"https:\\\/\\\/congobasinscience.net\\\/fr\\\/#\\\/schema\\\/logo\\\/image\\\/\"}}]}<\/script>","yoast_head_json":{"title":"Financement pour les scientifiques | Initiative Science pour le Bassin du Congo","description":"Possibilit\u00e9s de financement pour les scientifiques du bassin du Congo. Subventions pour des stages interdisciplinaires, des \u00e9cologistes, des chercheurs, des sp\u00e9cialistes des tourbi\u00e8res et des \u00e9tudiants africains.","robots":{"index":"index","follow":"follow","max-snippet":"max-snippet:-1","max-image-preview":"max-image-preview:large","max-video-preview":"max-video-preview:-1"},"canonical":"https:\/\/congobasinscience.net\/fr\/ressources\/financement-pour-les-scientifiques\/","og_locale":"fr_FR","og_type":"article","og_title":"Financement pour les scientifiques | Initiative Science pour le Bassin du Congo","og_description":"Possibilit\u00e9s de financement pour les scientifiques du bassin du Congo. Subventions pour des stages interdisciplinaires, des \u00e9cologistes, des chercheurs, des sp\u00e9cialistes des tourbi\u00e8res et des \u00e9tudiants africains.","og_url":"https:\/\/congobasinscience.net\/fr\/ressources\/financement-pour-les-scientifiques\/","og_site_name":"Initiative Science pour le Bassin du Congo","article_modified_time":"2025-04-29T15:41:57+00:00","og_image":[{"width":1920,"height":1440,"url":"https:\/\/congobasinscience.net\/wp-content\/uploads\/sites\/147\/2023\/10\/funding_for_scientists.jpg","type":"image\/jpeg"}],"twitter_card":"summary_large_image","twitter_misc":{"Dur\u00e9e de lecture estim\u00e9e":"5 minutes"},"schema":{"@context":"https:\/\/schema.org","@graph":[{"@type":"WebPage","@id":"https:\/\/congobasinscience.net\/fr\/ressources\/financement-pour-les-scientifiques\/","url":"https:\/\/congobasinscience.net\/fr\/ressources\/financement-pour-les-scientifiques\/","name":"Financement pour les scientifiques | Initiative Science pour le Bassin du Congo","isPartOf":{"@id":"https:\/\/congobasinscience.net\/fr\/#website"},"primaryImageOfPage":{"@id":"https:\/\/congobasinscience.net\/fr\/ressources\/financement-pour-les-scientifiques\/#primaryimage"},"image":{"@id":"https:\/\/congobasinscience.net\/fr\/ressources\/financement-pour-les-scientifiques\/#primaryimage"},"thumbnailUrl":"https:\/\/congobasinscience.net\/wp-content\/uploads\/sites\/147\/2023\/10\/funding_for_scientists.jpg","datePublished":"2023-10-03T19:26:58+00:00","dateModified":"2025-04-29T15:41:57+00:00","description":"Possibilit\u00e9s de financement pour les scientifiques du bassin du Congo. Subventions pour des stages interdisciplinaires, des \u00e9cologistes, des chercheurs, des sp\u00e9cialistes des tourbi\u00e8res et des \u00e9tudiants africains.","breadcrumb":{"@id":"https:\/\/congobasinscience.net\/fr\/ressources\/financement-pour-les-scientifiques\/#breadcrumb"},"inLanguage":"fr-FR","potentialAction":[{"@type":"ReadAction","target":["https:\/\/congobasinscience.net\/fr\/ressources\/financement-pour-les-scientifiques\/"]}]},{"@type":"ImageObject","inLanguage":"fr-FR","@id":"https:\/\/congobasinscience.net\/fr\/ressources\/financement-pour-les-scientifiques\/#primaryimage","url":"https:\/\/congobasinscience.net\/wp-content\/uploads\/sites\/147\/2023\/10\/funding_for_scientists.jpg","contentUrl":"https:\/\/congobasinscience.net\/wp-content\/uploads\/sites\/147\/2023\/10\/funding_for_scientists.jpg","width":1920,"height":1440,"caption":"Cr\u00e9dit image : Fran\u00e7ois Sandrin"},{"@type":"BreadcrumbList","@id":"https:\/\/congobasinscience.net\/fr\/ressources\/financement-pour-les-scientifiques\/#breadcrumb","itemListElement":[{"@type":"ListItem","position":1,"name":"Home","item":"https:\/\/congobasinscience.net\/fr\/"},{"@type":"ListItem","position":2,"name":"Ressources","item":"https:\/\/congobasinscience.net\/fr\/resources\/"},{"@type":"ListItem","position":3,"name":"Financement pour les scientifiques"}]},{"@type":"WebSite","@id":"https:\/\/congobasinscience.net\/fr\/#website","url":"https:\/\/congobasinscience.net\/fr\/","name":"Initiative Science pour le Bassin du Congo","description":"","publisher":{"@id":"https:\/\/congobasinscience.net\/fr\/#organization"},"alternateName":"CBSI","potentialAction":[{"@type":"SearchAction","target":{"@type":"EntryPoint","urlTemplate":"https:\/\/congobasinscience.net\/fr\/?s={search_term_string}"},"query-input":{"@type":"PropertyValueSpecification","valueRequired":true,"valueName":"search_term_string"}}],"inLanguage":"fr-FR"},{"@type":"Organization","@id":"https:\/\/congobasinscience.net\/fr\/#organization","name":"Initiative Science pour le Bassin du Congo","alternateName":"CBSI","url":"https:\/\/congobasinscience.net\/fr\/","logo":{"@type":"ImageObject","inLanguage":"fr-FR","@id":"https:\/\/congobasinscience.net\/fr\/#\/schema\/logo\/image\/","url":"https:\/\/congobasinscience.net\/wp-content\/uploads\/sites\/147\/2023\/10\/cbsi_logo_FR_white.svg","contentUrl":"https:\/\/congobasinscience.net\/wp-content\/uploads\/sites\/147\/2023\/10\/cbsi_logo_FR_white.svg","width":574,"height":163,"caption":"Initiative Science pour le Bassin du Congo"},"image":{"@id":"https:\/\/congobasinscience.net\/fr\/#\/schema\/logo\/image\/"}}]}},"_links":{"self":[{"href":"https:\/\/congobasinscience.net\/fr\/wp-json\/wp\/v2\/pages\/5343","targetHints":{"allow":["GET"]}}],"collection":[{"href":"https:\/\/congobasinscience.net\/fr\/wp-json\/wp\/v2\/pages"}],"about":[{"href":"https:\/\/congobasinscience.net\/fr\/wp-json\/wp\/v2\/types\/page"}],"author":[{"embeddable":true,"href":"https:\/\/congobasinscience.net\/fr\/wp-json\/wp\/v2\/users\/1064"}],"replies":[{"embeddable":true,"href":"https:\/\/congobasinscience.net\/fr\/wp-json\/wp\/v2\/comments?post=5343"}],"version-history":[{"count":0,"href":"https:\/\/congobasinscience.net\/fr\/wp-json\/wp\/v2\/pages\/5343\/revisions"}],"up":[{"embeddable":true,"href":"https:\/\/congobasinscience.net\/fr\/wp-json\/wp\/v2\/pages\/5347"}],"wp:featuredmedia":[{"embeddable":true,"href":"https:\/\/congobasinscience.net\/fr\/wp-json\/wp\/v2\/media\/5001"}],"wp:attachment":[{"href":"https:\/\/congobasinscience.net\/fr\/wp-json\/wp\/v2\/media?parent=5343"}],"curies":[{"name":"wp","href":"https:\/\/api.w.org\/{rel}","templated":true}]}}