
{"id":5338,"date":"2023-10-03T20:27:09","date_gmt":"2023-10-03T19:27:09","guid":{"rendered":"https:\/\/congobasinscience.net\/donnees\/"},"modified":"2024-04-14T13:06:34","modified_gmt":"2024-04-14T12:06:34","slug":"donnees","status":"publish","type":"page","link":"https:\/\/congobasinscience.net\/fr\/ressources\/donnees\/","title":{"rendered":"Donn\u00e9es"},"content":{"rendered":"\n<h2 class=\"gb-headline gb-headline-e77bc50a gb-headline-text balance-text\">These are important datasets that are available about the Congo Basin, organised into the same themes as the six Congo Basin Observatories, to show what data is available and what CBSI will build on. As nature does not fit neatly into categories, what is included in each grouping will evolve.<\/h2>\n\n\n\n<p class=\"has-base-3-color has-accent-2-background-color has-text-color has-background\"><strong>PAGE UNDER CONSTRUCTION<\/strong><\/p>\n\n\n<div class=\"gb-container gb-container-3ae1cb5a\">\n\n<p class=\"has-yellow-background-color has-background\">Please <a href=\"https:\/\/congobasinscience.net\/fr\/a-propos\/contactez-nous\/\">contact us<\/a> to add datasets here.<\/p>\n\n\n\n<div class=\"wp-block-group contents is-vertical is-layout-flex wp-container-core-group-is-layout-8cf370e7 wp-block-group-is-layout-flex\">\n<h2 class=\"gb-headline gb-headline-63160b72\"><span class=\"gb-icon\"><svg xmlns=\"http:\/\/www.w3.org\/2000\/svg\" viewBox=\"0 0 512 512\"><path d=\"M208 16H416c26.5 0 48 21.5 48 48V448c0 26.5-21.5 48-48 48H208V16zm-16 0V496H128c-26.5 0-48-21.5-48-48V392h40c4.4 0 8-3.6 8-8s-3.6-8-8-8H80V264h40c4.4 0 8-3.6 8-8s-3.6-8-8-8H80V136h40c4.4 0 8-3.6 8-8s-3.6-8-8-8H80V64c0-26.5 21.5-48 48-48h64zM64 392v56c0 35.3 28.7 64 64 64H416c35.3 0 64-28.7 64-64V64c0-35.3-28.7-64-64-64H128C92.7 0 64 28.7 64 64v56H8c-4.4 0-8 3.6-8 8s3.6 8 8 8H64V248H8c-4.4 0-8 3.6-8 8s3.6 8 8 8H64V376H8c-4.4 0-8 3.6-8 8s3.6 8 8 8H64z\"><\/path><\/svg><\/span><span class=\"gb-headline-text\"><span class=\"gb-icon\"><\/span><span class=\"gb-headline-text\">Contents<\/span><\/span><\/h2>\n\n\n\n<p class=\"gb-headline gb-headline-145e160b gb-headline-text\"><a class=\"smooth-scroll\" href=\"#climate\">Climate and Meteorology<\/a><\/p>\n\n\n\n<p class=\"gb-headline gb-headline-2c4c6973 gb-headline-text\"><a class=\"smooth-scroll\" href=\"#vegetation\">Vegetation, Soil and Biochemistry<\/a><\/p>\n\n\n\n<p class=\"gb-headline gb-headline-1ab53549 gb-headline-text\"><a class=\"smooth-scroll\" href=\"#hydrology\">Hydrology and Freshwater Habitats<\/a><\/p>\n\n\n\n<p class=\"gb-headline gb-headline-a4d5c826 gb-headline-text\"><a class=\"smooth-scroll\" href=\"#biodiversity\">Biodiversity and Autecology<\/a><\/p>\n\n\n\n<p class=\"gb-headline gb-headline-c635aae1 gb-headline-text\"><a class=\"smooth-scroll\" href=\"#land-cover\">Land Cover and Land Use Change<\/a><\/p>\n\n\n\n<p class=\"gb-headline gb-headline-3e900bc9 gb-headline-text\"><a href=\"#socio-ecology\">Socio-ecology and Economics<\/a><\/p>\n<\/div>\n\n<\/div>\n\n\n<h2 class=\"gb-headline gb-headline-f61929de\" id=\"climate\"><span class=\"gb-icon\"><svg xmlns=\"http:\/\/www.w3.org\/2000\/svg\" viewBox=\"0 0 512 512\"><path d=\"M496 256c0-13.8-1.2-27.3-3.4-40.5l-65.2-13c-4.1-.8-8.3 1.2-10.2 5c-7.6 15.1-25.1 22.4-41.2 17L362 219.8c-4.8-1.6-10-.3-13.6 3.2c-.6 .6-.6 1.5 0 2.1l33.5 33.5c6.5 6.5 10.2 15.4 10.2 24.6c0 16-10.9 29.9-26.3 33.7l-5.3 1.3c-.2 0-.3 .2-.3 .4v12.1c0 15.6-5.1 30.7-14.4 43.2L320 408c-7.6 10.1-19.4 16-32 16c-22.1 0-40-17.9-40-40V336c0-4.4-3.6-8-8-8H208c-30.9 0-56-25.1-56-56V244c0-15.1 7.1-29.3 19.2-38.4l39.4-29.5c7-5.2 15.5-8.1 24.2-8.1c4.3 0 8.6 .7 12.7 2.1l32 10.7c5.8 1.9 12 2.2 17.9 .7l35.4-8.8c6.6-1.7 11.3-7.6 11.3-14.4c0-5.6-3.2-10.8-8.2-13.3l-29.2-14.6c-.6-.3-1.3-.2-1.8 .3l-3.9 3.9c-6.1 6.1-14.4 9.5-23.1 9.5c-5.1 0-10.1-1.2-14.6-3.4L248 132.9c-3.4-1.7-7.5-.8-9.8 2.2l-13.6 17c-8.5 10.6-24.3 11.5-33.9 1.9c-4.3-4.3-6.7-10.1-6.7-16.1V96.5c0-4.2-1.1-8.3-3.2-11.9L154.5 38.5C72.7 76.7 16 159.7 16 256c0 132.5 107.5 240 240 240s240-107.5 240-240zm-6.9-57.5C463.3 93.7 368.7 16 256 16c-30.6 0-59.8 5.7-86.7 16.1l25.4 44.5c3.5 6 5.3 12.9 5.3 19.8v41.4c0 1.8 .7 3.5 2 4.8c2.9 2.9 7.6 2.6 10.1-.6l13.6-17c7.1-8.8 19.4-11.5 29.5-6.5l15.2 7.6c2.3 1.2 4.8 1.8 7.4 1.8c4.4 0 8.6-1.7 11.7-4.9l3.9-3.9c5.3-5.3 13.5-6.7 20.2-3.3l29.2 14.6c10.5 5.2 17.1 15.9 17.1 27.6c0 14.2-9.6 26.5-23.4 30l-35.4 8.8c-8.9 2.2-18.2 1.9-26.8-1l-32-10.7c-2.5-.8-5.1-1.2-7.7-1.2c-5.3 0-10.4 1.7-14.6 4.9l-39.4 29.5c-8.1 6-12.8 15.5-12.8 25.6v28c0 22.1 17.9 40 40 40h32c13.3 0 24 10.7 24 24v48c0 13.3 10.7 24 24 24c7.6 0 14.7-3.6 19.2-9.6l25.6-34.1c7.3-9.7 11.2-21.5 11.2-33.6V318.6c0-7.5 5.1-14.1 12.5-16l5.3-1.3c8.4-2.1 14.2-9.6 14.2-18.2c0-5-2-9.8-5.5-13.3L337 236.3c-6.8-6.8-6.8-17.9 0-24.7c7.8-7.8 19.5-10.6 30-7.1l14.1 4.7c8.5 2.8 17.8-1 21.8-9c5.1-10.2 16.4-15.7 27.6-13.5l58.5 11.7zM0 256a256 256 0 1 1 512 0A256 256 0 1 1 0 256z\"><\/path><\/svg><\/span><span class=\"gb-headline-text\">Climate and Meteorology<\/span><\/h2>\n\n\n\n<h2 class=\"gb-headline gb-headline-4d1fd737\" id=\"vegetation\"><span class=\"gb-icon\"><svg xmlns=\"http:\/\/www.w3.org\/2000\/svg\" viewBox=\"0 0 512 512\"><path d=\"M480 16c8.8 0 16 7.2 16 16c0 102.9-74.7 188.4-172.9 205.1c1 5.2 1.9 10.5 2.6 15.8C431.4 234.9 512 142.9 512 32c0-17.7-14.3-32-32-32H448C367 0 296 43 256.6 107.5c3.8 4.1 7.5 8.3 11.1 12.6C303.7 57.9 371 16 448 16h32zM64 80c114.9 0 208 93.1 208 208v16H224C109.1 304 16 210.9 16 96c0-8.8 7.2-16 16-16H64zM32 64C14.3 64 0 78.3 0 96C0 219.7 100.3 320 224 320h48V504c0 4.4 3.6 8 8 8s8-3.6 8-8V320v-8-8V288C288 164.3 187.7 64 64 64H32z\"><\/path><\/svg><\/span><span class=\"gb-headline-text\">Vegetation, Soil and Biochemistry<\/span><\/h2>\n\n\n\n<h2 class=\"gb-headline gb-headline-df0b7cd0\" id=\"hydrology\"><span class=\"gb-icon\"><svg xmlns=\"http:\/\/www.w3.org\/2000\/svg\" viewBox=\"0 0 448 512\"><path d=\"M160 51.2l-42 80c-3.9 7.5-6 15.9-6 24.4V160c0 26.5 21.5 48 48 48s48-21.5 48-48v-4.5c0-8.5-2.1-16.9-6-24.4l-42-80zM148.3 39.1c2.3-4.4 6.8-7.1 11.7-7.1s9.4 2.7 11.7 7.1l44.4 84.6c5.2 9.8 7.8 20.7 7.8 31.8V160c0 35.3-28.7 64-64 64s-64-28.7-64-64v-4.5c0-11.1 2.7-22 7.8-31.8l44.4-84.6zM64 243.2l-42 80c-3.9 7.5-6 15.9-6 24.4V352c0 26.5 21.5 48 48 48s48-21.5 48-48v-4.5c0-8.5-2.1-16.9-6-24.4l-42-80zM52.3 231.1c2.3-4.4 6.8-7.1 11.7-7.1s9.4 2.7 11.7 7.1l44.4 84.6c5.2 9.8 7.8 20.7 7.8 31.8V352c0 35.3-28.7 64-64 64s-64-28.7-64-64v-4.5c0-11.1 2.7-22 7.8-31.8l44.4-84.6zm173.3 61.7c-11.5 17.9-17.5 38.7-17.5 59.9C208 414.1 258.4 464 320 464s112-49.9 112-111.2c0-21.2-6.1-42-17.5-59.9L320 145.2 225.5 292.8zm-13.5-8.6l95.6-149.5c2.7-4.2 7.3-6.7 12.3-6.7s9.6 2.5 12.3 6.7l95.6 149.5C441 304.7 448 328.5 448 352.8C448 423 390.3 480 320 480s-128-57-128-127.2c0-24.3 7-48.1 20.1-68.6z\"><\/path><\/svg><\/span><span class=\"gb-headline-text\">Hydrology and Freshwater Habitats<\/span><\/h2>\n\n\n\n<h2 class=\"gb-headline gb-headline-85ea5213\" id=\"biodiversity\"><span class=\"gb-icon\"><svg xmlns=\"http:\/\/www.w3.org\/2000\/svg\" viewBox=\"0 0 576 512\"><path d=\"M368 48c-30.9 0-56 25.1-56 56c0 .1 0 .3 0 .4c-.2 3.7-2.9 6.8-6.5 7.4L241.3 124C110.6 148.7 16 262.9 16 396v28c0 22.1 17.9 40 40 40H344c13.3 0 24-10.7 24-24s-10.7-24-24-24H304.1c-1.8 0-3.6-.6-5.1-1.8c-3.5-2.8-4-7.8-1.2-11.2l6.9-8.6 7-8.7c10.6-13.3 16.4-29.8 16.4-46.8v-3.7c0-19.5-7.9-37.2-20.6-50.1c-12.9-13-30.8-21.1-50.6-21.1c-18.9 0-37 7.5-50.3 20.9l-40.8 40.8c-3.1 3.1-8.2 3.1-11.3 0s-3.1-8.2 0-11.3l40.8-40.8c16.4-16.4 38.5-25.5 61.7-25.5c19.1 0 36.8 6.1 51.1 16.5c21.9 15.8 36.1 41.6 36.1 70.7v3.7c0 20.6-7 40.7-19.9 56.8l-3.4 4.3H344c22.1 0 40 17.9 40 40s-17.9 40-40 40H56c-30.9 0-56-25.1-56-56V396C0 255.3 100.1 134.4 238.4 108.3l57.9-11C299.7 60.7 330.5 32 368 32c39.2 0 71.1 31.4 72 70.4c39.6 7 74 18.4 97.6 27.6c24.3 9.5 38.4 33.2 38.4 58.5c0 24.9-13.6 47.7-35.4 59.6L404.2 322.5 515.9 464H568c4.4 0 8 3.6 8 8s-3.6 8-8 8H512c-2.4 0-4.8-1.1-6.3-3l-120-152c-1.5-1.8-2-4.2-1.6-6.6s1.9-4.3 4-5.4l144.8-79c16.7-9.1 27.1-26.6 27.1-45.6c0-19.5-10.8-36.8-28.2-43.6c-24.3-9.5-60.1-21.3-101.2-27.8c-4.1-.7-7-4.4-6.7-8.5c.1-1.5 .2-3 .2-4.5c0-30.9-25.1-56-56-56zm0 48a16 16 0 1 1 0 32 16 16 0 1 1 0-32z\"><\/path><\/svg><\/span><span class=\"gb-headline-text\">Biodiversity and Autecology<\/span><\/h2>\n\n\n\n<h2 class=\"gb-headline gb-headline-ed35c89e\" id=\"land-cover\"><span class=\"gb-icon\"><svg xmlns=\"http:\/\/www.w3.org\/2000\/svg\" viewBox=\"0 0 640 512\"><path d=\"M198 19L310 146.5c1.3 1.5 2 3.4 2 5.4c0 4.5-3.6 8.1-8.1 8.1H248c-3.3 0-6.2 2-7.4 5.1s-.4 6.5 2 8.8L341.6 267c1.5 1.4 2.4 3.4 2.4 5.5c0 4.2-3.4 7.5-7.5 7.5H272c-3.3 0-6.2 2-7.4 5.1s-.4 6.5 2 8.8L365.6 387c1.5 1.4 2.4 3.4 2.4 5.5c0 4.2-3.4 7.5-7.5 7.5H235.3 200V200c0-4.4-3.6-8-8-8s-8 3.6-8 8V400H148.7 23.5c-4.1 0-7.5-3.4-7.5-7.5c0-2.1 .9-4.1 2.4-5.5l99.1-93.2c2.4-2.2 3.2-5.7 2-8.8s-4.2-5.1-7.4-5.1H47.5c-4.2 0-7.5-3.4-7.5-7.5c0-2.1 .9-4.1 2.4-5.5l99.1-93.2c2.4-2.2 3.2-5.7 2-8.8s-4.2-5.1-7.4-5.1H80.1c-4.5 0-8.1-3.6-8.1-8.1c0-2 .7-3.9 2-5.4L186 19c3.2-3.6 8.8-3.6 12 0zM148.7 416H184v88c0 4.4 3.6 8 8 8s8-3.6 8-8V416h35.3H360.5c13 0 23.5-10.5 23.5-23.5c0-6.5-2.7-12.7-7.4-17.1L292.2 296h44.3c13 0 23.5-10.5 23.5-23.5c0-6.5-2.7-12.7-7.4-17.1L268.2 176h35.7c13.3 0 24.1-10.8 24.1-24.1c0-5.9-2.1-11.5-6-15.9L210 8.4c-9.6-10.9-26.5-10.9-36.1 0L62 135.9c-3.9 4.4-6 10.1-6 15.9C56 165.2 66.8 176 80.1 176h35.7L31.4 255.4C26.7 259.8 24 266 24 272.5c0 13 10.5 23.5 23.5 23.5H91.8L7.4 375.4C2.7 379.8 0 386 0 392.5c0 13 10.5 23.5 23.5 23.5H148.7zM429.9 8.7l-84 97.4c-2.9 3.3-2.5 8.4 .8 11.3s8.4 2.5 11.3-.8l84-97.4c3.2-3.7 8.9-3.7 12.1-.1L566 146.5c1.3 1.5 2 3.4 2 5.4c0 4.5-3.6 8.1-8.1 8.1H504c-3.3 0-6.2 2-7.4 5.1s-.4 6.5 2 8.8L597.6 267c1.5 1.4 2.4 3.4 2.4 5.5c0 4.2-3.4 7.5-7.5 7.5H528c-3.3 0-6.2 2-7.4 5.1s-.4 6.5 2 8.8L621.6 387c1.5 1.4 2.4 3.4 2.4 5.5c0 4.2-3.4 7.5-7.5 7.5H456V200c0-4.4-3.6-8-8-8s-8 3.6-8 8V504c0 4.4 3.6 8 8 8s8-3.6 8-8V416H616.5c13 0 23.5-10.5 23.5-23.5c0-6.5-2.7-12.7-7.4-17.1L548.2 296h44.3c13 0 23.5-10.5 23.5-23.5c0-6.5-2.7-12.7-7.4-17.1L524.2 176h35.7c13.3 0 24.1-10.8 24.1-24.1c0-5.9-2.1-11.5-6-15.9L466.1 8.5c-9.6-11-26.7-10.9-36.2 .2z\"><\/path><\/svg><\/span><span class=\"gb-headline-text\">Land Cover and Land Use Change<\/span><\/h2>\n\n\n\n<h2 class=\"gb-headline gb-headline-2f12a235\" id=\"socio-ecology\"><span class=\"gb-icon\"><svg xmlns=\"http:\/\/www.w3.org\/2000\/svg\" viewBox=\"0 0 512 512\"><path d=\"M260.2 1.2c-2.6-1.6-5.8-1.6-8.4 0l-248 152c-2.4 1.5-3.8 4-3.8 6.8V504c0 4.4 3.6 8 8 8s8-3.6 8-8V164.5L256 17.4 496 164.5V504c0 4.4 3.6 8 8 8s8-3.6 8-8V160c0-2.8-1.4-5.4-3.8-6.8l-248-152zM232 168a24 24 0 1 1 48 0 24 24 0 1 1 -48 0zm64 0a40 40 0 1 0 -80 0 40 40 0 1 0 80 0zM216 296c0-4.4-3.6-8-8-8s-8 3.6-8 8V480c0 17.7 14.3 32 32 32c9.6 0 18.1-4.2 24-10.8c5.9 6.6 14.4 10.8 24 10.8c17.7 0 32-14.3 32-32V296c0-4.4-3.6-8-8-8s-8 3.6-8 8V480c0 8.8-7.2 16-16 16s-16-7.2-16-16V384c0-4.4-3.6-8-8-8h0 0c-4.4 0-8 3.6-8 8v96c0 8.8-7.2 16-16 16s-16-7.2-16-16V296zm-21.7-25.4c9.5-18.8 28.8-30.6 49.9-30.6h23.6c21.1 0 40.4 11.8 49.9 30.6l43.1 85c2 3.9 6.8 5.5 10.8 3.5s5.5-6.8 3.5-10.8l-43.1-85c-12.3-24.2-37.1-39.4-64.2-39.4H244.2c-27.1 0-51.9 15.2-64.2 39.4l-43.1 85c-2 3.9-.4 8.8 3.5 10.8s8.8 .4 10.8-3.5l43.1-85z\"><\/path><\/svg><\/span><span class=\"gb-headline-text\">Socio-ecology and Economics<\/span><\/h2>\n","protected":false},"excerpt":{"rendered":"<p>These are important datasets that are available about the Congo Basin, organised into the same themes as the six Congo Basin Observatories, to show what data is available and what CBSI will build on. As nature does not fit neatly into categories, what is included in each grouping will evolve. PAGE UNDER CONSTRUCTION Please contact us to add datasets here. Contents Climate and Meteorology Vegetation, Soil and Biochemistry Hydrology and Freshwater Habitats Biodiversity and Autecology Land Cover and Land Use &#8230; <a title=\"Donn\u00e9es\" class=\"read-more\" href=\"https:\/\/congobasinscience.net\/fr\/ressources\/donnees\/\" aria-label=\"Read more about Donn\u00e9es\">Lire plus<\/a><\/p>\n","protected":false},"author":1064,"featured_media":4854,"parent":5347,"menu_order":2,"comment_status":"closed","ping_status":"closed","template":"","meta":{"_acf_changed":false,"inline_featured_image":false,"footnotes":""},"class_list":["post-5338","page","type-page","status-publish","has-post-thumbnail"],"acf":[],"yoast_head":"<title>Donn\u00e9es | Initiative Science pour le Bassin du Congo<\/title>\n<meta name=\"description\" content=\"Acc\u00e9dez \u00e0 de pr\u00e9cieuses ressources de donn\u00e9es relatives au bassin du Congo gr\u00e2ce \u00e0 l&#039;Initiative Science pour le Bassin du Congo (CBSI). Explorez des ensembles de donn\u00e9es sur divers sujets, notamment le d\u00e9bit de cinq fleuves du bassin du Congo, les bassins hydrologiques, le bilan carbone des for\u00eats tropicales africaines et des informations sur la superficie, la profondeur et le stockage du carbone dans les tourbi\u00e8res du centre du Congo.\" \/>\n<meta name=\"robots\" content=\"index, follow, max-snippet:-1, max-image-preview:large, max-video-preview:-1\" \/>\n<link rel=\"canonical\" href=\"https:\/\/congobasinscience.net\/fr\/ressources\/donnees\/\" \/>\n<meta property=\"og:locale\" content=\"fr_FR\" \/>\n<meta property=\"og:type\" content=\"article\" \/>\n<meta property=\"og:title\" content=\"Donn\u00e9es | Initiative Science pour le Bassin du Congo\" \/>\n<meta property=\"og:description\" content=\"Acc\u00e9dez \u00e0 de pr\u00e9cieuses ressources de donn\u00e9es relatives au bassin du Congo gr\u00e2ce \u00e0 l&#039;Initiative Science pour le Bassin du Congo (CBSI). Explorez des ensembles de donn\u00e9es sur divers sujets, notamment le d\u00e9bit de cinq fleuves du bassin du Congo, les bassins hydrologiques, le bilan carbone des for\u00eats tropicales africaines et des informations sur la superficie, la profondeur et le stockage du carbone dans les tourbi\u00e8res du centre du Congo.\" \/>\n<meta property=\"og:url\" content=\"https:\/\/congobasinscience.net\/fr\/ressources\/donnees\/\" \/>\n<meta property=\"og:site_name\" content=\"Initiative Science pour le Bassin du Congo\" \/>\n<meta property=\"article:modified_time\" content=\"2024-04-14T12:06:34+00:00\" \/>\n<meta property=\"og:image\" content=\"https:\/\/congobasinscience.net\/wp-content\/uploads\/sites\/147\/2023\/10\/CBSI-6.jpg\" \/>\n\t<meta property=\"og:image:width\" content=\"1920\" \/>\n\t<meta property=\"og:image:height\" content=\"1280\" \/>\n\t<meta property=\"og:image:type\" content=\"image\/jpeg\" \/>\n<meta name=\"twitter:card\" content=\"summary_large_image\" \/>\n<meta name=\"twitter:label1\" content=\"Dur\u00e9e de lecture estim\u00e9e\" \/>\n\t<meta name=\"twitter:data1\" content=\"1 minute\" \/>\n<script type=\"application\/ld+json\" class=\"yoast-schema-graph\">{\"@context\":\"https:\\\/\\\/schema.org\",\"@graph\":[{\"@type\":\"WebPage\",\"@id\":\"https:\\\/\\\/congobasinscience.net\\\/fr\\\/ressources\\\/donnees\\\/\",\"url\":\"https:\\\/\\\/congobasinscience.net\\\/fr\\\/ressources\\\/donnees\\\/\",\"name\":\"Donn\u00e9es | Initiative Science pour le Bassin du Congo\",\"isPartOf\":{\"@id\":\"https:\\\/\\\/congobasinscience.net\\\/fr\\\/#website\"},\"primaryImageOfPage\":{\"@id\":\"https:\\\/\\\/congobasinscience.net\\\/fr\\\/ressources\\\/donnees\\\/#primaryimage\"},\"image\":{\"@id\":\"https:\\\/\\\/congobasinscience.net\\\/fr\\\/ressources\\\/donnees\\\/#primaryimage\"},\"thumbnailUrl\":\"https:\\\/\\\/congobasinscience.net\\\/wp-content\\\/uploads\\\/sites\\\/147\\\/2023\\\/10\\\/CBSI-6.jpg\",\"datePublished\":\"2023-10-03T19:27:09+00:00\",\"dateModified\":\"2024-04-14T12:06:34+00:00\",\"description\":\"Acc\u00e9dez \u00e0 de pr\u00e9cieuses ressources de donn\u00e9es relatives au bassin du Congo gr\u00e2ce \u00e0 l'Initiative Science pour le Bassin du Congo (CBSI). Explorez des ensembles de donn\u00e9es sur divers sujets, notamment le d\u00e9bit de cinq fleuves du bassin du Congo, les bassins hydrologiques, le bilan carbone des for\u00eats tropicales africaines et des informations sur la superficie, la profondeur et le stockage du carbone dans les tourbi\u00e8res du centre du Congo.\",\"breadcrumb\":{\"@id\":\"https:\\\/\\\/congobasinscience.net\\\/fr\\\/ressources\\\/donnees\\\/#breadcrumb\"},\"inLanguage\":\"fr-FR\",\"potentialAction\":[{\"@type\":\"ReadAction\",\"target\":[\"https:\\\/\\\/congobasinscience.net\\\/fr\\\/ressources\\\/donnees\\\/\"]}]},{\"@type\":\"ImageObject\",\"inLanguage\":\"fr-FR\",\"@id\":\"https:\\\/\\\/congobasinscience.net\\\/fr\\\/ressources\\\/donnees\\\/#primaryimage\",\"url\":\"https:\\\/\\\/congobasinscience.net\\\/wp-content\\\/uploads\\\/sites\\\/147\\\/2023\\\/10\\\/CBSI-6.jpg\",\"contentUrl\":\"https:\\\/\\\/congobasinscience.net\\\/wp-content\\\/uploads\\\/sites\\\/147\\\/2023\\\/10\\\/CBSI-6.jpg\",\"width\":1920,\"height\":1280,\"caption\":\"Photo credit: Pascal Boeckx.\"},{\"@type\":\"BreadcrumbList\",\"@id\":\"https:\\\/\\\/congobasinscience.net\\\/fr\\\/ressources\\\/donnees\\\/#breadcrumb\",\"itemListElement\":[{\"@type\":\"ListItem\",\"position\":1,\"name\":\"Home\",\"item\":\"https:\\\/\\\/congobasinscience.net\\\/fr\\\/\"},{\"@type\":\"ListItem\",\"position\":2,\"name\":\"Ressources\",\"item\":\"https:\\\/\\\/congobasinscience.net\\\/fr\\\/resources\\\/\"},{\"@type\":\"ListItem\",\"position\":3,\"name\":\"Donn\u00e9es\"}]},{\"@type\":\"WebSite\",\"@id\":\"https:\\\/\\\/congobasinscience.net\\\/fr\\\/#website\",\"url\":\"https:\\\/\\\/congobasinscience.net\\\/fr\\\/\",\"name\":\"Initiative Science pour le Bassin du Congo\",\"description\":\"\",\"publisher\":{\"@id\":\"https:\\\/\\\/congobasinscience.net\\\/fr\\\/#organization\"},\"alternateName\":\"CBSI\",\"potentialAction\":[{\"@type\":\"SearchAction\",\"target\":{\"@type\":\"EntryPoint\",\"urlTemplate\":\"https:\\\/\\\/congobasinscience.net\\\/fr\\\/?s={search_term_string}\"},\"query-input\":{\"@type\":\"PropertyValueSpecification\",\"valueRequired\":true,\"valueName\":\"search_term_string\"}}],\"inLanguage\":\"fr-FR\"},{\"@type\":\"Organization\",\"@id\":\"https:\\\/\\\/congobasinscience.net\\\/fr\\\/#organization\",\"name\":\"Initiative Science pour le Bassin du Congo\",\"alternateName\":\"CBSI\",\"url\":\"https:\\\/\\\/congobasinscience.net\\\/fr\\\/\",\"logo\":{\"@type\":\"ImageObject\",\"inLanguage\":\"fr-FR\",\"@id\":\"https:\\\/\\\/congobasinscience.net\\\/fr\\\/#\\\/schema\\\/logo\\\/image\\\/\",\"url\":\"https:\\\/\\\/congobasinscience.net\\\/wp-content\\\/uploads\\\/sites\\\/147\\\/2023\\\/10\\\/cbsi_logo_FR_white.svg\",\"contentUrl\":\"https:\\\/\\\/congobasinscience.net\\\/wp-content\\\/uploads\\\/sites\\\/147\\\/2023\\\/10\\\/cbsi_logo_FR_white.svg\",\"width\":574,\"height\":163,\"caption\":\"Initiative Science pour le Bassin du Congo\"},\"image\":{\"@id\":\"https:\\\/\\\/congobasinscience.net\\\/fr\\\/#\\\/schema\\\/logo\\\/image\\\/\"}}]}<\/script>","yoast_head_json":{"title":"Donn\u00e9es | Initiative Science pour le Bassin du Congo","description":"Acc\u00e9dez \u00e0 de pr\u00e9cieuses ressources de donn\u00e9es relatives au bassin du Congo gr\u00e2ce \u00e0 l'Initiative Science pour le Bassin du Congo (CBSI). Explorez des ensembles de donn\u00e9es sur divers sujets, notamment le d\u00e9bit de cinq fleuves du bassin du Congo, les bassins hydrologiques, le bilan carbone des for\u00eats tropicales africaines et des informations sur la superficie, la profondeur et le stockage du carbone dans les tourbi\u00e8res du centre du Congo.","robots":{"index":"index","follow":"follow","max-snippet":"max-snippet:-1","max-image-preview":"max-image-preview:large","max-video-preview":"max-video-preview:-1"},"canonical":"https:\/\/congobasinscience.net\/fr\/ressources\/donnees\/","og_locale":"fr_FR","og_type":"article","og_title":"Donn\u00e9es | Initiative Science pour le Bassin du Congo","og_description":"Acc\u00e9dez \u00e0 de pr\u00e9cieuses ressources de donn\u00e9es relatives au bassin du Congo gr\u00e2ce \u00e0 l'Initiative Science pour le Bassin du Congo (CBSI). Explorez des ensembles de donn\u00e9es sur divers sujets, notamment le d\u00e9bit de cinq fleuves du bassin du Congo, les bassins hydrologiques, le bilan carbone des for\u00eats tropicales africaines et des informations sur la superficie, la profondeur et le stockage du carbone dans les tourbi\u00e8res du centre du Congo.","og_url":"https:\/\/congobasinscience.net\/fr\/ressources\/donnees\/","og_site_name":"Initiative Science pour le Bassin du Congo","article_modified_time":"2024-04-14T12:06:34+00:00","og_image":[{"width":1920,"height":1280,"url":"https:\/\/congobasinscience.net\/wp-content\/uploads\/sites\/147\/2023\/10\/CBSI-6.jpg","type":"image\/jpeg"}],"twitter_card":"summary_large_image","twitter_misc":{"Dur\u00e9e de lecture estim\u00e9e":"1 minute"},"schema":{"@context":"https:\/\/schema.org","@graph":[{"@type":"WebPage","@id":"https:\/\/congobasinscience.net\/fr\/ressources\/donnees\/","url":"https:\/\/congobasinscience.net\/fr\/ressources\/donnees\/","name":"Donn\u00e9es | Initiative Science pour le Bassin du Congo","isPartOf":{"@id":"https:\/\/congobasinscience.net\/fr\/#website"},"primaryImageOfPage":{"@id":"https:\/\/congobasinscience.net\/fr\/ressources\/donnees\/#primaryimage"},"image":{"@id":"https:\/\/congobasinscience.net\/fr\/ressources\/donnees\/#primaryimage"},"thumbnailUrl":"https:\/\/congobasinscience.net\/wp-content\/uploads\/sites\/147\/2023\/10\/CBSI-6.jpg","datePublished":"2023-10-03T19:27:09+00:00","dateModified":"2024-04-14T12:06:34+00:00","description":"Acc\u00e9dez \u00e0 de pr\u00e9cieuses ressources de donn\u00e9es relatives au bassin du Congo gr\u00e2ce \u00e0 l'Initiative Science pour le Bassin du Congo (CBSI). Explorez des ensembles de donn\u00e9es sur divers sujets, notamment le d\u00e9bit de cinq fleuves du bassin du Congo, les bassins hydrologiques, le bilan carbone des for\u00eats tropicales africaines et des informations sur la superficie, la profondeur et le stockage du carbone dans les tourbi\u00e8res du centre du Congo.","breadcrumb":{"@id":"https:\/\/congobasinscience.net\/fr\/ressources\/donnees\/#breadcrumb"},"inLanguage":"fr-FR","potentialAction":[{"@type":"ReadAction","target":["https:\/\/congobasinscience.net\/fr\/ressources\/donnees\/"]}]},{"@type":"ImageObject","inLanguage":"fr-FR","@id":"https:\/\/congobasinscience.net\/fr\/ressources\/donnees\/#primaryimage","url":"https:\/\/congobasinscience.net\/wp-content\/uploads\/sites\/147\/2023\/10\/CBSI-6.jpg","contentUrl":"https:\/\/congobasinscience.net\/wp-content\/uploads\/sites\/147\/2023\/10\/CBSI-6.jpg","width":1920,"height":1280,"caption":"Photo credit: Pascal Boeckx."},{"@type":"BreadcrumbList","@id":"https:\/\/congobasinscience.net\/fr\/ressources\/donnees\/#breadcrumb","itemListElement":[{"@type":"ListItem","position":1,"name":"Home","item":"https:\/\/congobasinscience.net\/fr\/"},{"@type":"ListItem","position":2,"name":"Ressources","item":"https:\/\/congobasinscience.net\/fr\/resources\/"},{"@type":"ListItem","position":3,"name":"Donn\u00e9es"}]},{"@type":"WebSite","@id":"https:\/\/congobasinscience.net\/fr\/#website","url":"https:\/\/congobasinscience.net\/fr\/","name":"Initiative Science pour le Bassin du Congo","description":"","publisher":{"@id":"https:\/\/congobasinscience.net\/fr\/#organization"},"alternateName":"CBSI","potentialAction":[{"@type":"SearchAction","target":{"@type":"EntryPoint","urlTemplate":"https:\/\/congobasinscience.net\/fr\/?s={search_term_string}"},"query-input":{"@type":"PropertyValueSpecification","valueRequired":true,"valueName":"search_term_string"}}],"inLanguage":"fr-FR"},{"@type":"Organization","@id":"https:\/\/congobasinscience.net\/fr\/#organization","name":"Initiative Science pour le Bassin du Congo","alternateName":"CBSI","url":"https:\/\/congobasinscience.net\/fr\/","logo":{"@type":"ImageObject","inLanguage":"fr-FR","@id":"https:\/\/congobasinscience.net\/fr\/#\/schema\/logo\/image\/","url":"https:\/\/congobasinscience.net\/wp-content\/uploads\/sites\/147\/2023\/10\/cbsi_logo_FR_white.svg","contentUrl":"https:\/\/congobasinscience.net\/wp-content\/uploads\/sites\/147\/2023\/10\/cbsi_logo_FR_white.svg","width":574,"height":163,"caption":"Initiative Science pour le Bassin du Congo"},"image":{"@id":"https:\/\/congobasinscience.net\/fr\/#\/schema\/logo\/image\/"}}]}},"_links":{"self":[{"href":"https:\/\/congobasinscience.net\/fr\/wp-json\/wp\/v2\/pages\/5338","targetHints":{"allow":["GET"]}}],"collection":[{"href":"https:\/\/congobasinscience.net\/fr\/wp-json\/wp\/v2\/pages"}],"about":[{"href":"https:\/\/congobasinscience.net\/fr\/wp-json\/wp\/v2\/types\/page"}],"author":[{"embeddable":true,"href":"https:\/\/congobasinscience.net\/fr\/wp-json\/wp\/v2\/users\/1064"}],"replies":[{"embeddable":true,"href":"https:\/\/congobasinscience.net\/fr\/wp-json\/wp\/v2\/comments?post=5338"}],"version-history":[{"count":0,"href":"https:\/\/congobasinscience.net\/fr\/wp-json\/wp\/v2\/pages\/5338\/revisions"}],"up":[{"embeddable":true,"href":"https:\/\/congobasinscience.net\/fr\/wp-json\/wp\/v2\/pages\/5347"}],"wp:featuredmedia":[{"embeddable":true,"href":"https:\/\/congobasinscience.net\/fr\/wp-json\/wp\/v2\/media\/4854"}],"wp:attachment":[{"href":"https:\/\/congobasinscience.net\/fr\/wp-json\/wp\/v2\/media?parent=5338"}],"curies":[{"name":"wp","href":"https:\/\/api.w.org\/{rel}","templated":true}]}}