
{"id":5330,"date":"2023-10-03T20:24:17","date_gmt":"2023-10-03T19:24:17","guid":{"rendered":"https:\/\/congobasinscience.net\/plan-de-science-et-de-renforcement-des-capacites\/"},"modified":"2023-12-08T13:34:59","modified_gmt":"2023-12-08T13:34:59","slug":"plan-de-science-et-de-renforcement-des-capacites","status":"publish","type":"page","link":"https:\/\/congobasinscience.net\/fr\/a-propos\/plan-de-science-et-de-renforcement-des-capacites\/","title":{"rendered":"Plan de science et de renforcement des capacit\u00e9s"},"content":{"rendered":"\n<h2 class=\"gb-headline gb-headline-e77bc50a gb-headline-text balance-text\">Le Plan de science et de renforcement des capacit\u00e9s du CBSI est un cadre \u00e0 long terme visant \u00e0 comprendre le bassin du Congo en tant qu\u2019entit\u00e9 r\u00e9gionale int\u00e9gr\u00e9e, tout en renfor\u00e7ant les capacit\u00e9s, de sorte que les scientifiques de la r\u00e9gion figurent au tout premier plan de la recherche sur le bassin du Congo.<\/h2>\n<div class=\"gb-container gb-container-24cc31c1\">\n\n<p>Le <a href=\"https:\/\/congobasinscience.net\/fr\/investir-dans-la-science-pour-le-bassin-du-congo\/\"><strong>Plan de science et de renforcement des capacit\u00e9s<\/strong><\/a> du CBSI fournit une structure \u00e0 long terme pour orienter les investissements vers la transformation de nos connaissances des \u00e9cosyst\u00e8mes, de la faune sauvage et des activit\u00e9s humaines du bassin du Congo et de ses for\u00eats contigu\u00ebs, tout en formant des centaines de scientifiques des pays du bassin du Congo.<\/p>\n\n\n\n<p>Une r\u00e9union scientifique sur le bassin du Congo s\u2019est tenue \u00e0 Libreville en f\u00e9vrier 2023. De ces \u00e9changes ont <a href=\"https:\/\/irp.cdn-website.com\/6f2c9f57\/files\/uploaded\/Libreville%20Congo%20Basin%20Science%20Meeting%20Readout%20Final%20EN.pdf\">\u00e9merg\u00e9<\/a> les questions fondamentales auxquelles le Plan de science et de renforcement des capacit\u00e9s doit r\u00e9pondre, ainsi que les besoins en termes de renforcement des capacit\u00e9s scientifiques dans la r\u00e9gion. Une version pr\u00e9liminaire du plan a \u00e9t\u00e9 soumis \u00e0 <strong>300<\/strong> scientifiques actifs dans la r\u00e9gion du bassin du Congo pour commentaires et suggestions, ce qui a abouti \u00e0 un document approuv\u00e9 par la communaut\u00e9.<\/p>\n\n\n\n<p>Le Plan de science et de renforcement des capacit\u00e9s sera actualis\u00e9 de mani\u00e8re r\u00e9guli\u00e8re. Contactez-nous \u00e0 <a href=\"mailto:info@CongoBasinScience.net\">info@congobasinscience.net<\/a> si vous souhaitez apporter vos commentaires, modifications et ajouts d\u2019information sur le contenu. Nous pr\u00e9voyons de publier une version actualis\u00e9e en janvier 2024.<\/p>\n\n\n\n<p>L\u2019Exp\u00e9rimentation \u00e0 grande \u00e9chelle de la biosph\u00e8re-atmosph\u00e8re dans l\u2019Amazonie (<a href=\"https:\/\/earthobservatory.nasa.gov\/features\/LBA\">LBA<\/a>) a \u00e9t\u00e9 une source d\u2019inspiration majeure pour le Plan de science et de renforcement des capacit\u00e9s du CBSI.<\/p>\n\n\n\n<h2 class=\"wp-block-heading\">Plan de science<\/h2>\n\n\n\n<p>Une \u00e9valuation des environnements physiques, biog\u00e9ochimiques et socio-\u00e9conomiques du bassin du Congo est n\u00e9cessaire pour comprendre le syst\u00e8me climat-for\u00eat-eau-soci\u00e9t\u00e9 comme un tout int\u00e9gr\u00e9. Cette compr\u00e9hension sera ensuite utilis\u00e9e pour mod\u00e9liser diff\u00e9rents avenirs possibles pour la r\u00e9gion en fonction de diff\u00e9rents sc\u00e9narios politiques, en identifiant les dangers \u00e0 \u00e9viter et les r\u00e9sultats positifs \u00e0 viser. Il s&rsquo;agit d&rsquo;informations essentielles pour prendre des d\u00e9cisions \u00e9clair\u00e9es aux niveaux local, national, r\u00e9gional et international.<\/p>\n\n\n\n<p>Cette nouvelle compr\u00e9hension des \u00e9cosyst\u00e8mes, de l\u2019\u00e9conomie et des populations de la r\u00e9gion s\u2019appuiera sur des mesures \u00e9tendues du climat, de la v\u00e9g\u00e9tation, des rivi\u00e8res, de la biodiversit\u00e9, de l\u2019utilisation des terres et de la mani\u00e8re dont les populations utilisent et interagissent avec ces \u00e9cosyst\u00e8mes. Ces nouvelles mesures r\u00e9alis\u00e9es tout autour de la r\u00e9gion constituent les observatoires du climat, de la v\u00e9g\u00e9tation, de l\u2019hydrologie, de la biodiversit\u00e9, de l\u2019occupation et de l\u2019utilisation des sols et de la socio-\u00e9conomie du bassin du Congo.<strong> <\/strong>La s\u00e9rie de six observatoires forment ensemble l\u2019<strong>Observatoire R\u00e9gional du Bassin du Congo<\/strong>.<\/p>\n\n\n\n<p>Les donn\u00e9es de l&rsquo;Observatoire seront combin\u00e9es avec des mesures plus intensives sur un nombre restreint de sites de recherche phares. Nous d\u00e9velopperons ici une compr\u00e9hension m\u00e9caniste fine du syst\u00e8me climat-for\u00eat-eau-soci\u00e9t\u00e9, indispensable \u00e0 la mod\u00e9lisation des sc\u00e9narios futurs.<\/p>\n\n\n\n<p>La compr\u00e9hension m\u00e9caniste des sites phares et les donn\u00e9es de l&rsquo;Observatoire R\u00e9gional du Bassin du Congo seront mises en relation pour mod\u00e9liser certains aspects du syst\u00e8me afin de permettre aux scientifiques d&rsquo;explorer diff\u00e9rentes options politiques et les diff\u00e9rents avenirs qui en r\u00e9sultent pour la r\u00e9gion.<\/p>\n\n\n\n<p>Notre approche s&rsquo;appuie en permanence sur les r\u00e9seaux de recherche et de donn\u00e9es existants, par exemple en comblant les lacunes lors de l&rsquo;ajout de nouvelles stations m\u00e9t\u00e9orologiques ou de mesures hydrologiques, et en investissant dans des sites de terrain existants dot\u00e9s d&rsquo;une expertise et d&rsquo;une capacit\u00e9, pour les mesures intensives.<\/p>\n\n\n\n<p>Lisez le <strong><a href=\"https:\/\/congobasinscience.net\/fr\/investir-dans-la-science-pour-le-bassin-du-congo\/\">Plan de science et de renforcement des capacit\u00e9s du CBSI<\/a><\/strong>.<\/p>\n\n\n\n<h2 class=\"wp-block-heading\">Plan de renforcement des capacit\u00e9s<\/h2>\n\n\n\n<p>Le plan de renforcement des capacit\u00e9s consiste essentiellement \u00e0 identifier les obstacles qui emp\u00eachent un plus grand nombre de scientifiques de la r\u00e9gion de faire plus de science, et \u00e0 concevoir des plans pour les surmonter efficacement. Il s&rsquo;agit de bourses pour les \u00e9tudiants en master et en doctorat, d&rsquo;un soutien aux chercheurs post-doctoraux et aux cadres sup\u00e9rieurs dans les universit\u00e9s les plus ax\u00e9es sur la recherche dans la r\u00e9gion, et d&rsquo;un investissement dans un nombre restreint de centres d&rsquo;excellence sp\u00e9cialis\u00e9s.<\/p>\n\n\n\n<p>Le renforcement des capacit\u00e9s va de pair avec l&rsquo;am\u00e9lioration de notre compr\u00e9hension de la r\u00e9gion du bassin du Congo puisque les centaines de scientifiques qui b\u00e9n\u00e9ficient de la formation seront ceux qui s&rsquo;occupent de la collecte de nouvelles donn\u00e9es pour l&rsquo;Observatoire R\u00e9gional du Bassin du Congo et les mesures intensives des sites phares.<\/p>\n\n\n\n<p>La d\u00e9fense d&rsquo;une politique fond\u00e9e sur les faits dans la r\u00e9gion n\u00e9cessite une nouvelle g\u00e9n\u00e9ration de professionnels. Ces scientifiques fourniront \u00e9galement les donn\u00e9es scientifiques n\u00e9cessaires pour mener \u00e0 bien les politiques et les actions innovantes dont les pays du bassin du Congo ont besoin pour se d\u00e9velopper sans destruction.<\/p>\n\n\n\n<p>Par ailleurs, l&rsquo;apport technique des scientifiques est crucial en vue de l&rsquo;atteinte des objectifs de d\u00e9veloppement durable, des contributions d\u00e9termin\u00e9es au niveau national, notamment l&rsquo;action li\u00e9e au climat, des plans visant \u00e0 prot\u00e9ger 30 % des terres et des oc\u00e9ans au titre du Cadre mondial de la biodiversit\u00e9, et des objectifs visant \u00e0 am\u00e9liorer la sant\u00e9 humaine, y compris la question \u00e9mergente essentielle de la pr\u00e9vention des maladies zoonotiques.<\/p>\n\n\n\n<p>Lisez le <a href=\"https:\/\/congobasinscience.net\/fr\/investir-dans-la-science-pour-le-bassin-du-congo\/\"><strong>Plan de science et de renforcement des capacit\u00e9s du CBSI<\/strong><\/a>.<\/p>\n\n<\/div>","protected":false},"excerpt":{"rendered":"<p>Le Plan de science et de renforcement des capacit\u00e9s du CBSI est un cadre \u00e0 long terme visant \u00e0 comprendre le bassin du Congo en tant qu\u2019entit\u00e9 r\u00e9gionale int\u00e9gr\u00e9e, tout en renfor\u00e7ant les capacit\u00e9s, de sorte que les scientifiques de la r\u00e9gion figurent au tout premier plan de la recherche sur le bassin du Congo. Le Plan de science et de renforcement des capacit\u00e9s du CBSI fournit une structure \u00e0 long terme pour orienter les investissements vers la transformation de &#8230; <a title=\"Plan de science et de renforcement des capacit\u00e9s\" class=\"read-more\" href=\"https:\/\/congobasinscience.net\/fr\/a-propos\/plan-de-science-et-de-renforcement-des-capacites\/\" aria-label=\"Read more about Plan de science et de renforcement des capacit\u00e9s\">Lire plus<\/a><\/p>\n","protected":false},"author":1064,"featured_media":5015,"parent":5336,"menu_order":0,"comment_status":"closed","ping_status":"closed","template":"","meta":{"_acf_changed":false,"inline_featured_image":false,"footnotes":""},"class_list":["post-5330","page","type-page","status-publish","has-post-thumbnail"],"acf":[],"yoast_head":"<title>Plan de science et de renforcement des capacit\u00e9s | Initiative Science pour le Bassin du Congo<\/title>\n<meta name=\"description\" content=\"Ces nouvelles mesures r\u00e9alis\u00e9es tout autour de la r\u00e9gion constituent les observatoires du climat, de la v\u00e9g\u00e9tation, de l\u2019hydrologie, de la biodiversit\u00e9, de l\u2019occupation et de l\u2019utilisation des sols et de la socio-\u00e9conomie du bassin du Congo. La formation des scientifiques des pays du bassin du Congo et le d\u00e9veloppement des capacit\u00e9s de recherche sont au coeur du plan. Il vise \u00e0 fournir des donn\u00e9es scientifiques essentielles pour la d\u00e9cision et l&#039;action publique aux niveaux local, national, r\u00e9gional et international.\" \/>\n<meta name=\"robots\" content=\"index, follow, max-snippet:-1, max-image-preview:large, max-video-preview:-1\" \/>\n<link rel=\"canonical\" href=\"https:\/\/congobasinscience.net\/fr\/a-propos\/plan-de-science-et-de-renforcement-des-capacites\/\" \/>\n<meta property=\"og:locale\" content=\"fr_FR\" \/>\n<meta property=\"og:type\" content=\"article\" \/>\n<meta property=\"og:title\" content=\"Plan de science et de renforcement des capacit\u00e9s | Initiative Science pour le Bassin du Congo\" \/>\n<meta property=\"og:description\" content=\"Ces nouvelles mesures r\u00e9alis\u00e9es tout autour de la r\u00e9gion constituent les observatoires du climat, de la v\u00e9g\u00e9tation, de l\u2019hydrologie, de la biodiversit\u00e9, de l\u2019occupation et de l\u2019utilisation des sols et de la socio-\u00e9conomie du bassin du Congo. La formation des scientifiques des pays du bassin du Congo et le d\u00e9veloppement des capacit\u00e9s de recherche sont au coeur du plan. Il vise \u00e0 fournir des donn\u00e9es scientifiques essentielles pour la d\u00e9cision et l&#039;action publique aux niveaux local, national, r\u00e9gional et international.\" \/>\n<meta property=\"og:url\" content=\"https:\/\/congobasinscience.net\/fr\/a-propos\/plan-de-science-et-de-renforcement-des-capacites\/\" \/>\n<meta property=\"og:site_name\" content=\"Initiative Science pour le Bassin du Congo\" \/>\n<meta property=\"article:modified_time\" content=\"2023-12-08T13:34:59+00:00\" \/>\n<meta property=\"og:image\" content=\"https:\/\/congobasinscience.net\/wp-content\/uploads\/sites\/147\/2023\/10\/cbsi_home_7-e1697283711719.jpg\" \/>\n\t<meta property=\"og:image:width\" content=\"1920\" \/>\n\t<meta property=\"og:image:height\" content=\"1280\" \/>\n\t<meta property=\"og:image:type\" content=\"image\/jpeg\" \/>\n<meta name=\"twitter:card\" content=\"summary_large_image\" \/>\n<meta name=\"twitter:label1\" content=\"Dur\u00e9e de lecture estim\u00e9e\" \/>\n\t<meta name=\"twitter:data1\" content=\"4 minutes\" \/>\n<script type=\"application\/ld+json\" class=\"yoast-schema-graph\">{\"@context\":\"https:\\\/\\\/schema.org\",\"@graph\":[{\"@type\":\"WebPage\",\"@id\":\"https:\\\/\\\/congobasinscience.net\\\/fr\\\/a-propos\\\/plan-de-science-et-de-renforcement-des-capacites\\\/\",\"url\":\"https:\\\/\\\/congobasinscience.net\\\/fr\\\/a-propos\\\/plan-de-science-et-de-renforcement-des-capacites\\\/\",\"name\":\"Plan de science et de renforcement des capacit\u00e9s | Initiative Science pour le Bassin du Congo\",\"isPartOf\":{\"@id\":\"https:\\\/\\\/congobasinscience.net\\\/fr\\\/#website\"},\"primaryImageOfPage\":{\"@id\":\"https:\\\/\\\/congobasinscience.net\\\/fr\\\/a-propos\\\/plan-de-science-et-de-renforcement-des-capacites\\\/#primaryimage\"},\"image\":{\"@id\":\"https:\\\/\\\/congobasinscience.net\\\/fr\\\/a-propos\\\/plan-de-science-et-de-renforcement-des-capacites\\\/#primaryimage\"},\"thumbnailUrl\":\"https:\\\/\\\/congobasinscience.net\\\/wp-content\\\/uploads\\\/sites\\\/147\\\/2023\\\/10\\\/cbsi_home_7-e1697283711719.jpg\",\"datePublished\":\"2023-10-03T19:24:17+00:00\",\"dateModified\":\"2023-12-08T13:34:59+00:00\",\"description\":\"Ces nouvelles mesures r\u00e9alis\u00e9es tout autour de la r\u00e9gion constituent les observatoires du climat, de la v\u00e9g\u00e9tation, de l\u2019hydrologie, de la biodiversit\u00e9, de l\u2019occupation et de l\u2019utilisation des sols et de la socio-\u00e9conomie du bassin du Congo. La formation des scientifiques des pays du bassin du Congo et le d\u00e9veloppement des capacit\u00e9s de recherche sont au coeur du plan. Il vise \u00e0 fournir des donn\u00e9es scientifiques essentielles pour la d\u00e9cision et l'action publique aux niveaux local, national, r\u00e9gional et international.\",\"breadcrumb\":{\"@id\":\"https:\\\/\\\/congobasinscience.net\\\/fr\\\/a-propos\\\/plan-de-science-et-de-renforcement-des-capacites\\\/#breadcrumb\"},\"inLanguage\":\"fr-FR\",\"potentialAction\":[{\"@type\":\"ReadAction\",\"target\":[\"https:\\\/\\\/congobasinscience.net\\\/fr\\\/a-propos\\\/plan-de-science-et-de-renforcement-des-capacites\\\/\"]}]},{\"@type\":\"ImageObject\",\"inLanguage\":\"fr-FR\",\"@id\":\"https:\\\/\\\/congobasinscience.net\\\/fr\\\/a-propos\\\/plan-de-science-et-de-renforcement-des-capacites\\\/#primaryimage\",\"url\":\"https:\\\/\\\/congobasinscience.net\\\/wp-content\\\/uploads\\\/sites\\\/147\\\/2023\\\/10\\\/cbsi_home_7-e1697283711719.jpg\",\"contentUrl\":\"https:\\\/\\\/congobasinscience.net\\\/wp-content\\\/uploads\\\/sites\\\/147\\\/2023\\\/10\\\/cbsi_home_7-e1697283711719.jpg\",\"width\":1920,\"height\":1280,\"caption\":\"Cr\u00e9dit image : Jean-Gr\u00e9goire Kayoum\\\/Vulcar Fate, Belmont Forum.\"},{\"@type\":\"BreadcrumbList\",\"@id\":\"https:\\\/\\\/congobasinscience.net\\\/fr\\\/a-propos\\\/plan-de-science-et-de-renforcement-des-capacites\\\/#breadcrumb\",\"itemListElement\":[{\"@type\":\"ListItem\",\"position\":1,\"name\":\"Home\",\"item\":\"https:\\\/\\\/congobasinscience.net\\\/fr\\\/\"},{\"@type\":\"ListItem\",\"position\":2,\"name\":\"Bassin du Congo\",\"item\":\"https:\\\/\\\/congobasinscience.net\\\/fr\\\/congo-basin\\\/\"},{\"@type\":\"ListItem\",\"position\":3,\"name\":\"Plan de science et de renforcement des capacit\u00e9s\"}]},{\"@type\":\"WebSite\",\"@id\":\"https:\\\/\\\/congobasinscience.net\\\/fr\\\/#website\",\"url\":\"https:\\\/\\\/congobasinscience.net\\\/fr\\\/\",\"name\":\"Initiative Science pour le Bassin du Congo\",\"description\":\"\",\"publisher\":{\"@id\":\"https:\\\/\\\/congobasinscience.net\\\/fr\\\/#organization\"},\"alternateName\":\"CBSI\",\"potentialAction\":[{\"@type\":\"SearchAction\",\"target\":{\"@type\":\"EntryPoint\",\"urlTemplate\":\"https:\\\/\\\/congobasinscience.net\\\/fr\\\/?s={search_term_string}\"},\"query-input\":{\"@type\":\"PropertyValueSpecification\",\"valueRequired\":true,\"valueName\":\"search_term_string\"}}],\"inLanguage\":\"fr-FR\"},{\"@type\":\"Organization\",\"@id\":\"https:\\\/\\\/congobasinscience.net\\\/fr\\\/#organization\",\"name\":\"Initiative Science pour le Bassin du Congo\",\"alternateName\":\"CBSI\",\"url\":\"https:\\\/\\\/congobasinscience.net\\\/fr\\\/\",\"logo\":{\"@type\":\"ImageObject\",\"inLanguage\":\"fr-FR\",\"@id\":\"https:\\\/\\\/congobasinscience.net\\\/fr\\\/#\\\/schema\\\/logo\\\/image\\\/\",\"url\":\"https:\\\/\\\/congobasinscience.net\\\/wp-content\\\/uploads\\\/sites\\\/147\\\/2023\\\/10\\\/cbsi_logo_FR_white.svg\",\"contentUrl\":\"https:\\\/\\\/congobasinscience.net\\\/wp-content\\\/uploads\\\/sites\\\/147\\\/2023\\\/10\\\/cbsi_logo_FR_white.svg\",\"width\":574,\"height\":163,\"caption\":\"Initiative Science pour le Bassin du Congo\"},\"image\":{\"@id\":\"https:\\\/\\\/congobasinscience.net\\\/fr\\\/#\\\/schema\\\/logo\\\/image\\\/\"}}]}<\/script>","yoast_head_json":{"title":"Plan de science et de renforcement des capacit\u00e9s | Initiative Science pour le Bassin du Congo","description":"Ces nouvelles mesures r\u00e9alis\u00e9es tout autour de la r\u00e9gion constituent les observatoires du climat, de la v\u00e9g\u00e9tation, de l\u2019hydrologie, de la biodiversit\u00e9, de l\u2019occupation et de l\u2019utilisation des sols et de la socio-\u00e9conomie du bassin du Congo. La formation des scientifiques des pays du bassin du Congo et le d\u00e9veloppement des capacit\u00e9s de recherche sont au coeur du plan. Il vise \u00e0 fournir des donn\u00e9es scientifiques essentielles pour la d\u00e9cision et l'action publique aux niveaux local, national, r\u00e9gional et international.","robots":{"index":"index","follow":"follow","max-snippet":"max-snippet:-1","max-image-preview":"max-image-preview:large","max-video-preview":"max-video-preview:-1"},"canonical":"https:\/\/congobasinscience.net\/fr\/a-propos\/plan-de-science-et-de-renforcement-des-capacites\/","og_locale":"fr_FR","og_type":"article","og_title":"Plan de science et de renforcement des capacit\u00e9s | Initiative Science pour le Bassin du Congo","og_description":"Ces nouvelles mesures r\u00e9alis\u00e9es tout autour de la r\u00e9gion constituent les observatoires du climat, de la v\u00e9g\u00e9tation, de l\u2019hydrologie, de la biodiversit\u00e9, de l\u2019occupation et de l\u2019utilisation des sols et de la socio-\u00e9conomie du bassin du Congo. La formation des scientifiques des pays du bassin du Congo et le d\u00e9veloppement des capacit\u00e9s de recherche sont au coeur du plan. Il vise \u00e0 fournir des donn\u00e9es scientifiques essentielles pour la d\u00e9cision et l'action publique aux niveaux local, national, r\u00e9gional et international.","og_url":"https:\/\/congobasinscience.net\/fr\/a-propos\/plan-de-science-et-de-renforcement-des-capacites\/","og_site_name":"Initiative Science pour le Bassin du Congo","article_modified_time":"2023-12-08T13:34:59+00:00","og_image":[{"width":1920,"height":1280,"url":"https:\/\/congobasinscience.net\/wp-content\/uploads\/sites\/147\/2023\/10\/cbsi_home_7-e1697283711719.jpg","type":"image\/jpeg"}],"twitter_card":"summary_large_image","twitter_misc":{"Dur\u00e9e de lecture estim\u00e9e":"4 minutes"},"schema":{"@context":"https:\/\/schema.org","@graph":[{"@type":"WebPage","@id":"https:\/\/congobasinscience.net\/fr\/a-propos\/plan-de-science-et-de-renforcement-des-capacites\/","url":"https:\/\/congobasinscience.net\/fr\/a-propos\/plan-de-science-et-de-renforcement-des-capacites\/","name":"Plan de science et de renforcement des capacit\u00e9s | Initiative Science pour le Bassin du Congo","isPartOf":{"@id":"https:\/\/congobasinscience.net\/fr\/#website"},"primaryImageOfPage":{"@id":"https:\/\/congobasinscience.net\/fr\/a-propos\/plan-de-science-et-de-renforcement-des-capacites\/#primaryimage"},"image":{"@id":"https:\/\/congobasinscience.net\/fr\/a-propos\/plan-de-science-et-de-renforcement-des-capacites\/#primaryimage"},"thumbnailUrl":"https:\/\/congobasinscience.net\/wp-content\/uploads\/sites\/147\/2023\/10\/cbsi_home_7-e1697283711719.jpg","datePublished":"2023-10-03T19:24:17+00:00","dateModified":"2023-12-08T13:34:59+00:00","description":"Ces nouvelles mesures r\u00e9alis\u00e9es tout autour de la r\u00e9gion constituent les observatoires du climat, de la v\u00e9g\u00e9tation, de l\u2019hydrologie, de la biodiversit\u00e9, de l\u2019occupation et de l\u2019utilisation des sols et de la socio-\u00e9conomie du bassin du Congo. La formation des scientifiques des pays du bassin du Congo et le d\u00e9veloppement des capacit\u00e9s de recherche sont au coeur du plan. Il vise \u00e0 fournir des donn\u00e9es scientifiques essentielles pour la d\u00e9cision et l'action publique aux niveaux local, national, r\u00e9gional et international.","breadcrumb":{"@id":"https:\/\/congobasinscience.net\/fr\/a-propos\/plan-de-science-et-de-renforcement-des-capacites\/#breadcrumb"},"inLanguage":"fr-FR","potentialAction":[{"@type":"ReadAction","target":["https:\/\/congobasinscience.net\/fr\/a-propos\/plan-de-science-et-de-renforcement-des-capacites\/"]}]},{"@type":"ImageObject","inLanguage":"fr-FR","@id":"https:\/\/congobasinscience.net\/fr\/a-propos\/plan-de-science-et-de-renforcement-des-capacites\/#primaryimage","url":"https:\/\/congobasinscience.net\/wp-content\/uploads\/sites\/147\/2023\/10\/cbsi_home_7-e1697283711719.jpg","contentUrl":"https:\/\/congobasinscience.net\/wp-content\/uploads\/sites\/147\/2023\/10\/cbsi_home_7-e1697283711719.jpg","width":1920,"height":1280,"caption":"Cr\u00e9dit image : Jean-Gr\u00e9goire Kayoum\/Vulcar Fate, Belmont Forum."},{"@type":"BreadcrumbList","@id":"https:\/\/congobasinscience.net\/fr\/a-propos\/plan-de-science-et-de-renforcement-des-capacites\/#breadcrumb","itemListElement":[{"@type":"ListItem","position":1,"name":"Home","item":"https:\/\/congobasinscience.net\/fr\/"},{"@type":"ListItem","position":2,"name":"Bassin du Congo","item":"https:\/\/congobasinscience.net\/fr\/congo-basin\/"},{"@type":"ListItem","position":3,"name":"Plan de science et de renforcement des capacit\u00e9s"}]},{"@type":"WebSite","@id":"https:\/\/congobasinscience.net\/fr\/#website","url":"https:\/\/congobasinscience.net\/fr\/","name":"Initiative Science pour le Bassin du Congo","description":"","publisher":{"@id":"https:\/\/congobasinscience.net\/fr\/#organization"},"alternateName":"CBSI","potentialAction":[{"@type":"SearchAction","target":{"@type":"EntryPoint","urlTemplate":"https:\/\/congobasinscience.net\/fr\/?s={search_term_string}"},"query-input":{"@type":"PropertyValueSpecification","valueRequired":true,"valueName":"search_term_string"}}],"inLanguage":"fr-FR"},{"@type":"Organization","@id":"https:\/\/congobasinscience.net\/fr\/#organization","name":"Initiative Science pour le Bassin du Congo","alternateName":"CBSI","url":"https:\/\/congobasinscience.net\/fr\/","logo":{"@type":"ImageObject","inLanguage":"fr-FR","@id":"https:\/\/congobasinscience.net\/fr\/#\/schema\/logo\/image\/","url":"https:\/\/congobasinscience.net\/wp-content\/uploads\/sites\/147\/2023\/10\/cbsi_logo_FR_white.svg","contentUrl":"https:\/\/congobasinscience.net\/wp-content\/uploads\/sites\/147\/2023\/10\/cbsi_logo_FR_white.svg","width":574,"height":163,"caption":"Initiative Science pour le Bassin du Congo"},"image":{"@id":"https:\/\/congobasinscience.net\/fr\/#\/schema\/logo\/image\/"}}]}},"_links":{"self":[{"href":"https:\/\/congobasinscience.net\/fr\/wp-json\/wp\/v2\/pages\/5330","targetHints":{"allow":["GET"]}}],"collection":[{"href":"https:\/\/congobasinscience.net\/fr\/wp-json\/wp\/v2\/pages"}],"about":[{"href":"https:\/\/congobasinscience.net\/fr\/wp-json\/wp\/v2\/types\/page"}],"author":[{"embeddable":true,"href":"https:\/\/congobasinscience.net\/fr\/wp-json\/wp\/v2\/users\/1064"}],"replies":[{"embeddable":true,"href":"https:\/\/congobasinscience.net\/fr\/wp-json\/wp\/v2\/comments?post=5330"}],"version-history":[{"count":0,"href":"https:\/\/congobasinscience.net\/fr\/wp-json\/wp\/v2\/pages\/5330\/revisions"}],"up":[{"embeddable":true,"href":"https:\/\/congobasinscience.net\/fr\/wp-json\/wp\/v2\/pages\/5336"}],"wp:featuredmedia":[{"embeddable":true,"href":"https:\/\/congobasinscience.net\/fr\/wp-json\/wp\/v2\/media\/5015"}],"wp:attachment":[{"href":"https:\/\/congobasinscience.net\/fr\/wp-json\/wp\/v2\/media?parent=5330"}],"curies":[{"name":"wp","href":"https:\/\/api.w.org\/{rel}","templated":true}]}}