
{"id":5307,"date":"2023-10-12T22:37:48","date_gmt":"2023-10-12T21:37:48","guid":{"rendered":"https:\/\/congobasinscience.net\/accueil\/"},"modified":"2025-10-30T12:10:45","modified_gmt":"2025-10-30T12:10:45","slug":"accueil","status":"publish","type":"page","link":"https:\/\/congobasinscience.net\/fr\/","title":{"rendered":"Accueil"},"content":{"rendered":"<div class=\"gb-container gb-container-79bb67ca blend-overlay\">\n<div class=\"gb-container gb-container-1f374ffb\">\n<div class=\"gb-container gb-container-7e1173fb\">\n\n<h1 class=\"gb-headline gb-headline-d3968179 gb-headline-text balance-text\">Initiative Science pour le Bassin du Congo<\/h1>\n\n\n\n<p class=\"gb-headline gb-headline-7146ed23 gb-headline-text balance-text\">Recherche et renforcement des capacit\u00e9s pour combattre les crises du climat et de la biodiversit\u00e9 tout en favorisant le d\u00e9veloppement durable<\/p>\n\n\n<p>[featured_caption]<\/p>\n\n<\/div>\n<\/div>\n<\/div>\n\n\n\n\n<div class=\"gb-container gb-container-f276a7c5\">\n\n<h2 class=\"gb-headline gb-headline-e641c16e gb-headline-text balance-text highlight yellow\"><span>L&rsquo;initiative Science pour le Bassin du Congo est un vaste r\u00e9seau de scientifiques, pilot\u00e9 par ceux de la r\u00e9gion, qui cherche \u00e0 accro\u00eetre les investissements pour former une nouvelle g\u00e9n\u00e9ration de scientifiques et transformer notre compr\u00e9hension du deuxi\u00e8me massif forestier tropical du monde.<\/span><\/h2>\n\n<\/div>\n\n<div class=\"gb-container gb-container-0fc24137\">\n<div class=\"gb-container gb-container-9fd817b2 photo-container photo-container-1\">\n\n<p class=\"gb-headline gb-headline-06794487 gb-headline-text photo-caption\">Cr\u00e9dit image : Fiston Wasanga HQ\/CongoFlux<\/p>\n\n<\/div>\n\n<div class=\"gb-container gb-container-22e3a09e photo-container-text\">\n\n<h3 class=\"gb-headline gb-headline-fbbb7c5f gb-headline-text balance-text rotate-left highlight green\"><span>Explorer le deuxi\u00e8me massif forestier tropical du monde<\/span><\/h3>\n\n<\/div>\n<\/div>\n\n<div class=\"gb-container gb-container-9a22fe6e\">\n<div class=\"gb-container gb-container-413a26ea photo-container-text\">\n\n<h3 class=\"gb-headline gb-headline-f7ff9a63 gb-headline-text balance-text rotate-right highlight blue\"><span>Collecter de nouvelles donn\u00e9es pour comprendre son climat, son \u00e9cologie et son \u00e9conomie<\/span><\/h3>\n\n<\/div>\n\n<div class=\"gb-container gb-container-6d6b5ff7 photo-container photo-container-2\">\n\n<p class=\"gb-headline gb-headline-2113a9bc gb-headline-text photo-caption\">Cr\u00e9dit image : Simon Lewis<\/p>\n\n<\/div>\n<\/div>\n\n<div class=\"gb-container gb-container-a321fcba\">\n<div class=\"gb-container gb-container-bea05de4 photo-container photo-container-3\">\n\n<p class=\"gb-headline gb-headline-180f9bf8 gb-headline-text photo-caption\">Cr\u00e9dit image : CRREBaC\/CRuHM<\/p>\n\n<\/div>\n\n<div class=\"gb-container gb-container-4c1040c7 photo-container-text\">\n\n<h3 class=\"gb-headline gb-headline-bc28fc61 gb-headline-text balance-text rotate-left highlight brown\"><span>Former une nouvelle g\u00e9n\u00e9ration d&rsquo;experts scientifiques<\/span><\/h3>\n\n<\/div>\n<\/div>\n\n<div class=\"gb-container gb-container-c458f2bc\">\n<div class=\"gb-container gb-container-12af7846 photo-container-text\">\n\n<h3 class=\"gb-headline gb-headline-83a5b09e gb-headline-text balance-text rotate-right highlight\"><span>Permettre aux communaut\u00e9s de se d\u00e9velopper sans destruction<\/span><\/h3>\n\n<\/div>\n\n<div class=\"gb-container gb-container-06fb8d2e photo-container photo-container-4\">\n\n<p class=\"gb-headline gb-headline-ab4112f0 gb-headline-text photo-caption\">Cr\u00e9dit image : Molly Bergen\/WCS, WWF, WRI.<\/p>\n\n<\/div>\n<\/div>\n\n<div class=\"gb-container gb-container-fc0dfdc4\">\n<div class=\"gb-container gb-container-d0c11985 photo-container photo-container-5\">\n\n<p class=\"gb-headline gb-headline-41da6a57 gb-headline-text photo-caption\">Cr\u00e9dit image : Kevin McElvaney\/Greenpeace<\/p>\n\n<\/div>\n\n<div class=\"gb-container gb-container-79bd2074 photo-container-text\">\n\n<h3 class=\"gb-headline gb-headline-df6dbaaa gb-headline-text balance-text rotate-left highlight yellow\"><span>Ensemble, nous pouvons faire la diff\u00e9rence et b\u00e2tir un avenir meilleur pour tous<\/span><\/h3>\n\n<\/div>\n<\/div>\n\n<div class=\"gb-container gb-container-aef476df\">\n<div class=\"gb-container gb-container-652fa04e\">\n\n<h2 class=\"gb-headline gb-headline-19ec6812 gb-headline-text\">PARTICIPEZ !<\/h2>\n\n\n\n<p class=\"gb-headline gb-headline-ccf3dd3d gb-headline-text balance-text\">Si vous pensez qu&rsquo;il est temps de mettre fin au sous-investissement dans la science du Bassin du Congo et de transformer notre compr\u00e9hension de cette r\u00e9gion cruciale de notre plan\u00e8te, <strong>rejoignez la liste de diffusion de notre communaut\u00e9 d\u00e8s aujourd&rsquo;hui.<\/strong><\/p>\n\n\n\n<a class=\"gb-button gb-button-f1f6517f gb-button-text\" href=\"https:\/\/universityofleeds7.createsend.com\/h\/y\/2719703566FF6455\/preview\/638897516476150985\">ABONNEZ-VOUS<\/a>\n\n<\/div>\n<\/div>","protected":false},"excerpt":{"rendered":"<p>Initiative Science pour le Bassin du Congo Recherche et renforcement des capacit\u00e9s pour combattre les crises du climat et de la biodiversit\u00e9 tout en favorisant le d\u00e9veloppement durable L&rsquo;initiative Science pour le Bassin du Congo est un vaste r\u00e9seau de scientifiques, pilot\u00e9 par ceux de la r\u00e9gion, qui cherche \u00e0 accro\u00eetre les investissements pour former une nouvelle g\u00e9n\u00e9ration de scientifiques et transformer notre compr\u00e9hension du deuxi\u00e8me massif forestier tropical du monde. Cr\u00e9dit image : Fiston Wasanga HQ\/CongoFlux Explorer le deuxi\u00e8me &#8230; <a title=\"Accueil\" class=\"read-more\" href=\"https:\/\/congobasinscience.net\/fr\/\" aria-label=\"Read more about Accueil\">Lire plus<\/a><\/p>\n","protected":false},"author":1064,"featured_media":4850,"parent":0,"menu_order":3,"comment_status":"closed","ping_status":"closed","template":"","meta":{"_acf_changed":false,"inline_featured_image":false,"footnotes":""},"class_list":["post-5307","page","type-page","status-publish","has-post-thumbnail"],"acf":[],"yoast_head":"<title>Accueil | Initiative Science pour le Bassin du Congo<\/title>\n<meta name=\"description\" content=\"Un vaste r\u00e9seau de scientifiques, dirig\u00e9 par ceux de la r\u00e9gion, cherche \u00e0 am\u00e9liorer notre compr\u00e9hension de la deuxi\u00e8me plus grande for\u00eat tropicale du monde.\" \/>\n<meta name=\"robots\" content=\"index, follow, max-snippet:-1, max-image-preview:large, max-video-preview:-1\" \/>\n<link rel=\"canonical\" href=\"https:\/\/congobasinscience.net\/fr\/\" \/>\n<meta property=\"og:locale\" content=\"fr_FR\" \/>\n<meta property=\"og:type\" content=\"article\" \/>\n<meta property=\"og:title\" content=\"Accueil | Initiative Science pour le Bassin du Congo\" \/>\n<meta property=\"og:description\" content=\"Un vaste r\u00e9seau de scientifiques, dirig\u00e9 par ceux de la r\u00e9gion, cherche \u00e0 am\u00e9liorer notre compr\u00e9hension de la deuxi\u00e8me plus grande for\u00eat tropicale du monde.\" \/>\n<meta property=\"og:url\" content=\"https:\/\/congobasinscience.net\/fr\/\" \/>\n<meta property=\"og:site_name\" content=\"Initiative Science pour le Bassin du Congo\" \/>\n<meta property=\"article:modified_time\" content=\"2025-10-30T12:10:45+00:00\" \/>\n<meta property=\"og:image\" content=\"https:\/\/congobasinscience.net\/wp-content\/uploads\/sites\/147\/2023\/10\/CBSI-2.jpg\" \/>\n\t<meta property=\"og:image:width\" content=\"1920\" \/>\n\t<meta property=\"og:image:height\" content=\"1279\" \/>\n\t<meta property=\"og:image:type\" content=\"image\/jpeg\" \/>\n<meta name=\"twitter:card\" content=\"summary_large_image\" \/>\n<meta name=\"twitter:label1\" content=\"Dur\u00e9e de lecture estim\u00e9e\" \/>\n\t<meta name=\"twitter:data1\" content=\"2 minutes\" \/>\n<script type=\"application\/ld+json\" class=\"yoast-schema-graph\">{\"@context\":\"https:\\\/\\\/schema.org\",\"@graph\":[{\"@type\":\"WebPage\",\"@id\":\"https:\\\/\\\/congobasinscience.net\\\/fr\\\/\",\"url\":\"https:\\\/\\\/congobasinscience.net\\\/fr\\\/\",\"name\":\"Accueil | Initiative Science pour le Bassin du Congo\",\"isPartOf\":{\"@id\":\"https:\\\/\\\/congobasinscience.net\\\/fr\\\/#website\"},\"primaryImageOfPage\":{\"@id\":\"https:\\\/\\\/congobasinscience.net\\\/fr\\\/#primaryimage\"},\"image\":{\"@id\":\"https:\\\/\\\/congobasinscience.net\\\/fr\\\/#primaryimage\"},\"thumbnailUrl\":\"https:\\\/\\\/congobasinscience.net\\\/wp-content\\\/uploads\\\/sites\\\/147\\\/2023\\\/10\\\/CBSI-2.jpg\",\"datePublished\":\"2023-10-12T21:37:48+00:00\",\"dateModified\":\"2025-10-30T12:10:45+00:00\",\"description\":\"Un vaste r\u00e9seau de scientifiques, dirig\u00e9 par ceux de la r\u00e9gion, cherche \u00e0 am\u00e9liorer notre compr\u00e9hension de la deuxi\u00e8me plus grande for\u00eat tropicale du monde.\",\"breadcrumb\":{\"@id\":\"https:\\\/\\\/congobasinscience.net\\\/fr\\\/#breadcrumb\"},\"inLanguage\":\"fr-FR\",\"potentialAction\":[{\"@type\":\"ReadAction\",\"target\":[\"https:\\\/\\\/congobasinscience.net\\\/fr\\\/\"]}]},{\"@type\":\"ImageObject\",\"inLanguage\":\"fr-FR\",\"@id\":\"https:\\\/\\\/congobasinscience.net\\\/fr\\\/#primaryimage\",\"url\":\"https:\\\/\\\/congobasinscience.net\\\/wp-content\\\/uploads\\\/sites\\\/147\\\/2023\\\/10\\\/CBSI-2.jpg\",\"contentUrl\":\"https:\\\/\\\/congobasinscience.net\\\/wp-content\\\/uploads\\\/sites\\\/147\\\/2023\\\/10\\\/CBSI-2.jpg\",\"width\":1920,\"height\":1279,\"caption\":\"Cr\u00e9dit image : Fiston Wasanga HQ\\\/CongoFlux\"},{\"@type\":\"BreadcrumbList\",\"@id\":\"https:\\\/\\\/congobasinscience.net\\\/fr\\\/#breadcrumb\",\"itemListElement\":[{\"@type\":\"ListItem\",\"position\":1,\"name\":\"Home\",\"item\":\"https:\\\/\\\/congobasinscience.net\\\/fr\\\/\"},{\"@type\":\"ListItem\",\"position\":2,\"name\":\"Accueil\"}]},{\"@type\":\"WebSite\",\"@id\":\"https:\\\/\\\/congobasinscience.net\\\/fr\\\/#website\",\"url\":\"https:\\\/\\\/congobasinscience.net\\\/fr\\\/\",\"name\":\"Initiative Science pour le Bassin du Congo\",\"description\":\"\",\"publisher\":{\"@id\":\"https:\\\/\\\/congobasinscience.net\\\/fr\\\/#organization\"},\"alternateName\":\"CBSI\",\"potentialAction\":[{\"@type\":\"SearchAction\",\"target\":{\"@type\":\"EntryPoint\",\"urlTemplate\":\"https:\\\/\\\/congobasinscience.net\\\/fr\\\/?s={search_term_string}\"},\"query-input\":{\"@type\":\"PropertyValueSpecification\",\"valueRequired\":true,\"valueName\":\"search_term_string\"}}],\"inLanguage\":\"fr-FR\"},{\"@type\":\"Organization\",\"@id\":\"https:\\\/\\\/congobasinscience.net\\\/fr\\\/#organization\",\"name\":\"Initiative Science pour le Bassin du Congo\",\"alternateName\":\"CBSI\",\"url\":\"https:\\\/\\\/congobasinscience.net\\\/fr\\\/\",\"logo\":{\"@type\":\"ImageObject\",\"inLanguage\":\"fr-FR\",\"@id\":\"https:\\\/\\\/congobasinscience.net\\\/fr\\\/#\\\/schema\\\/logo\\\/image\\\/\",\"url\":\"https:\\\/\\\/congobasinscience.net\\\/wp-content\\\/uploads\\\/sites\\\/147\\\/2023\\\/10\\\/cbsi_logo_FR_white.svg\",\"contentUrl\":\"https:\\\/\\\/congobasinscience.net\\\/wp-content\\\/uploads\\\/sites\\\/147\\\/2023\\\/10\\\/cbsi_logo_FR_white.svg\",\"width\":574,\"height\":163,\"caption\":\"Initiative Science pour le Bassin du Congo\"},\"image\":{\"@id\":\"https:\\\/\\\/congobasinscience.net\\\/fr\\\/#\\\/schema\\\/logo\\\/image\\\/\"}}]}<\/script>","yoast_head_json":{"title":"Accueil | Initiative Science pour le Bassin du Congo","description":"Un vaste r\u00e9seau de scientifiques, dirig\u00e9 par ceux de la r\u00e9gion, cherche \u00e0 am\u00e9liorer notre compr\u00e9hension de la deuxi\u00e8me plus grande for\u00eat tropicale du monde.","robots":{"index":"index","follow":"follow","max-snippet":"max-snippet:-1","max-image-preview":"max-image-preview:large","max-video-preview":"max-video-preview:-1"},"canonical":"https:\/\/congobasinscience.net\/fr\/","og_locale":"fr_FR","og_type":"article","og_title":"Accueil | Initiative Science pour le Bassin du Congo","og_description":"Un vaste r\u00e9seau de scientifiques, dirig\u00e9 par ceux de la r\u00e9gion, cherche \u00e0 am\u00e9liorer notre compr\u00e9hension de la deuxi\u00e8me plus grande for\u00eat tropicale du monde.","og_url":"https:\/\/congobasinscience.net\/fr\/","og_site_name":"Initiative Science pour le Bassin du Congo","article_modified_time":"2025-10-30T12:10:45+00:00","og_image":[{"width":1920,"height":1279,"url":"https:\/\/congobasinscience.net\/wp-content\/uploads\/sites\/147\/2023\/10\/CBSI-2.jpg","type":"image\/jpeg"}],"twitter_card":"summary_large_image","twitter_misc":{"Dur\u00e9e de lecture estim\u00e9e":"2 minutes"},"schema":{"@context":"https:\/\/schema.org","@graph":[{"@type":"WebPage","@id":"https:\/\/congobasinscience.net\/fr\/","url":"https:\/\/congobasinscience.net\/fr\/","name":"Accueil | Initiative Science pour le Bassin du Congo","isPartOf":{"@id":"https:\/\/congobasinscience.net\/fr\/#website"},"primaryImageOfPage":{"@id":"https:\/\/congobasinscience.net\/fr\/#primaryimage"},"image":{"@id":"https:\/\/congobasinscience.net\/fr\/#primaryimage"},"thumbnailUrl":"https:\/\/congobasinscience.net\/wp-content\/uploads\/sites\/147\/2023\/10\/CBSI-2.jpg","datePublished":"2023-10-12T21:37:48+00:00","dateModified":"2025-10-30T12:10:45+00:00","description":"Un vaste r\u00e9seau de scientifiques, dirig\u00e9 par ceux de la r\u00e9gion, cherche \u00e0 am\u00e9liorer notre compr\u00e9hension de la deuxi\u00e8me plus grande for\u00eat tropicale du monde.","breadcrumb":{"@id":"https:\/\/congobasinscience.net\/fr\/#breadcrumb"},"inLanguage":"fr-FR","potentialAction":[{"@type":"ReadAction","target":["https:\/\/congobasinscience.net\/fr\/"]}]},{"@type":"ImageObject","inLanguage":"fr-FR","@id":"https:\/\/congobasinscience.net\/fr\/#primaryimage","url":"https:\/\/congobasinscience.net\/wp-content\/uploads\/sites\/147\/2023\/10\/CBSI-2.jpg","contentUrl":"https:\/\/congobasinscience.net\/wp-content\/uploads\/sites\/147\/2023\/10\/CBSI-2.jpg","width":1920,"height":1279,"caption":"Cr\u00e9dit image : Fiston Wasanga HQ\/CongoFlux"},{"@type":"BreadcrumbList","@id":"https:\/\/congobasinscience.net\/fr\/#breadcrumb","itemListElement":[{"@type":"ListItem","position":1,"name":"Home","item":"https:\/\/congobasinscience.net\/fr\/"},{"@type":"ListItem","position":2,"name":"Accueil"}]},{"@type":"WebSite","@id":"https:\/\/congobasinscience.net\/fr\/#website","url":"https:\/\/congobasinscience.net\/fr\/","name":"Initiative Science pour le Bassin du Congo","description":"","publisher":{"@id":"https:\/\/congobasinscience.net\/fr\/#organization"},"alternateName":"CBSI","potentialAction":[{"@type":"SearchAction","target":{"@type":"EntryPoint","urlTemplate":"https:\/\/congobasinscience.net\/fr\/?s={search_term_string}"},"query-input":{"@type":"PropertyValueSpecification","valueRequired":true,"valueName":"search_term_string"}}],"inLanguage":"fr-FR"},{"@type":"Organization","@id":"https:\/\/congobasinscience.net\/fr\/#organization","name":"Initiative Science pour le Bassin du Congo","alternateName":"CBSI","url":"https:\/\/congobasinscience.net\/fr\/","logo":{"@type":"ImageObject","inLanguage":"fr-FR","@id":"https:\/\/congobasinscience.net\/fr\/#\/schema\/logo\/image\/","url":"https:\/\/congobasinscience.net\/wp-content\/uploads\/sites\/147\/2023\/10\/cbsi_logo_FR_white.svg","contentUrl":"https:\/\/congobasinscience.net\/wp-content\/uploads\/sites\/147\/2023\/10\/cbsi_logo_FR_white.svg","width":574,"height":163,"caption":"Initiative Science pour le Bassin du Congo"},"image":{"@id":"https:\/\/congobasinscience.net\/fr\/#\/schema\/logo\/image\/"}}]}},"_links":{"self":[{"href":"https:\/\/congobasinscience.net\/fr\/wp-json\/wp\/v2\/pages\/5307","targetHints":{"allow":["GET"]}}],"collection":[{"href":"https:\/\/congobasinscience.net\/fr\/wp-json\/wp\/v2\/pages"}],"about":[{"href":"https:\/\/congobasinscience.net\/fr\/wp-json\/wp\/v2\/types\/page"}],"author":[{"embeddable":true,"href":"https:\/\/congobasinscience.net\/fr\/wp-json\/wp\/v2\/users\/1064"}],"replies":[{"embeddable":true,"href":"https:\/\/congobasinscience.net\/fr\/wp-json\/wp\/v2\/comments?post=5307"}],"version-history":[{"count":0,"href":"https:\/\/congobasinscience.net\/fr\/wp-json\/wp\/v2\/pages\/5307\/revisions"}],"wp:featuredmedia":[{"embeddable":true,"href":"https:\/\/congobasinscience.net\/fr\/wp-json\/wp\/v2\/media\/4850"}],"wp:attachment":[{"href":"https:\/\/congobasinscience.net\/fr\/wp-json\/wp\/v2\/media?parent=5307"}],"curies":[{"name":"wp","href":"https:\/\/api.w.org\/{rel}","templated":true}]}}