
{"id":5278,"date":"2020-12-07T18:06:07","date_gmt":"2020-12-07T18:06:07","guid":{"rendered":"https:\/\/congobasinscience.net\/contactez-nous\/"},"modified":"2023-10-26T10:15:09","modified_gmt":"2023-10-26T09:15:09","slug":"contactez-nous","status":"publish","type":"page","link":"https:\/\/congobasinscience.net\/fr\/a-propos\/contactez-nous\/","title":{"rendered":"Contact"},"content":{"rendered":"\n<h2 class=\"wp-block-heading\">Secr\u00e9tariat du CBSI<\/h2>\n<div class=\"gb-container gb-container-5dfde246\">\n<div class=\"gb-container gb-container-16df20a7\">\n\n<p>E-mail de contact :<\/p>\n\n\n\n<p><a href=\"mailto:info@CongoBasinScience.net\"><strong>info@congobasinscience.net<\/strong><\/a><\/p>\n\n\n\n<p class=\"gb-headline gb-headline-8e717462 gb-headline-text\">Adresse postale :<\/p>\n\n\n\n<p class=\"gb-headline gb-headline-86789159 gb-headline-text\">Initiative Science pour le Bassin du Congo<\/p>\n\n\n\n<p class=\"gb-headline gb-headline-1825b5e0 gb-headline-text\"><em>a\/s de Centre de Recherche en Ressources en Eau du Bassin du Congo (CRREBaC)<\/em><\/p>\n\n\n\n<p class=\"gb-headline gb-headline-2298e32d gb-headline-text\">D\u00e9partement de Gestion des Ressources Naturelles<\/p>\n\n\n\n<p class=\"gb-headline gb-headline-c5bb44be gb-headline-text\">Universit\u00e9 de Kinshasa<\/p>\n\n\n\n<p class=\"gb-headline gb-headline-dee3b235 gb-headline-text\">B\u00e2timent FOGRN BC<\/p>\n\n\n\n<p class=\"gb-headline gb-headline-160408a7 gb-headline-text\">Kinshasa<\/p>\n\n\n\n<p class=\"gb-headline gb-headline-f08f69cc gb-headline-text\">R\u00e9publique D\u00e9mocratique du Congo<\/p>\n\n<\/div>\n\n<div class=\"gb-container gb-container-0dd9982c\">\n\n<div class=\"wp-block-contact-form-7-contact-form-selector\"><p class=\"wpcf7-contact-form-not-found\"><strong>Erreur\u00a0:<\/strong> Formulaire de contact non trouv\u00e9\u00a0!<\/p><\/div>\n\n<\/div>\n<\/div>","protected":false},"excerpt":{"rendered":"<p>Secr\u00e9tariat du CBSI E-mail de contact : info@congobasinscience.net Adresse postale : Initiative Science pour le Bassin du Congo a\/s de Centre de Recherche en Ressources en Eau du Bassin du Congo (CRREBaC) D\u00e9partement de Gestion des Ressources Naturelles Universit\u00e9 de Kinshasa B\u00e2timent FOGRN BC Kinshasa R\u00e9publique D\u00e9mocratique du Congo<\/p>\n","protected":false},"author":1064,"featured_media":5011,"parent":5336,"menu_order":999,"comment_status":"closed","ping_status":"closed","template":"","meta":{"_acf_changed":false,"inline_featured_image":false,"footnotes":""},"class_list":["post-5278","page","type-page","status-publish","has-post-thumbnail"],"acf":[],"yoast_head":"<title>Contact | Initiative Science pour le Bassin du Congo<\/title>\n<meta name=\"description\" content=\"Contactez le Secr\u00e9tariat de l&#039;Initiative Science pour le Bassin du Congo pour toute question ou communication concernant les activit\u00e9s et les objectifs de l&#039;initiative en mati\u00e8re de promotion de la science, de la recherche et du d\u00e9veloppement durable dans le bassin du Congo.\" \/>\n<meta name=\"robots\" content=\"index, follow, max-snippet:-1, max-image-preview:large, max-video-preview:-1\" \/>\n<link rel=\"canonical\" href=\"https:\/\/congobasinscience.net\/fr\/a-propos\/contactez-nous\/\" \/>\n<meta property=\"og:locale\" content=\"fr_FR\" \/>\n<meta property=\"og:type\" content=\"article\" \/>\n<meta property=\"og:title\" content=\"Contact | Initiative Science pour le Bassin du Congo\" \/>\n<meta property=\"og:description\" content=\"Contactez le Secr\u00e9tariat de l&#039;Initiative Science pour le Bassin du Congo pour toute question ou communication concernant les activit\u00e9s et les objectifs de l&#039;initiative en mati\u00e8re de promotion de la science, de la recherche et du d\u00e9veloppement durable dans le bassin du Congo.\" \/>\n<meta property=\"og:url\" content=\"https:\/\/congobasinscience.net\/fr\/a-propos\/contactez-nous\/\" \/>\n<meta property=\"og:site_name\" content=\"Initiative Science pour le Bassin du Congo\" \/>\n<meta property=\"article:modified_time\" content=\"2023-10-26T09:15:09+00:00\" \/>\n<meta property=\"og:image\" content=\"https:\/\/congobasinscience.net\/wp-content\/uploads\/sites\/147\/2023\/10\/cbsi_home_5.jpg\" \/>\n\t<meta property=\"og:image:width\" content=\"1920\" \/>\n\t<meta property=\"og:image:height\" content=\"1280\" \/>\n\t<meta property=\"og:image:type\" content=\"image\/jpeg\" \/>\n<meta name=\"twitter:card\" content=\"summary_large_image\" \/>\n<script type=\"application\/ld+json\" class=\"yoast-schema-graph\">{\"@context\":\"https:\\\/\\\/schema.org\",\"@graph\":[{\"@type\":\"WebPage\",\"@id\":\"https:\\\/\\\/congobasinscience.net\\\/fr\\\/a-propos\\\/contactez-nous\\\/\",\"url\":\"https:\\\/\\\/congobasinscience.net\\\/fr\\\/a-propos\\\/contactez-nous\\\/\",\"name\":\"Contact | Initiative Science pour le Bassin du Congo\",\"isPartOf\":{\"@id\":\"https:\\\/\\\/congobasinscience.net\\\/fr\\\/#website\"},\"primaryImageOfPage\":{\"@id\":\"https:\\\/\\\/congobasinscience.net\\\/fr\\\/a-propos\\\/contactez-nous\\\/#primaryimage\"},\"image\":{\"@id\":\"https:\\\/\\\/congobasinscience.net\\\/fr\\\/a-propos\\\/contactez-nous\\\/#primaryimage\"},\"thumbnailUrl\":\"https:\\\/\\\/congobasinscience.net\\\/wp-content\\\/uploads\\\/sites\\\/147\\\/2023\\\/10\\\/cbsi_home_5.jpg\",\"datePublished\":\"2020-12-07T18:06:07+00:00\",\"dateModified\":\"2023-10-26T09:15:09+00:00\",\"description\":\"Contactez le Secr\u00e9tariat de l'Initiative Science pour le Bassin du Congo pour toute question ou communication concernant les activit\u00e9s et les objectifs de l'initiative en mati\u00e8re de promotion de la science, de la recherche et du d\u00e9veloppement durable dans le bassin du Congo.\",\"breadcrumb\":{\"@id\":\"https:\\\/\\\/congobasinscience.net\\\/fr\\\/a-propos\\\/contactez-nous\\\/#breadcrumb\"},\"inLanguage\":\"fr-FR\",\"potentialAction\":[{\"@type\":\"ReadAction\",\"target\":[\"https:\\\/\\\/congobasinscience.net\\\/fr\\\/a-propos\\\/contactez-nous\\\/\"]}]},{\"@type\":\"ImageObject\",\"inLanguage\":\"fr-FR\",\"@id\":\"https:\\\/\\\/congobasinscience.net\\\/fr\\\/a-propos\\\/contactez-nous\\\/#primaryimage\",\"url\":\"https:\\\/\\\/congobasinscience.net\\\/wp-content\\\/uploads\\\/sites\\\/147\\\/2023\\\/10\\\/cbsi_home_5.jpg\",\"contentUrl\":\"https:\\\/\\\/congobasinscience.net\\\/wp-content\\\/uploads\\\/sites\\\/147\\\/2023\\\/10\\\/cbsi_home_5.jpg\",\"width\":1920,\"height\":1280,\"caption\":\"Photo credit: Molly Bergen.\"},{\"@type\":\"BreadcrumbList\",\"@id\":\"https:\\\/\\\/congobasinscience.net\\\/fr\\\/a-propos\\\/contactez-nous\\\/#breadcrumb\",\"itemListElement\":[{\"@type\":\"ListItem\",\"position\":1,\"name\":\"Home\",\"item\":\"https:\\\/\\\/congobasinscience.net\\\/fr\\\/\"},{\"@type\":\"ListItem\",\"position\":2,\"name\":\"\u00c0 propos\",\"item\":\"https:\\\/\\\/congobasinscience.net\\\/fr\\\/about\\\/\"},{\"@type\":\"ListItem\",\"position\":3,\"name\":\"Contact\"}]},{\"@type\":\"WebSite\",\"@id\":\"https:\\\/\\\/congobasinscience.net\\\/fr\\\/#website\",\"url\":\"https:\\\/\\\/congobasinscience.net\\\/fr\\\/\",\"name\":\"Initiative Science pour le Bassin du Congo\",\"description\":\"\",\"publisher\":{\"@id\":\"https:\\\/\\\/congobasinscience.net\\\/fr\\\/#organization\"},\"alternateName\":\"CBSI\",\"potentialAction\":[{\"@type\":\"SearchAction\",\"target\":{\"@type\":\"EntryPoint\",\"urlTemplate\":\"https:\\\/\\\/congobasinscience.net\\\/fr\\\/?s={search_term_string}\"},\"query-input\":{\"@type\":\"PropertyValueSpecification\",\"valueRequired\":true,\"valueName\":\"search_term_string\"}}],\"inLanguage\":\"fr-FR\"},{\"@type\":\"Organization\",\"@id\":\"https:\\\/\\\/congobasinscience.net\\\/fr\\\/#organization\",\"name\":\"Initiative Science pour le Bassin du Congo\",\"alternateName\":\"CBSI\",\"url\":\"https:\\\/\\\/congobasinscience.net\\\/fr\\\/\",\"logo\":{\"@type\":\"ImageObject\",\"inLanguage\":\"fr-FR\",\"@id\":\"https:\\\/\\\/congobasinscience.net\\\/fr\\\/#\\\/schema\\\/logo\\\/image\\\/\",\"url\":\"https:\\\/\\\/congobasinscience.net\\\/wp-content\\\/uploads\\\/sites\\\/147\\\/2023\\\/10\\\/cbsi_logo_FR_white.svg\",\"contentUrl\":\"https:\\\/\\\/congobasinscience.net\\\/wp-content\\\/uploads\\\/sites\\\/147\\\/2023\\\/10\\\/cbsi_logo_FR_white.svg\",\"width\":574,\"height\":163,\"caption\":\"Initiative Science pour le Bassin du Congo\"},\"image\":{\"@id\":\"https:\\\/\\\/congobasinscience.net\\\/fr\\\/#\\\/schema\\\/logo\\\/image\\\/\"}}]}<\/script>","yoast_head_json":{"title":"Contact | Initiative Science pour le Bassin du Congo","description":"Contactez le Secr\u00e9tariat de l'Initiative Science pour le Bassin du Congo pour toute question ou communication concernant les activit\u00e9s et les objectifs de l'initiative en mati\u00e8re de promotion de la science, de la recherche et du d\u00e9veloppement durable dans le bassin du Congo.","robots":{"index":"index","follow":"follow","max-snippet":"max-snippet:-1","max-image-preview":"max-image-preview:large","max-video-preview":"max-video-preview:-1"},"canonical":"https:\/\/congobasinscience.net\/fr\/a-propos\/contactez-nous\/","og_locale":"fr_FR","og_type":"article","og_title":"Contact | Initiative Science pour le Bassin du Congo","og_description":"Contactez le Secr\u00e9tariat de l'Initiative Science pour le Bassin du Congo pour toute question ou communication concernant les activit\u00e9s et les objectifs de l'initiative en mati\u00e8re de promotion de la science, de la recherche et du d\u00e9veloppement durable dans le bassin du Congo.","og_url":"https:\/\/congobasinscience.net\/fr\/a-propos\/contactez-nous\/","og_site_name":"Initiative Science pour le Bassin du Congo","article_modified_time":"2023-10-26T09:15:09+00:00","og_image":[{"width":1920,"height":1280,"url":"https:\/\/congobasinscience.net\/wp-content\/uploads\/sites\/147\/2023\/10\/cbsi_home_5.jpg","type":"image\/jpeg"}],"twitter_card":"summary_large_image","schema":{"@context":"https:\/\/schema.org","@graph":[{"@type":"WebPage","@id":"https:\/\/congobasinscience.net\/fr\/a-propos\/contactez-nous\/","url":"https:\/\/congobasinscience.net\/fr\/a-propos\/contactez-nous\/","name":"Contact | Initiative Science pour le Bassin du Congo","isPartOf":{"@id":"https:\/\/congobasinscience.net\/fr\/#website"},"primaryImageOfPage":{"@id":"https:\/\/congobasinscience.net\/fr\/a-propos\/contactez-nous\/#primaryimage"},"image":{"@id":"https:\/\/congobasinscience.net\/fr\/a-propos\/contactez-nous\/#primaryimage"},"thumbnailUrl":"https:\/\/congobasinscience.net\/wp-content\/uploads\/sites\/147\/2023\/10\/cbsi_home_5.jpg","datePublished":"2020-12-07T18:06:07+00:00","dateModified":"2023-10-26T09:15:09+00:00","description":"Contactez le Secr\u00e9tariat de l'Initiative Science pour le Bassin du Congo pour toute question ou communication concernant les activit\u00e9s et les objectifs de l'initiative en mati\u00e8re de promotion de la science, de la recherche et du d\u00e9veloppement durable dans le bassin du Congo.","breadcrumb":{"@id":"https:\/\/congobasinscience.net\/fr\/a-propos\/contactez-nous\/#breadcrumb"},"inLanguage":"fr-FR","potentialAction":[{"@type":"ReadAction","target":["https:\/\/congobasinscience.net\/fr\/a-propos\/contactez-nous\/"]}]},{"@type":"ImageObject","inLanguage":"fr-FR","@id":"https:\/\/congobasinscience.net\/fr\/a-propos\/contactez-nous\/#primaryimage","url":"https:\/\/congobasinscience.net\/wp-content\/uploads\/sites\/147\/2023\/10\/cbsi_home_5.jpg","contentUrl":"https:\/\/congobasinscience.net\/wp-content\/uploads\/sites\/147\/2023\/10\/cbsi_home_5.jpg","width":1920,"height":1280,"caption":"Photo credit: Molly Bergen."},{"@type":"BreadcrumbList","@id":"https:\/\/congobasinscience.net\/fr\/a-propos\/contactez-nous\/#breadcrumb","itemListElement":[{"@type":"ListItem","position":1,"name":"Home","item":"https:\/\/congobasinscience.net\/fr\/"},{"@type":"ListItem","position":2,"name":"\u00c0 propos","item":"https:\/\/congobasinscience.net\/fr\/about\/"},{"@type":"ListItem","position":3,"name":"Contact"}]},{"@type":"WebSite","@id":"https:\/\/congobasinscience.net\/fr\/#website","url":"https:\/\/congobasinscience.net\/fr\/","name":"Initiative Science pour le Bassin du Congo","description":"","publisher":{"@id":"https:\/\/congobasinscience.net\/fr\/#organization"},"alternateName":"CBSI","potentialAction":[{"@type":"SearchAction","target":{"@type":"EntryPoint","urlTemplate":"https:\/\/congobasinscience.net\/fr\/?s={search_term_string}"},"query-input":{"@type":"PropertyValueSpecification","valueRequired":true,"valueName":"search_term_string"}}],"inLanguage":"fr-FR"},{"@type":"Organization","@id":"https:\/\/congobasinscience.net\/fr\/#organization","name":"Initiative Science pour le Bassin du Congo","alternateName":"CBSI","url":"https:\/\/congobasinscience.net\/fr\/","logo":{"@type":"ImageObject","inLanguage":"fr-FR","@id":"https:\/\/congobasinscience.net\/fr\/#\/schema\/logo\/image\/","url":"https:\/\/congobasinscience.net\/wp-content\/uploads\/sites\/147\/2023\/10\/cbsi_logo_FR_white.svg","contentUrl":"https:\/\/congobasinscience.net\/wp-content\/uploads\/sites\/147\/2023\/10\/cbsi_logo_FR_white.svg","width":574,"height":163,"caption":"Initiative Science pour le Bassin du Congo"},"image":{"@id":"https:\/\/congobasinscience.net\/fr\/#\/schema\/logo\/image\/"}}]}},"_links":{"self":[{"href":"https:\/\/congobasinscience.net\/fr\/wp-json\/wp\/v2\/pages\/5278","targetHints":{"allow":["GET"]}}],"collection":[{"href":"https:\/\/congobasinscience.net\/fr\/wp-json\/wp\/v2\/pages"}],"about":[{"href":"https:\/\/congobasinscience.net\/fr\/wp-json\/wp\/v2\/types\/page"}],"author":[{"embeddable":true,"href":"https:\/\/congobasinscience.net\/fr\/wp-json\/wp\/v2\/users\/1064"}],"replies":[{"embeddable":true,"href":"https:\/\/congobasinscience.net\/fr\/wp-json\/wp\/v2\/comments?post=5278"}],"version-history":[{"count":0,"href":"https:\/\/congobasinscience.net\/fr\/wp-json\/wp\/v2\/pages\/5278\/revisions"}],"up":[{"embeddable":true,"href":"https:\/\/congobasinscience.net\/fr\/wp-json\/wp\/v2\/pages\/5336"}],"wp:featuredmedia":[{"embeddable":true,"href":"https:\/\/congobasinscience.net\/fr\/wp-json\/wp\/v2\/media\/5011"}],"wp:attachment":[{"href":"https:\/\/congobasinscience.net\/fr\/wp-json\/wp\/v2\/media?parent=5278"}],"curies":[{"name":"wp","href":"https:\/\/api.w.org\/{rel}","templated":true}]}}